{"id":775,"date":"2024-06-15T00:47:39","date_gmt":"2024-06-14T22:47:39","guid":{"rendered":"https:\/\/skawinanaukajazdy.pl\/?page_id=775"},"modified":"2024-06-15T00:47:40","modified_gmt":"2024-06-14T22:47:40","slug":"osk-ala-i-as","status":"publish","type":"page","link":"https:\/\/skawinanaukajazdy.pl\/pl\/osk-ala-i-as\/","title":{"rendered":"Dlaczego Ala i As"},"content":{"rendered":"<h2>OSK Ala i As &#8211; Skawina<\/h2>\n<p>OSK Ala i As &#8211; szko\u0142a nauki jazdy istnieje od 2010 roku w Skawinie.<\/p>\n<p>Organizujemy kursy nauki jazdy kategorii B. Szkolenie prowadzone jest na samochodzie Hyundai i20, takim samym jaki jest u\u017cywany na egzaminach w O\u015brodku egzaminacyjnym w Krakowie.<\/p>\n<p><a href=\"https:\/\/ml4evcqfigri.i.optimole.com\/w:auto\/h:auto\/q:mauto\/g:sm\/f:best\/http:\/\/skawinanaukajazdy.pl\/wp-content\/uploads\/2017\/03\/Znaki.png\"><img data-opt-id=2057638730  fetchpriority=\"high\" decoding=\"async\" data-attachment-id=\"242\" data-permalink=\"https:\/\/skawinanaukajazdy.pl\/pl\/znaki\/\" data-orig-file=\"https:\/\/ml4evcqfigri.i.optimole.com\/w:auto\/h:auto\/q:mauto\/g:sm\/f:best\/https:\/\/skawinanaukajazdy.pl\/wp-content\/uploads\/2017\/03\/Znaki.png\" data-orig-size=\"400,340\" data-comments-opened=\"1\" data-image-meta=\"{&quot;aperture&quot;:&quot;0&quot;,&quot;credit&quot;:&quot;&quot;,&quot;camera&quot;:&quot;&quot;,&quot;caption&quot;:&quot;&quot;,&quot;created_timestamp&quot;:&quot;0&quot;,&quot;copyright&quot;:&quot;&quot;,&quot;focal_length&quot;:&quot;0&quot;,&quot;iso&quot;:&quot;0&quot;,&quot;shutter_speed&quot;:&quot;0&quot;,&quot;title&quot;:&quot;&quot;,&quot;orientation&quot;:&quot;0&quot;}\" data-image-title=\"Znaki\" data-image-description=\"\" data-image-caption=\"\" data-large-file=\"https:\/\/ml4evcqfigri.i.optimole.com\/w:auto\/h:auto\/q:mauto\/g:sm\/f:best\/https:\/\/skawinanaukajazdy.pl\/wp-content\/uploads\/2017\/03\/Znaki.png\" class=\"alignleft wp-image-242 size-thumbnail\" src=\"https:\/\/ml4evcqfigri.i.optimole.com\/w:150\/h:150\/q:mauto\/rt:fill\/g:sm\/f:best\/http:\/\/skawinanaukajazdy.pl\/wp-content\/uploads\/2017\/03\/Znaki.png\" alt=\"OSK Ala i As - szko\u0142a nauki jazdy w Skawinie\" width=\"150\" height=\"150\" \/><\/a><\/p>\n<p>Gdy zastanawiacie si\u0119 nad wyborem o\u015brodka szkolenia, w kt\u00f3rym b\u0119dziecie uczy\u0107 si\u0119 je\u017adzi\u0107, czytacie w internecie opinie o szko\u0142ach nauki jazdy, przegl\u0105dacie promocje ale przede wszystkim patrzycie na <a href=\"https:\/\/skawinanaukajazdy.pl\/oferta\/kurs-podstawowy\/\">CEN\u0118<\/a> i co w tej cenie si\u0119 zawiera.<\/p>\n<p>Wszyscy w\u0142a\u015bciciele o\u015brodk\u00f3w szkolenia oferuj\u0105 bardzo podobne udogodnienia &#8211; pomoc w PKK, materia\u0142y szkoleniowe, badania lekarskie, elastyczne grafiki zaj\u0119\u0107 itp. Ale najwa\u017cniejsz\u0105 warto\u015bci\u0105 szko\u0142y jest to<\/p>\n<p><strong>ILE KOSZTUJE REALNIE PRZYGOTOWANIE DO EGZAMINU!<\/strong><\/p>\n<p>Obowi\u0105zkowych godzin praktyki na kursie na prawo jazdy jest 30.<\/p>\n<p>Potem nast\u0119puje przerwa w oczekiwaniu na pa\u0144stwowy egzamin praktyczny.<\/p>\n<p>Nast\u0119pnie potrzebujecie wykupi\u0107 min 2 godz jazd dodatkowych, \u017ceby przygotowa\u0107 si\u0119 na egzamin.<\/p>\n<p>Razem to jest minimum 32 godziny jazd.<\/p>\n<p><a href=\"https:\/\/ml4evcqfigri.i.optimole.com\/w:auto\/h:auto\/q:mauto\/g:sm\/f:best\/http:\/\/skawinanaukajazdy.pl\/wp-content\/uploads\/2017\/04\/Realna-cena-kursu.png\"><img data-opt-id=723523349  fetchpriority=\"high\" decoding=\"async\" data-attachment-id=\"522\" data-permalink=\"https:\/\/skawinanaukajazdy.pl\/pl\/realna-cena-kursu\/\" data-orig-file=\"https:\/\/ml4evcqfigri.i.optimole.com\/w:auto\/h:auto\/q:mauto\/g:sm\/f:best\/https:\/\/skawinanaukajazdy.pl\/wp-content\/uploads\/2017\/04\/Realna-cena-kursu.png\" data-orig-size=\"1775,2583\" data-comments-opened=\"1\" data-image-meta=\"{&quot;aperture&quot;:&quot;0&quot;,&quot;credit&quot;:&quot;&quot;,&quot;camera&quot;:&quot;&quot;,&quot;caption&quot;:&quot;&quot;,&quot;created_timestamp&quot;:&quot;0&quot;,&quot;copyright&quot;:&quot;&quot;,&quot;focal_length&quot;:&quot;0&quot;,&quot;iso&quot;:&quot;0&quot;,&quot;shutter_speed&quot;:&quot;0&quot;,&quot;title&quot;:&quot;&quot;,&quot;orientation&quot;:&quot;0&quot;}\" data-image-title=\"Realna cena kursu\" data-image-description=\"\" data-image-caption=\"\" data-large-file=\"https:\/\/ml4evcqfigri.i.optimole.com\/w:704\/h:1024\/q:mauto\/g:sm\/f:best\/https:\/\/skawinanaukajazdy.pl\/wp-content\/uploads\/2017\/04\/Realna-cena-kursu.png\" class=\"alignleft size-thumbnail wp-image-522\" src=\"https:\/\/ml4evcqfigri.i.optimole.com\/w:150\/h:150\/q:mauto\/rt:fill\/g:sm\/f:best\/http:\/\/skawinanaukajazdy.pl\/wp-content\/uploads\/2017\/04\/Realna-cena-kursu.png\" alt=\"Ala i As - szko\u0142a nauki jazdy\" width=\"150\" height=\"150\" \/><\/a><\/p>\n<p><strong>OFERUJEMY 33 GODZINY JAZD PRAKTYCZNYCH W CENIE KURSU.<\/strong><\/p>\n<p><strong>30 GODZ JAKO JAZDY OBOWI\u0104ZKOWE <\/strong><\/p>\n<p><strong>3 GODZ JAKO JAZDY PRZED EGZAMINEM<\/strong><\/p>\n<p>P\u0142aci si\u0119 tylko za jazdy a teoria i materia\u0142y oraz egzaminy wewn\u0119trzne s\u0105 gratis.<\/p>\n<p><a href=\"https:\/\/ml4evcqfigri.i.optimole.com\/w:auto\/h:auto\/q:mauto\/g:sm\/f:best\/http:\/\/skawinanaukajazdy.pl\/wp-content\/uploads\/2017\/04\/e-learning-2-rodzaje-teorii.jpg\"><img data-opt-id=1243541116  fetchpriority=\"high\" decoding=\"async\" data-attachment-id=\"523\" data-permalink=\"https:\/\/skawinanaukajazdy.pl\/pl\/e-learning-2-rodzaje-teorii\/\" data-orig-file=\"https:\/\/ml4evcqfigri.i.optimole.com\/w:auto\/h:auto\/q:mauto\/g:sm\/f:best\/https:\/\/skawinanaukajazdy.pl\/wp-content\/uploads\/2017\/04\/e-learning-2-rodzaje-teorii.jpg\" data-orig-size=\"300,300\" data-comments-opened=\"1\" data-image-meta=\"{&quot;aperture&quot;:&quot;0&quot;,&quot;credit&quot;:&quot;&quot;,&quot;camera&quot;:&quot;&quot;,&quot;caption&quot;:&quot;&quot;,&quot;created_timestamp&quot;:&quot;0&quot;,&quot;copyright&quot;:&quot;&quot;,&quot;focal_length&quot;:&quot;0&quot;,&quot;iso&quot;:&quot;0&quot;,&quot;shutter_speed&quot;:&quot;0&quot;,&quot;title&quot;:&quot;&quot;,&quot;orientation&quot;:&quot;0&quot;}\" data-image-title=\"e-learning-dwa rodzaje teorii\" data-image-description=\"\" data-image-caption=\"\" data-large-file=\"https:\/\/ml4evcqfigri.i.optimole.com\/w:auto\/h:auto\/q:mauto\/g:sm\/f:best\/https:\/\/skawinanaukajazdy.pl\/wp-content\/uploads\/2017\/04\/e-learning-2-rodzaje-teorii.jpg\" class=\"alignleft wp-image-523 size-thumbnail\" src=\"https:\/\/ml4evcqfigri.i.optimole.com\/w:150\/h:150\/q:mauto\/rt:fill\/g:sm\/f:best\/http:\/\/skawinanaukajazdy.pl\/wp-content\/uploads\/2017\/04\/e-learning-2-rodzaje-teorii.jpg\" alt=\"OSK Ala i As nauka jazdy prawo jazdy skawina\" width=\"150\" height=\"150\" srcset=\"https:\/\/ml4evcqfigri.i.optimole.com\/w:150\/h:150\/q:mauto\/rt:fill\/g:sm\/f:best\/https:\/\/skawinanaukajazdy.pl\/wp-content\/uploads\/2017\/04\/e-learning-2-rodzaje-teorii.jpg 150w, https:\/\/ml4evcqfigri.i.optimole.com\/w:300\/h:300\/q:mauto\/rt:fill\/g:sm\/f:best\/https:\/\/skawinanaukajazdy.pl\/wp-content\/uploads\/2017\/04\/e-learning-2-rodzaje-teorii.jpg 300w\" sizes=\"(max-width: 150px) 100vw, 150px\" \/><\/a><\/p>\n<p>Stosujemy dwa rodzaje szkolenia teoretycznego<\/p>\n<ul>\n<li>tradycyjne wyk\u0142ady<\/p>\n<\/li>\n<li>dost\u0119p do platformy edukacyjnej, na kt\u00f3rej uczymy si\u0119 teorii w formie e-learningu.<\/p>\n<\/li>\n<\/ul>\n<p>Dost\u0119p do takiej platformy kursant otrzymuje od naszego O\u015brodka, w kt\u00f3rym po zdaniu egzaminu teoretycznego pa\u0144stwowego, kontynuuje nauk\u0119 praktyki.<\/p>\n<blockquote><p>\n  Terminy zaj\u0119\u0107 zawsze staramy si\u0119 dostosowa\u0107 do wolnych termin\u00f3w kursant\u00f3w.<\/p>\n<p>  <span>Zaj\u0119cia teoretyczne s\u0105 prowadzone co najmniej dwa razy w tygodniu po 3 godziny lekcyjne (po 45 min).<\/span><\/p>\n<p>  Wyk\u0142ady mog\u0105 by\u0107 r\u00f3wnie\u017c przeprowadzone w systemie weekendowym.<\/p>\n<p>  Istnieje mo\u017cliwo\u015b\u0107 ekspresowego uko\u0144czenia teorii lecz wymaga to porozumienia wszystkich kursant\u00f3w w grupie.\n<\/p><\/blockquote>\n<p>OSK Ala i As zaprasza do wzi\u0119cia udzia\u0142u w kursach nauki jazdy, na kt\u00f3rych zdob\u0119dziesz i wiedz\u0119 i umiej\u0119tno\u015bci w spos\u00f3b profesjonalny i przede wszystkim bez stresu.<\/p>\n<p>Zbyszek Knapik<\/p>\n<p>Instruktor Wyk\u0142adowca<\/p>\n","protected":false},"excerpt":{"rendered":"<p>OSK Ala i As &#8211; Skawina OSK Ala i As &#8211; szko\u0142a nauki jazdy istnieje od 2010 roku w Skawinie. Organizujemy kursy nauki jazdy kategorii B. Szkolenie prowadzone jest na samochodzie Hyundai i20, takim samym jaki jest u\u017cywany na egzaminach w O\u015brodku egzaminacyjnym w Krakowie. Gdy zastanawiacie si\u0119 nad wyborem [&hellip;]<\/p>\n","protected":false},"author":1,"featured_media":0,"parent":0,"menu_order":0,"comment_status":"closed","ping_status":"closed","template":"","meta":{"_themeisle_gutenberg_block_has_review":false,"two_page_speed":{"previous_score":{"desktop_score":97,"desktop_tti":"0.8\u00a0","mobile_score":75,"mobile_tti":"3.9\u00a0","date":"04.08.2024 11:06:31 pm","status":"completed"}},"footnotes":""},"class_list":["post-775","page","type-page","status-publish","hentry"],"yoast_head":"<!-- This site is optimized with the Yoast SEO plugin v27.5 - https:\/\/yoast.com\/product\/yoast-seo-wordpress\/ -->\n<title>Dlaczego Ala i As - Prawo jazdy Skawina<\/title>\n<meta name=\"description\" content=\"OSK Ala i As, ZAPRASZAM NA NAJBLI\u017bSZY KURS NAUKI JAZDY - spotkanie godz. 16.00 Skawina ul.Torowa 8, BADANIA LEKARSKIE NA SPOTKANIU ORGANIZACYJNYM\" \/>\n<meta name=\"robots\" content=\"index, follow, max-snippet:-1, max-image-preview:large, max-video-preview:-1\" \/>\n<link rel=\"canonical\" href=\"https:\/\/skawinanaukajazdy.pl\/pl\/osk-ala-i-as\/\" \/>\n<meta property=\"og:locale\" content=\"pl_PL\" \/>\n<meta property=\"og:type\" content=\"article\" \/>\n<meta property=\"og:title\" content=\"Dlaczego Ala i As - Prawo jazdy Skawina\" \/>\n<meta property=\"og:description\" content=\"OSK Ala i As, ZAPRASZAM NA NAJBLI\u017bSZY KURS NAUKI JAZDY - spotkanie godz. 16.00 Skawina ul.Torowa 8, BADANIA LEKARSKIE NA SPOTKANIU ORGANIZACYJNYM\" \/>\n<meta property=\"og:url\" content=\"https:\/\/skawinanaukajazdy.pl\/pl\/osk-ala-i-as\/\" \/>\n<meta property=\"og:site_name\" content=\"Prawo jazdy Skawina\" \/>\n<meta property=\"article:publisher\" content=\"http:\/\/facebook.com\/zibiknapik\/\" \/>\n<meta property=\"article:modified_time\" content=\"2024-06-14T22:47:40+00:00\" \/>\n<meta property=\"og:image\" content=\"https:\/\/ml4evcqfigri.i.optimole.com\/w:150\/h:150\/q:mauto\/rt:fill\/g:sm\/f:best\/http:\/\/skawinanaukajazdy.pl\/wp-content\/uploads\/2017\/03\/Znaki.png\" \/>\n<meta name=\"twitter:label1\" content=\"Szacowany czas czytania\" \/>\n\t<meta name=\"twitter:data1\" content=\"3 minuty\" \/>\n<script type=\"application\/ld+json\" class=\"yoast-schema-graph\">{\"@context\":\"https:\\\/\\\/schema.org\",\"@graph\":[{\"@type\":\"WebPage\",\"@id\":\"https:\\\/\\\/skawinanaukajazdy.pl\\\/osk-ala-i-as\\\/\",\"url\":\"https:\\\/\\\/skawinanaukajazdy.pl\\\/osk-ala-i-as\\\/\",\"name\":\"Dlaczego Ala i As - Prawo jazdy Skawina\",\"isPartOf\":{\"@id\":\"https:\\\/\\\/skawinanaukajazdy.pl\\\/#website\"},\"primaryImageOfPage\":{\"@id\":\"https:\\\/\\\/skawinanaukajazdy.pl\\\/osk-ala-i-as\\\/#primaryimage\"},\"image\":{\"@id\":\"https:\\\/\\\/skawinanaukajazdy.pl\\\/osk-ala-i-as\\\/#primaryimage\"},\"thumbnailUrl\":\"http:\\/\\/skawinanaukajazdy.pl\\/wp-content\\/uploads\\/2017\\/03\\/Znaki-150x150.png\",\"datePublished\":\"2024-06-14T22:47:39+00:00\",\"dateModified\":\"2024-06-14T22:47:40+00:00\",\"description\":\"OSK Ala i As, ZAPRASZAM NA NAJBLI\u017bSZY KURS NAUKI JAZDY - spotkanie godz. 16.00 Skawina ul.Torowa 8, BADANIA LEKARSKIE NA SPOTKANIU ORGANIZACYJNYM\",\"breadcrumb\":{\"@id\":\"https:\\\/\\\/skawinanaukajazdy.pl\\\/osk-ala-i-as\\\/#breadcrumb\"},\"inLanguage\":\"pl-PL\",\"potentialAction\":[{\"@type\":\"ReadAction\",\"target\":[\"https:\\\/\\\/skawinanaukajazdy.pl\\\/osk-ala-i-as\\\/\"]}]},{\"@type\":\"ImageObject\",\"inLanguage\":\"pl-PL\",\"@id\":\"https:\\\/\\\/skawinanaukajazdy.pl\\\/osk-ala-i-as\\\/#primaryimage\",\"url\":\"http:\\/\\/skawinanaukajazdy.pl\\/wp-content\\/uploads\\/2017\\/03\\/Znaki-150x150.png\",\"contentUrl\":\"http:\\/\\/skawinanaukajazdy.pl\\/wp-content\\/uploads\\/2017\\/03\\/Znaki-150x150.png\"},{\"@type\":\"BreadcrumbList\",\"@id\":\"https:\\\/\\\/skawinanaukajazdy.pl\\\/osk-ala-i-as\\\/#breadcrumb\",\"itemListElement\":[{\"@type\":\"ListItem\",\"position\":1,\"name\":\"strona g\u0142\u00f3wna\",\"item\":\"https:\\\/\\\/skawinanaukajazdy.pl\\\/\"},{\"@type\":\"ListItem\",\"position\":2,\"name\":\"Dlaczego Ala i As\"}]},{\"@type\":\"WebSite\",\"@id\":\"https:\\\/\\\/skawinanaukajazdy.pl\\\/#website\",\"url\":\"https:\\\/\\\/skawinanaukajazdy.pl\\\/\",\"name\":\"O\u015brodek Szkolenia Kierowc\u00f3w Ala i As\",\"description\":\"OSK Ala i As to jedna z najlepszych szk\u00f3\u0142 nauki jazdy w Skawinie\",\"publisher\":{\"@id\":\"https:\\\/\\\/skawinanaukajazdy.pl\\\/#organization\"},\"potentialAction\":[{\"@type\":\"SearchAction\",\"target\":{\"@type\":\"EntryPoint\",\"urlTemplate\":\"https:\\\/\\\/skawinanaukajazdy.pl\\\/?s={search_term_string}\"},\"query-input\":{\"@type\":\"PropertyValueSpecification\",\"valueRequired\":true,\"valueName\":\"search_term_string\"}}],\"inLanguage\":\"pl-PL\"},{\"@type\":\"Organization\",\"@id\":\"https:\\\/\\\/skawinanaukajazdy.pl\\\/#organization\",\"name\":\"OSK Ala i As Zbigniew Knapik\",\"url\":\"https:\\\/\\\/skawinanaukajazdy.pl\\\/\",\"logo\":{\"@type\":\"ImageObject\",\"inLanguage\":\"pl-PL\",\"@id\":\"https:\\\/\\\/skawinanaukajazdy.pl\\\/#\\\/schema\\\/logo\\\/image\\\/\",\"url\":\"https:\\/\\/skawinanaukajazdy.pl\\/wp-content\\/uploads\\/2021\\/04\\/Ala-i-As-Logo-Nowe_3.png\",\"contentUrl\":\"https:\\/\\/skawinanaukajazdy.pl\\/wp-content\\/uploads\\/2021\\/04\\/Ala-i-As-Logo-Nowe_3.png\",\"width\":1078,\"height\":298,\"caption\":\"OSK Ala i As Zbigniew Knapik\"},\"image\":{\"@id\":\"https:\\\/\\\/skawinanaukajazdy.pl\\\/#\\\/schema\\\/logo\\\/image\\\/\"},\"sameAs\":[\"http:\\\/\\\/facebook.com\\\/zibiknapik\\\/\",\"http:\\\/\\\/instagram.com\\\/osk_alaias\\\/\",\"https:\\\/\\\/www.youtube.com\\\/channel\\\/UC42znC6Fn_295PBwQPnHctg\"]}]}<\/script>\n<!-- \/ Yoast SEO plugin. -->","yoast_head_json":{"title":"Dlaczego Ala i As - Prawo jazdy Skawina","description":"OSK Ala i As, ZAPRASZAM NA NAJBLI\u017bSZY KURS NAUKI JAZDY - spotkanie godz. 16.00 Skawina ul.Torowa 8, BADANIA LEKARSKIE NA SPOTKANIU ORGANIZACYJNYM","robots":{"index":"index","follow":"follow","max-snippet":"max-snippet:-1","max-image-preview":"max-image-preview:large","max-video-preview":"max-video-preview:-1"},"canonical":"https:\/\/skawinanaukajazdy.pl\/pl\/osk-ala-i-as\/","og_locale":"pl_PL","og_type":"article","og_title":"Dlaczego Ala i As - Prawo jazdy Skawina","og_description":"OSK Ala i As, ZAPRASZAM NA NAJBLI\u017bSZY KURS NAUKI JAZDY - spotkanie godz. 16.00 Skawina ul.Torowa 8, BADANIA LEKARSKIE NA SPOTKANIU ORGANIZACYJNYM","og_url":"https:\/\/skawinanaukajazdy.pl\/pl\/osk-ala-i-as\/","og_site_name":"Prawo jazdy Skawina","article_publisher":"http:\/\/facebook.com\/zibiknapik\/","article_modified_time":"2024-06-14T22:47:40+00:00","og_image":[{"url":"https:\/\/ml4evcqfigri.i.optimole.com\/w:150\/h:150\/q:mauto\/rt:fill\/g:sm\/f:best\/http:\/\/skawinanaukajazdy.pl\/wp-content\/uploads\/2017\/03\/Znaki.png","type":"","width":"","height":""}],"twitter_misc":{"Szacowany czas czytania":"3 minuty"},"schema":{"@context":"https:\/\/schema.org","@graph":[{"@type":"WebPage","@id":"https:\/\/skawinanaukajazdy.pl\/osk-ala-i-as\/","url":"https:\/\/skawinanaukajazdy.pl\/osk-ala-i-as\/","name":"Dlaczego Ala i As - Prawo jazdy Skawina","isPartOf":{"@id":"https:\/\/skawinanaukajazdy.pl\/#website"},"primaryImageOfPage":{"@id":"https:\/\/skawinanaukajazdy.pl\/osk-ala-i-as\/#primaryimage"},"image":{"@id":"https:\/\/skawinanaukajazdy.pl\/osk-ala-i-as\/#primaryimage"},"thumbnailUrl":"https:\/\/ml4evcqfigri.i.optimole.com\/w:150\/h:150\/q:mauto\/rt:fill\/g:sm\/f:best\/http:\/\/skawinanaukajazdy.pl\/wp-content\/uploads\/2017\/03\/Znaki.png","datePublished":"2024-06-14T22:47:39+00:00","dateModified":"2024-06-14T22:47:40+00:00","description":"OSK Ala i As, ZAPRASZAM NA NAJBLI\u017bSZY KURS NAUKI JAZDY - spotkanie godz. 16.00 Skawina ul.Torowa 8, BADANIA LEKARSKIE NA SPOTKANIU ORGANIZACYJNYM","breadcrumb":{"@id":"https:\/\/skawinanaukajazdy.pl\/osk-ala-i-as\/#breadcrumb"},"inLanguage":"pl-PL","potentialAction":[{"@type":"ReadAction","target":["https:\/\/skawinanaukajazdy.pl\/osk-ala-i-as\/"]}]},{"@type":"ImageObject","inLanguage":"pl-PL","@id":"https:\/\/skawinanaukajazdy.pl\/osk-ala-i-as\/#primaryimage","url":"https:\/\/ml4evcqfigri.i.optimole.com\/w:150\/h:150\/q:mauto\/rt:fill\/g:sm\/f:best\/http:\/\/skawinanaukajazdy.pl\/wp-content\/uploads\/2017\/03\/Znaki.png","contentUrl":"https:\/\/ml4evcqfigri.i.optimole.com\/w:150\/h:150\/q:mauto\/rt:fill\/g:sm\/f:best\/http:\/\/skawinanaukajazdy.pl\/wp-content\/uploads\/2017\/03\/Znaki.png"},{"@type":"BreadcrumbList","@id":"https:\/\/skawinanaukajazdy.pl\/osk-ala-i-as\/#breadcrumb","itemListElement":[{"@type":"ListItem","position":1,"name":"strona g\u0142\u00f3wna","item":"https:\/\/skawinanaukajazdy.pl\/"},{"@type":"ListItem","position":2,"name":"Dlaczego Ala i As"}]},{"@type":"WebSite","@id":"https:\/\/skawinanaukajazdy.pl\/#website","url":"https:\/\/skawinanaukajazdy.pl\/","name":"O\u015brodek Szkolenia Kierowc\u00f3w Ala i As","description":"OSK Ala i As to jedna z najlepszych szk\u00f3\u0142 nauki jazdy w Skawinie","publisher":{"@id":"https:\/\/skawinanaukajazdy.pl\/#organization"},"potentialAction":[{"@type":"SearchAction","target":{"@type":"EntryPoint","urlTemplate":"https:\/\/skawinanaukajazdy.pl\/?s={search_term_string}"},"query-input":{"@type":"PropertyValueSpecification","valueRequired":true,"valueName":"search_term_string"}}],"inLanguage":"pl-PL"},{"@type":"Organization","@id":"https:\/\/skawinanaukajazdy.pl\/#organization","name":"OSK Ala i As Zbigniew Knapik","url":"https:\/\/skawinanaukajazdy.pl\/","logo":{"@type":"ImageObject","inLanguage":"pl-PL","@id":"https:\/\/skawinanaukajazdy.pl\/#\/schema\/logo\/image\/","url":"https:\/\/ml4evcqfigri.i.optimole.com\/w:auto\/h:auto\/q:mauto\/g:sm\/f:best\/https:\/\/skawinanaukajazdy.pl\/wp-content\/uploads\/2021\/04\/Ala-i-As-Logo-Nowe_3.png","contentUrl":"https:\/\/ml4evcqfigri.i.optimole.com\/w:auto\/h:auto\/q:mauto\/g:sm\/f:best\/https:\/\/skawinanaukajazdy.pl\/wp-content\/uploads\/2021\/04\/Ala-i-As-Logo-Nowe_3.png","width":1078,"height":298,"caption":"OSK Ala i As Zbigniew Knapik"},"image":{"@id":"https:\/\/skawinanaukajazdy.pl\/#\/schema\/logo\/image\/"},"sameAs":["http:\/\/facebook.com\/zibiknapik\/","http:\/\/instagram.com\/osk_alaias\/","https:\/\/www.youtube.com\/channel\/UC42znC6Fn_295PBwQPnHctg"]}]}},"jetpack_shortlink":"https:\/\/wp.me\/P9aRuO-cv","jetpack_sharing_enabled":true,"jetpack-related-posts":[{"id":20,"url":"https:\/\/skawinanaukajazdy.pl\/pl\/cennik-osk-ala-i-as\/","url_meta":{"origin":775,"position":0},"title":"CENNIK","author":"admin","date":"3 sierpnia 2022","format":false,"excerpt":"FORMY P\u0141ATNO\u015aCI p\u0142atno\u015b\u0107 GOT\u00d3WK\u0104 p\u0142atno\u015b\u0107 PRZELEWEM (przelew na poni\u017csze konto) p\u0142atno\u015b\u0107 BLIKIEM na telefon NR KONTA: mBank: 63 1140 2004 0000 3102 8068 7207 (OSK Ala i As Zbigniew Knapik, ul. Torowa 8 32-050 SKAWINA) RATY 0% op\u0142aty za kurs mo\u017cna dokona\u0107 w nieoprocentowanych ratach roz\u0142o\u017conych na czas trwania kursu,\u2026","rel":"","context":"W \u201eOferta&quot;","block_context":{"text":"Oferta","link":"https:\/\/skawinanaukajazdy.pl\/pl\/oferta\/"},"img":{"alt_text":"","src":"https:\/\/ml4evcqfigri.i.optimole.com\/w:1024\/h:96\/q:mauto\/g:sm\/f:best\/https:\/\/i0.wp.com\/skawinanaukajazdy.pl\/wp-content\/uploads\/2020\/04\/Ala-i-As-Logo-Nowe_3-long.png?resize=350%2C200","width":350,"height":200,"srcset":"https:\/\/ml4evcqfigri.i.optimole.com\/w:1024\/h:96\/q:mauto\/g:sm\/f:best\/https:\/\/i0.wp.com\/skawinanaukajazdy.pl\/wp-content\/uploads\/2020\/04\/Ala-i-As-Logo-Nowe_3-long.png?resize=350%2C200 1x, https:\/\/ml4evcqfigri.i.optimole.com\/w:1024\/h:96\/q:mauto\/g:sm\/f:best\/https:\/\/i0.wp.com\/skawinanaukajazdy.pl\/wp-content\/uploads\/2020\/04\/Ala-i-As-Logo-Nowe_3-long.png?resize=525%2C300 1.5x, https:\/\/ml4evcqfigri.i.optimole.com\/w:1024\/h:96\/q:mauto\/g:sm\/f:best\/https:\/\/i0.wp.com\/skawinanaukajazdy.pl\/wp-content\/uploads\/2020\/04\/Ala-i-As-Logo-Nowe_3-long.png?resize=700%2C400 2x"},"classes":[]},{"id":3274,"url":"https:\/\/skawinanaukajazdy.pl\/pl\/e-learning\/","url_meta":{"origin":775,"position":1},"title":"e-learning czyli teoria w domu","author":"admin","date":"16 pa\u017adziernika 2024","format":false,"excerpt":"Kurs na prawo jazdy przez e-learning 3700 z\u0142 30 + 3 godziny zegarowych jazd egzamin wewn\u0119trzny praktyczny \u2013 gratis pe\u0142en dost\u0119p do platformy edukacyjnej \u2013 gratis wpisowe 200 z\u0142otych (przed rozpocz\u0119ciem nauki) pozosta\u0142a kwota \u2013 raty 0% \u2013 do momentu uko\u0144czenia kursu Zapraszam do skorzystania z u\u0142atwienia jakim jest nauka\u2026","rel":"","context":"Podobny wpis","block_context":{"text":"Podobny wpis","link":""},"img":{"alt_text":"OSK Ala i As e-learning","src":"https:\/\/ml4evcqfigri.i.optimole.com\/w:auto\/h:auto\/q:mauto\/g:sm\/f:best\/https:\/\/i0.wp.com\/skawinanaukajazdy.pl\/wp-content\/uploads\/2021\/03\/e-learning-2-rodzaje-teorii-edited.jpg?resize=350%2C200","width":350,"height":200},"classes":[]},{"id":2567,"url":"https:\/\/skawinanaukajazdy.pl\/pl\/nasze-kursy\/","url_meta":{"origin":775,"position":2},"title":"Oferta","author":"admin","date":"17 marca 2022","format":false,"excerpt":"Kat B PODSTAWOWY Kat B AUTOMAT Kat B OPTYMALNY e-learning Oferta skierowana do os\u00f3b poszukuj\u0105cych dobrej profesjonalnej szko\u0142y nauki jazdy, w kt\u00f3rej ka\u017cdy klient jest obs\u0142u\u017cony indywidualnie i od pocz\u0105tku do ko\u0144ca kursu jest pod opiek\u0105 instruktora prowadz\u0105cego. Ka\u017cda osoba ucz\u0105ca si\u0119 je\u017adzi\u0107 samochodem jest jak sportowiec na treningu indywidualnym.\u2026","rel":"","context":"Podobny wpis","block_context":{"text":"Podobny wpis","link":""},"img":{"alt_text":"","src":"https:\/\/ml4evcqfigri.i.optimole.com\/w:auto\/h:auto\/q:mauto\/g:sm\/f:best\/https:\/\/i0.wp.com\/skawinanaukajazdy.pl\/wp-content\/uploads\/2020\/04\/Ala-i-As-Logo-Red_copy.png?resize=350%2C200","width":350,"height":200},"classes":[]},{"id":1290,"url":"https:\/\/skawinanaukajazdy.pl\/pl\/","url_meta":{"origin":775,"position":3},"title":"Prawo jazdy Skawina","author":"admin","date":"23 marca 2020","format":false,"excerpt":"Witam na stronie OSK Ala i As, Je\u017celi chcesz nie tylko \u201emie\u0107\" prawo jazdy, ale przede wszystkim pozna\u0107 tajniki rozs\u0105dnej i bezpiecznej jazdy, to dobrze trafi\u0142e\u015b! OSK Ala i As jest o\u015brodkiem istniej\u0105cym ju\u017c od 2010 roku w Skawinie. Nauka w naszym o\u015brodku jest skuteczna, a \u015bwiadcz\u0105 o tym nast\u0119puj\u0105ce\u2026","rel":"","context":"Podobny wpis","block_context":{"text":"Podobny wpis","link":""},"img":{"alt_text":"prawo jazdy Skawina","src":"https:\/\/ml4evcqfigri.i.optimole.com\/w:1024\/h:96\/q:mauto\/g:sm\/f:best\/https:\/\/i0.wp.com\/skawinanaukajazdy.pl\/wp-content\/uploads\/2020\/04\/Ala-i-As-Logo-Nowe_3-long.png?resize=350%2C200","width":350,"height":200,"srcset":"https:\/\/ml4evcqfigri.i.optimole.com\/w:1024\/h:96\/q:mauto\/g:sm\/f:best\/https:\/\/i0.wp.com\/skawinanaukajazdy.pl\/wp-content\/uploads\/2020\/04\/Ala-i-As-Logo-Nowe_3-long.png?resize=350%2C200 1x, https:\/\/ml4evcqfigri.i.optimole.com\/w:1024\/h:96\/q:mauto\/g:sm\/f:best\/https:\/\/i0.wp.com\/skawinanaukajazdy.pl\/wp-content\/uploads\/2020\/04\/Ala-i-As-Logo-Nowe_3-long.png?resize=525%2C300 1.5x, https:\/\/ml4evcqfigri.i.optimole.com\/w:1024\/h:96\/q:mauto\/g:sm\/f:best\/https:\/\/i0.wp.com\/skawinanaukajazdy.pl\/wp-content\/uploads\/2020\/04\/Ala-i-As-Logo-Nowe_3-long.png?resize=700%2C400 2x"},"classes":[]},{"id":19,"url":"https:\/\/skawinanaukajazdy.pl\/pl\/doswiadczenie-i-profesjonalizm\/","url_meta":{"origin":775,"position":4},"title":"Do\u015bwiadczenie i profesjonalizm","author":"admin","date":"21 listopada 2024","format":false,"excerpt":"Do\u015bwiadczenie i profesjonalizm Do\u015bwiadczenie i profesjonalizm to cechy, kt\u00f3re charakteryzuj\u0105 prowadzony przeze mnie o\u015brodek. Uwa\u017cam, \u017ce aby uczy\u0107 innych, nie wystarczy tylko by\u0107 instruktorem, nauczycielem, czy wyk\u0142adowc\u0105. Trzeba posiada\u0107 wiedz\u0119 i umiej\u0119tno\u015bci. Instruktor nauki jazdy musi by\u0107 praktykiem, aby nauczy\u0107 przysz\u0142ego kierowc\u0119 je\u017adzi\u0107 samochodem a nie tylko zda\u0107 egzamin. Jako\u2026","rel":"","context":"W \u201eOferta&quot;","block_context":{"text":"Oferta","link":"https:\/\/skawinanaukajazdy.pl\/pl\/oferta\/"},"img":{"alt_text":"Zbyszek Knapik Instruktor i wyk\u0142adowca OSK Ala i As","src":"https:\/\/ml4evcqfigri.i.optimole.com\/w:150\/h:150\/q:mauto\/rt:fill\/g:sm\/f:best\/https:\/\/i0.wp.com\/skawinanaukajazdy.pl\/wp-content\/uploads\/2017\/03\/awatar.jpg?resize=350%2C200","width":350,"height":200},"classes":[]},{"id":277,"url":"https:\/\/skawinanaukajazdy.pl\/pl\/zapisz-sie-na-kurs\/","url_meta":{"origin":775,"position":5},"title":"Zapisz si\u0119 na kurs prawa jazdy","author":"admin","date":"27 marca 2017","format":false,"excerpt":"Zapisz si\u0119 na kurs prawa jazdy wype\u0142nij formularz kontaktowy i wy\u015blij a my oddzwonimy. Wype\u0142nienie i wys\u0142anie formularza oznacza, \u017ce podane w nim dane osobowe b\u0119d\u0105 przetwarzane w celu nawi\u0105zania kontaktu i przedstawienia oferty przez OSK ALA i AS Zbigniew Knapik. Zasady przetwarzania i informacje o administratorze znajdziesz tutaj.","rel":"","context":"Podobny wpis","block_context":{"text":"Podobny wpis","link":""},"img":{"alt_text":"Zapisz si\u0119 na kurs nauki jazdy","src":"https:\/\/ml4evcqfigri.i.optimole.com\/w:auto\/h:auto\/q:mauto\/g:sm\/f:best\/https:\/\/i0.wp.com\/skawinanaukajazdy.pl\/wp-content\/uploads\/2017\/04\/Zapisz-si%C4%99.jpg?resize=350%2C200","width":350,"height":200},"classes":[]}],"_links":{"self":[{"href":"https:\/\/skawinanaukajazdy.pl\/pl\/wp-json\/wp\/v2\/pages\/775","targetHints":{"allow":["GET"]}}],"collection":[{"href":"https:\/\/skawinanaukajazdy.pl\/pl\/wp-json\/wp\/v2\/pages"}],"about":[{"href":"https:\/\/skawinanaukajazdy.pl\/pl\/wp-json\/wp\/v2\/types\/page"}],"author":[{"embeddable":true,"href":"https:\/\/skawinanaukajazdy.pl\/pl\/wp-json\/wp\/v2\/users\/1"}],"replies":[{"embeddable":true,"href":"https:\/\/skawinanaukajazdy.pl\/pl\/wp-json\/wp\/v2\/comments?post=775"}],"version-history":[{"count":7,"href":"https:\/\/skawinanaukajazdy.pl\/pl\/wp-json\/wp\/v2\/pages\/775\/revisions"}],"predecessor-version":[{"id":3189,"href":"https:\/\/skawinanaukajazdy.pl\/pl\/wp-json\/wp\/v2\/pages\/775\/revisions\/3189"}],"wp:attachment":[{"href":"https:\/\/skawinanaukajazdy.pl\/pl\/wp-json\/wp\/v2\/media?parent=775"}],"curies":[{"name":"wp","href":"https:\/\/api.w.org\/{rel}","templated":true}]}}