{"id":374,"date":"2017-04-05T15:49:32","date_gmt":"2017-04-05T13:49:32","guid":{"rendered":"http:\/\/skawinanaukajazdy.pl\/?page_id=374"},"modified":"2020-04-02T17:09:22","modified_gmt":"2020-04-02T15:09:22","slug":"moja-zdawalnosc","status":"publish","type":"page","link":"https:\/\/skawinanaukajazdy.pl\/pl\/moja-zdawalnosc\/","title":{"rendered":"Moja zdawalno\u015b\u0107"},"content":{"rendered":"\n<h3 class=\"wp-block-heading\"><span style=\"font-family: helvetica,arial,sans-serif;\">Zdawalno\u015b\u0107 praktyki za pierwszym razem &#8211; 57,60%<\/span><\/h3>\n\n\n\n<figure class=\"wp-block-table\"><table><tbody><tr><td><a href=\"https:\/\/bip.malopolska.pl\/spkrakow\/Article\/getChangesHistory\/id,54555.jhtml\"><img data-opt-id=536770759  fetchpriority=\"high\" decoding=\"async\" data-attachment-id=\"381\" data-permalink=\"https:\/\/skawinanaukajazdy.pl\/pl\/moja-zdawalnosc\/zdawalnosc_200x58\/\" data-orig-file=\"https:\/\/ml4evcqfigri.i.optimole.com\/w:auto\/h:auto\/q:mauto\/f:best\/https:\/\/skawinanaukajazdy.pl\/wp-content\/uploads\/2017\/04\/Zdawalnosc_200x58.jpg\" data-orig-size=\"200,58\" data-comments-opened=\"1\" data-image-meta=\"{&quot;aperture&quot;:&quot;0&quot;,&quot;credit&quot;:&quot;&quot;,&quot;camera&quot;:&quot;&quot;,&quot;caption&quot;:&quot;&quot;,&quot;created_timestamp&quot;:&quot;0&quot;,&quot;copyright&quot;:&quot;&quot;,&quot;focal_length&quot;:&quot;0&quot;,&quot;iso&quot;:&quot;0&quot;,&quot;shutter_speed&quot;:&quot;0&quot;,&quot;title&quot;:&quot;&quot;,&quot;orientation&quot;:&quot;1&quot;}\" data-image-title=\"Zdawalnosc_200x58\" data-image-description=\"\" data-image-caption=\"\" data-medium-file=\"https:\/\/ml4evcqfigri.i.optimole.com\/w:auto\/h:auto\/q:mauto\/f:best\/https:\/\/skawinanaukajazdy.pl\/wp-content\/uploads\/2017\/04\/Zdawalnosc_200x58.jpg\" data-large-file=\"https:\/\/ml4evcqfigri.i.optimole.com\/w:auto\/h:auto\/q:mauto\/f:best\/https:\/\/skawinanaukajazdy.pl\/wp-content\/uploads\/2017\/04\/Zdawalnosc_200x58.jpg\" class=\"alignleft wp-image-381 size-thumbnail\" src=\"https:\/\/ml4evcqfigri.i.optimole.com\/w:150\/h:58\/q:mauto\/f:best\/http:\/\/skawinanaukajazdy.pl\/wp-content\/uploads\/2017\/04\/Zdawalnosc_200x58.jpg\" alt=\"Nauka Jazdy Skawina zdawalno\u015b\u0107 OSK Ala i As\" width=\"150\" height=\"58\"><\/a><\/td><\/tr><tr><td><span style=\"font-family: helvetica,arial,sans-serif; font-size: 14px;\">Od 2010 roku prowadz\u0119 O\u015brodek Szkolenia Kierowc\u00f3w Ala i As. Zdawalno\u015b\u0107 praktyki za pierwszym razem w\u015br\u00f3d kursant\u00f3w wynios\u0142a<\/span> <h1 style=\"text-align: center;\"><span style=\"color: #ff0000; font-family: helvetica,arial,sans-serif;\"><strong>57,60%<\/strong><\/span><\/h1><p><span style=\"font-family: helvetica,arial,sans-serif; font-size: 14px;\">na podstawie oficjalnej ANALIZY STATYSTYCZNEJ w zakresie \u015bredniej zdawalno\u015bci os\u00f3b szkolonych w O\u015brodkach Szkolenia Kierowc\u00f3w dzia\u0142aj\u0105cych na terenie powiatu krakowskiego za 2013, 2014, 2015, 2017, 2018, 2019<br><\/span><\/p> <p><span style=\"font-family: helvetica,arial,sans-serif; font-size: 14px;\"><a href=\"https:\/\/bip.malopolska.pl\/spkrakow\/Article\/getChangesHistory\/id,54555.jhtml\">Sprawd\u017a&#8230;.<\/a><\/span><\/p> <p><span style=\"font-family: helvetica,arial,sans-serif; font-size: 14px;\">Analiza zosta\u0142a przeprowadzona od 2013 roku, ze wzgl\u0119du na wprowadzenie w 2013 roku nowych standard\u00f3w w zarz\u0105dzaniu OSK.<\/span><\/p> <p><span style=\"font-family: helvetica,arial,sans-serif; font-size: 14px;\">W latach 2013 &#8211; 2015 przeszkoli\u0142em ok 50 os\u00f3b na kursach podstawowych z kt\u00f3rych tylko 36 os\u00f3b podchodzi\u0142a do egzamin\u00f3w w MORD Krak\u00f3w. Analiza obejmuje w\/w osoby, kt\u00f3re podesz\u0142y do egzaminu.<\/span><\/p> <p><span style=\"font-family: helvetica,arial,sans-serif; font-size: 14px;\">Analiza nie obejmuje pierwszych lat dzia\u0142ania O\u015brodka, czyli lat 2010 &#8211; 2012, w kt\u00f3rych przeszkoli\u0142em 83 osoby w tym 35 na kursach podstawowych i wewn\u0119trzna analiza wskazuje na ok<\/span><\/p> <h1 style=\"text-align: center;\"><span style=\"font-family: helvetica,arial,sans-serif;\">50%<\/span><\/h1> <p><span style=\"font-family: helvetica,arial,sans-serif; font-size: 14px;\">zdawalno\u015bci praktyki za pierwszym razem a<span style=\"font-size: 20px;\"> <strong>73%<\/strong> <\/span>za pierwszym lub drugim razem.<\/span><\/p> <p><span style=\"font-family: helvetica,arial,sans-serif; font-size: 14px;\">Statystyki lubi\u0105 by\u0107 bardzo \u0142adne. W wi\u0119kszo\u015bci firm podaj\u0105cych dane statystyczne podaje si\u0119 je w celu polepszenia wizerunku firmy. Pod tym k\u0105tem wybiera si\u0119 te\u017c metody lub dane.<\/span><\/p> <p><span style=\"font-family: helvetica,arial,sans-serif; font-size: 14px;\">Na tej stronie poda\u0142em informacje, kt\u00f3re mo\u017cna sprawdzi\u0107 w oficjalnych \u017ar\u00f3d\u0142ach.<\/span><\/p> <\/td><\/tr><\/tbody><\/table><\/figure>\n","protected":false},"excerpt":{"rendered":"<p>Zdawalno\u015b\u0107 praktyki za pierwszym razem &#8211; 57,60% Od 2010 roku prowadz\u0119 O\u015brodek Szkolenia Kierowc\u00f3w Ala i As. Zdawalno\u015b\u0107 praktyki za pierwszym razem w\u015br\u00f3d kursant\u00f3w wynios\u0142a 57,60% na podstawie oficjalnej ANALIZY STATYSTYCZNEJ w zakresie \u015bredniej zdawalno\u015bci os\u00f3b szkolonych w O\u015brodkach Szkolenia Kierowc\u00f3w dzia\u0142aj\u0105cych na terenie powiatu krakowskiego za 2013, 2014, 2015, [&hellip;]<\/p>\n","protected":false},"author":1,"featured_media":0,"parent":0,"menu_order":0,"comment_status":"closed","ping_status":"closed","template":"","meta":{"_themeisle_gutenberg_block_has_review":false,"two_page_speed":[],"footnotes":""},"class_list":["post-374","page","type-page","status-publish","hentry"],"yoast_head":"<!-- This site is optimized with the Yoast SEO plugin v27.1.1 - https:\/\/yoast.com\/product\/yoast-seo-wordpress\/ -->\n<title>Moja zdawalno\u015b\u0107 - Prawo jazdy Skawina<\/title>\n<meta name=\"description\" content=\"Zdawalno\u015b\u0107 w OSK Ala i As - 73,63%. na podstawie oficjalnej ANALIZY STATYSTYCZNEJ za 2013, 2014, 2015 r. dla OSK z powiatu krakowskiego.\" \/>\n<meta name=\"robots\" content=\"index, follow, max-snippet:-1, max-image-preview:large, max-video-preview:-1\" \/>\n<link rel=\"canonical\" href=\"https:\/\/skawinanaukajazdy.pl\/pl\/pl_pl\/moja-zdawalnosc\/\" \/>\n<meta property=\"og:locale\" content=\"pl_PL\" \/>\n<meta property=\"og:type\" content=\"article\" \/>\n<meta property=\"og:title\" content=\"Moja zdawalno\u015b\u0107 - Prawo jazdy Skawina\" \/>\n<meta property=\"og:description\" content=\"Zdawalno\u015b\u0107 w OSK Ala i As - 73,63%. na podstawie oficjalnej ANALIZY STATYSTYCZNEJ za 2013, 2014, 2015 r. dla OSK z powiatu krakowskiego.\" \/>\n<meta property=\"og:url\" content=\"https:\/\/skawinanaukajazdy.pl\/pl\/pl_pl\/moja-zdawalnosc\/\" \/>\n<meta property=\"og:site_name\" content=\"Prawo jazdy Skawina\" \/>\n<meta property=\"article:publisher\" content=\"http:\/\/facebook.com\/zibiknapik\/\" \/>\n<meta property=\"article:modified_time\" content=\"2020-04-02T15:09:22+00:00\" \/>\n<meta property=\"og:image\" content=\"https:\/\/ml4evcqfigri.i.optimole.com\/w:150\/h:58\/q:mauto\/f:best\/http:\/\/skawinanaukajazdy.pl\/wp-content\/uploads\/2017\/04\/Zdawalnosc_200x58.jpg\" \/>\n<meta name=\"twitter:label1\" content=\"Szacowany czas czytania\" \/>\n\t<meta name=\"twitter:data1\" content=\"1 minuta\" \/>\n<script type=\"application\/ld+json\" class=\"yoast-schema-graph\">{\"@context\":\"https:\/\/schema.org\",\"@graph\":[{\"@type\":\"WebPage\",\"@id\":\"https:\/\/skawinanaukajazdy.pl\/pl_pl\/moja-zdawalnosc\/\",\"url\":\"https:\/\/skawinanaukajazdy.pl\/pl_pl\/moja-zdawalnosc\/\",\"name\":\"Moja zdawalno\u015b\u0107 - Prawo jazdy Skawina\",\"isPartOf\":{\"@id\":\"https:\/\/skawinanaukajazdy.pl\/#website\"},\"primaryImageOfPage\":{\"@id\":\"https:\/\/skawinanaukajazdy.pl\/pl_pl\/moja-zdawalnosc\/#primaryimage\"},\"image\":{\"@id\":\"https:\/\/skawinanaukajazdy.pl\/pl_pl\/moja-zdawalnosc\/#primaryimage\"},\"thumbnailUrl\":\"https:\/\/ml4evcqfigri.i.optimole.com\/w:150\/h:58\/q:mauto\/f:best\/http:\/\/skawinanaukajazdy.pl\/wp-content\/uploads\/2017\/04\/Zdawalnosc_200x58.jpg\",\"datePublished\":\"2017-04-05T13:49:32+00:00\",\"dateModified\":\"2020-04-02T15:09:22+00:00\",\"description\":\"Zdawalno\u015b\u0107 w OSK Ala i As - 73,63%. na podstawie oficjalnej ANALIZY STATYSTYCZNEJ za 2013, 2014, 2015 r. dla OSK z powiatu krakowskiego.\",\"breadcrumb\":{\"@id\":\"https:\/\/skawinanaukajazdy.pl\/pl_pl\/moja-zdawalnosc\/#breadcrumb\"},\"inLanguage\":\"pl-PL\",\"potentialAction\":[{\"@type\":\"ReadAction\",\"target\":[\"https:\/\/skawinanaukajazdy.pl\/pl_pl\/moja-zdawalnosc\/\"]}]},{\"@type\":\"ImageObject\",\"inLanguage\":\"pl-PL\",\"@id\":\"https:\/\/skawinanaukajazdy.pl\/pl_pl\/moja-zdawalnosc\/#primaryimage\",\"url\":\"https:\/\/ml4evcqfigri.i.optimole.com\/w:150\/h:58\/q:mauto\/f:best\/http:\/\/skawinanaukajazdy.pl\/wp-content\/uploads\/2017\/04\/Zdawalnosc_200x58.jpg\",\"contentUrl\":\"https:\/\/ml4evcqfigri.i.optimole.com\/w:150\/h:58\/q:mauto\/f:best\/http:\/\/skawinanaukajazdy.pl\/wp-content\/uploads\/2017\/04\/Zdawalnosc_200x58.jpg\"},{\"@type\":\"BreadcrumbList\",\"@id\":\"https:\/\/skawinanaukajazdy.pl\/pl_pl\/moja-zdawalnosc\/#breadcrumb\",\"itemListElement\":[{\"@type\":\"ListItem\",\"position\":1,\"name\":\"strona g\u0142\u00f3wna\",\"item\":\"https:\/\/skawinanaukajazdy.pl\/\"},{\"@type\":\"ListItem\",\"position\":2,\"name\":\"Moja zdawalno\u015b\u0107\"}]},{\"@type\":\"WebSite\",\"@id\":\"https:\/\/skawinanaukajazdy.pl\/#website\",\"url\":\"https:\/\/skawinanaukajazdy.pl\/\",\"name\":\"O\u015brodek Szkolenia Kierowc\u00f3w Ala i As\",\"description\":\"OSK Ala i As to jedna z najlepszych szk\u00f3\u0142 nauki jazdy w Skawinie\",\"publisher\":{\"@id\":\"https:\/\/skawinanaukajazdy.pl\/#organization\"},\"potentialAction\":[{\"@type\":\"SearchAction\",\"target\":{\"@type\":\"EntryPoint\",\"urlTemplate\":\"https:\/\/skawinanaukajazdy.pl\/?s={search_term_string}\"},\"query-input\":{\"@type\":\"PropertyValueSpecification\",\"valueRequired\":true,\"valueName\":\"search_term_string\"}}],\"inLanguage\":\"pl-PL\"},{\"@type\":\"Organization\",\"@id\":\"https:\/\/skawinanaukajazdy.pl\/#organization\",\"name\":\"OSK Ala i As Zbigniew Knapik\",\"url\":\"https:\/\/skawinanaukajazdy.pl\/\",\"logo\":{\"@type\":\"ImageObject\",\"inLanguage\":\"pl-PL\",\"@id\":\"https:\/\/skawinanaukajazdy.pl\/#\/schema\/logo\/image\/\",\"url\":\"https:\/\/ml4evcqfigri.i.optimole.com\/w:auto\/h:auto\/q:mauto\/f:best\/https:\/\/skawinanaukajazdy.pl\/wp-content\/uploads\/2021\/04\/Ala-i-As-Logo-Nowe_3.png\",\"contentUrl\":\"https:\/\/ml4evcqfigri.i.optimole.com\/w:auto\/h:auto\/q:mauto\/f:best\/https:\/\/skawinanaukajazdy.pl\/wp-content\/uploads\/2021\/04\/Ala-i-As-Logo-Nowe_3.png\",\"width\":1078,\"height\":298,\"caption\":\"OSK Ala i As Zbigniew Knapik\"},\"image\":{\"@id\":\"https:\/\/skawinanaukajazdy.pl\/#\/schema\/logo\/image\/\"},\"sameAs\":[\"http:\/\/facebook.com\/zibiknapik\/\",\"http:\/\/instagram.com\/osk_alaias\/\",\"https:\/\/www.youtube.com\/channel\/UC42znC6Fn_295PBwQPnHctg\"]}]}<\/script>\n<!-- \/ Yoast SEO plugin. -->","yoast_head_json":{"title":"Moja zdawalno\u015b\u0107 - Prawo jazdy Skawina","description":"Zdawalno\u015b\u0107 w OSK Ala i As - 73,63%. na podstawie oficjalnej ANALIZY STATYSTYCZNEJ za 2013, 2014, 2015 r. dla OSK z powiatu krakowskiego.","robots":{"index":"index","follow":"follow","max-snippet":"max-snippet:-1","max-image-preview":"max-image-preview:large","max-video-preview":"max-video-preview:-1"},"canonical":"https:\/\/skawinanaukajazdy.pl\/pl\/pl_pl\/moja-zdawalnosc\/","og_locale":"pl_PL","og_type":"article","og_title":"Moja zdawalno\u015b\u0107 - Prawo jazdy Skawina","og_description":"Zdawalno\u015b\u0107 w OSK Ala i As - 73,63%. na podstawie oficjalnej ANALIZY STATYSTYCZNEJ za 2013, 2014, 2015 r. dla OSK z powiatu krakowskiego.","og_url":"https:\/\/skawinanaukajazdy.pl\/pl\/pl_pl\/moja-zdawalnosc\/","og_site_name":"Prawo jazdy Skawina","article_publisher":"http:\/\/facebook.com\/zibiknapik\/","article_modified_time":"2020-04-02T15:09:22+00:00","og_image":[{"url":"https:\/\/ml4evcqfigri.i.optimole.com\/w:150\/h:58\/q:mauto\/f:best\/http:\/\/skawinanaukajazdy.pl\/wp-content\/uploads\/2017\/04\/Zdawalnosc_200x58.jpg","type":"","width":"","height":""}],"twitter_misc":{"Szacowany czas czytania":"1 minuta"},"schema":{"@context":"https:\/\/schema.org","@graph":[{"@type":"WebPage","@id":"https:\/\/skawinanaukajazdy.pl\/pl_pl\/moja-zdawalnosc\/","url":"https:\/\/skawinanaukajazdy.pl\/pl_pl\/moja-zdawalnosc\/","name":"Moja zdawalno\u015b\u0107 - Prawo jazdy Skawina","isPartOf":{"@id":"https:\/\/skawinanaukajazdy.pl\/#website"},"primaryImageOfPage":{"@id":"https:\/\/skawinanaukajazdy.pl\/pl_pl\/moja-zdawalnosc\/#primaryimage"},"image":{"@id":"https:\/\/skawinanaukajazdy.pl\/pl_pl\/moja-zdawalnosc\/#primaryimage"},"thumbnailUrl":"https:\/\/ml4evcqfigri.i.optimole.com\/w:150\/h:58\/q:mauto\/f:best\/http:\/\/skawinanaukajazdy.pl\/wp-content\/uploads\/2017\/04\/Zdawalnosc_200x58.jpg","datePublished":"2017-04-05T13:49:32+00:00","dateModified":"2020-04-02T15:09:22+00:00","description":"Zdawalno\u015b\u0107 w OSK Ala i As - 73,63%. na podstawie oficjalnej ANALIZY STATYSTYCZNEJ za 2013, 2014, 2015 r. dla OSK z powiatu krakowskiego.","breadcrumb":{"@id":"https:\/\/skawinanaukajazdy.pl\/pl_pl\/moja-zdawalnosc\/#breadcrumb"},"inLanguage":"pl-PL","potentialAction":[{"@type":"ReadAction","target":["https:\/\/skawinanaukajazdy.pl\/pl_pl\/moja-zdawalnosc\/"]}]},{"@type":"ImageObject","inLanguage":"pl-PL","@id":"https:\/\/skawinanaukajazdy.pl\/pl_pl\/moja-zdawalnosc\/#primaryimage","url":"https:\/\/ml4evcqfigri.i.optimole.com\/w:150\/h:58\/q:mauto\/f:best\/http:\/\/skawinanaukajazdy.pl\/wp-content\/uploads\/2017\/04\/Zdawalnosc_200x58.jpg","contentUrl":"https:\/\/ml4evcqfigri.i.optimole.com\/w:150\/h:58\/q:mauto\/f:best\/http:\/\/skawinanaukajazdy.pl\/wp-content\/uploads\/2017\/04\/Zdawalnosc_200x58.jpg"},{"@type":"BreadcrumbList","@id":"https:\/\/skawinanaukajazdy.pl\/pl_pl\/moja-zdawalnosc\/#breadcrumb","itemListElement":[{"@type":"ListItem","position":1,"name":"strona g\u0142\u00f3wna","item":"https:\/\/skawinanaukajazdy.pl\/"},{"@type":"ListItem","position":2,"name":"Moja zdawalno\u015b\u0107"}]},{"@type":"WebSite","@id":"https:\/\/skawinanaukajazdy.pl\/#website","url":"https:\/\/skawinanaukajazdy.pl\/","name":"O\u015brodek Szkolenia Kierowc\u00f3w Ala i As","description":"OSK Ala i As to jedna z najlepszych szk\u00f3\u0142 nauki jazdy w Skawinie","publisher":{"@id":"https:\/\/skawinanaukajazdy.pl\/#organization"},"potentialAction":[{"@type":"SearchAction","target":{"@type":"EntryPoint","urlTemplate":"https:\/\/skawinanaukajazdy.pl\/?s={search_term_string}"},"query-input":{"@type":"PropertyValueSpecification","valueRequired":true,"valueName":"search_term_string"}}],"inLanguage":"pl-PL"},{"@type":"Organization","@id":"https:\/\/skawinanaukajazdy.pl\/#organization","name":"OSK Ala i As Zbigniew Knapik","url":"https:\/\/skawinanaukajazdy.pl\/","logo":{"@type":"ImageObject","inLanguage":"pl-PL","@id":"https:\/\/skawinanaukajazdy.pl\/#\/schema\/logo\/image\/","url":"https:\/\/ml4evcqfigri.i.optimole.com\/w:auto\/h:auto\/q:mauto\/f:best\/https:\/\/skawinanaukajazdy.pl\/wp-content\/uploads\/2021\/04\/Ala-i-As-Logo-Nowe_3.png","contentUrl":"https:\/\/ml4evcqfigri.i.optimole.com\/w:auto\/h:auto\/q:mauto\/f:best\/https:\/\/skawinanaukajazdy.pl\/wp-content\/uploads\/2021\/04\/Ala-i-As-Logo-Nowe_3.png","width":1078,"height":298,"caption":"OSK Ala i As Zbigniew Knapik"},"image":{"@id":"https:\/\/skawinanaukajazdy.pl\/#\/schema\/logo\/image\/"},"sameAs":["http:\/\/facebook.com\/zibiknapik\/","http:\/\/instagram.com\/osk_alaias\/","https:\/\/www.youtube.com\/channel\/UC42znC6Fn_295PBwQPnHctg"]}]}},"jetpack_shortlink":"https:\/\/wp.me\/P9aRuO-62","jetpack_sharing_enabled":true,"jetpack-related-posts":[{"id":775,"url":"https:\/\/skawinanaukajazdy.pl\/pl\/osk-ala-i-as\/","url_meta":{"origin":374,"position":0},"title":"Dlaczego Ala i As","author":"admin","date":"15 czerwca 2024","format":false,"excerpt":"OSK Ala i As - Skawina OSK Ala i As - szko\u0142a nauki jazdy istnieje od 2010 roku w Skawinie. Organizujemy kursy nauki jazdy kategorii B. Szkolenie prowadzone jest na samochodzie Hyundai i20, takim samym jaki jest u\u017cywany na egzaminach w O\u015brodku egzaminacyjnym w Krakowie. Gdy zastanawiacie si\u0119 nad wyborem\u2026","rel":"","context":"W \u201eOferta&quot;","block_context":{"text":"Oferta","link":"https:\/\/skawinanaukajazdy.pl\/pl\/oferta\/"},"img":{"alt_text":"OSK Ala i As - szko\u0142a nauki jazdy w Skawinie","src":"https:\/\/ml4evcqfigri.i.optimole.com\/w:150\/h:150\/q:mauto\/rt:fill\/g:ce\/f:best\/https:\/\/i0.wp.com\/skawinanaukajazdy.pl\/wp-content\/uploads\/2017\/03\/Znaki.png?resize=350%2C200","width":350,"height":200},"classes":[]},{"id":19,"url":"https:\/\/skawinanaukajazdy.pl\/pl\/doswiadczenie-i-profesjonalizm\/","url_meta":{"origin":374,"position":1},"title":"Do\u015bwiadczenie i profesjonalizm","author":"admin","date":"21 listopada 2024","format":false,"excerpt":"Do\u015bwiadczenie i profesjonalizm Do\u015bwiadczenie i profesjonalizm to cechy, kt\u00f3re charakteryzuj\u0105 prowadzony przeze mnie o\u015brodek. Uwa\u017cam, \u017ce aby uczy\u0107 innych, nie wystarczy tylko by\u0107 instruktorem, nauczycielem, czy wyk\u0142adowc\u0105. Trzeba posiada\u0107 wiedz\u0119 i umiej\u0119tno\u015bci. Instruktor nauki jazdy musi by\u0107 praktykiem, aby nauczy\u0107 przysz\u0142ego kierowc\u0119 je\u017adzi\u0107 samochodem a nie tylko zda\u0107 egzamin. Jako\u2026","rel":"","context":"W \u201eOferta&quot;","block_context":{"text":"Oferta","link":"https:\/\/skawinanaukajazdy.pl\/pl\/oferta\/"},"img":{"alt_text":"Zbyszek Knapik Instruktor i wyk\u0142adowca OSK Ala i As","src":"https:\/\/ml4evcqfigri.i.optimole.com\/w:150\/h:150\/q:mauto\/rt:fill\/g:ce\/f:best\/https:\/\/i0.wp.com\/skawinanaukajazdy.pl\/wp-content\/uploads\/2017\/03\/awatar.jpg?resize=350%2C200","width":350,"height":200},"classes":[]},{"id":3325,"url":"https:\/\/skawinanaukajazdy.pl\/pl\/standardy-ochrony-maloletnich\/","url_meta":{"origin":374,"position":2},"title":"STANDARDY OCHRONY MA\u0141OLETNICH","author":"admin","date":"26 czerwca 2025","format":false,"excerpt":"Standardy ochrony ma\u0142oletnich w O\u015aRODEK SZKOLENIA KIEROWC\u00d3W \u201eALA I AS\" ZBIGNIEW KNAPIK Preambu\u0142a W celu realizacji obowi\u0105zku ustanowionego na mocy ustawy o przeciwdzia\u0142aniu zagro\u017ceniom przest\u0119pczo\u015bci\u0105 na tle seksualnym i ochronie ma\u0142oletnich (Dz. U. z 2024 r. poz. 560 ze\u00a0zm.) O\u015aRODEK SZKOLENIA KIEROWC\u00d3W \u201eALA I AS\u201d ZBIGNIEW KNAPIK wprowadza standardy ochrony\u2026","rel":"","context":"Podobny wpis","block_context":{"text":"Podobny wpis","link":""},"img":{"alt_text":"","src":"","width":0,"height":0},"classes":[]},{"id":2567,"url":"https:\/\/skawinanaukajazdy.pl\/pl\/nasze-kursy\/","url_meta":{"origin":374,"position":3},"title":"Oferta","author":"admin","date":"17 marca 2022","format":false,"excerpt":"Kat B PODSTAWOWY Kat B AUTOMAT Kat B OPTYMALNY e-learning Oferta skierowana do os\u00f3b poszukuj\u0105cych dobrej profesjonalnej szko\u0142y nauki jazdy, w kt\u00f3rej ka\u017cdy klient jest obs\u0142u\u017cony indywidualnie i od pocz\u0105tku do ko\u0144ca kursu jest pod opiek\u0105 instruktora prowadz\u0105cego. Ka\u017cda osoba ucz\u0105ca si\u0119 je\u017adzi\u0107 samochodem jest jak sportowiec na treningu indywidualnym.\u2026","rel":"","context":"Podobny wpis","block_context":{"text":"Podobny wpis","link":""},"img":{"alt_text":"","src":"https:\/\/ml4evcqfigri.i.optimole.com\/w:auto\/h:auto\/q:mauto\/f:best\/https:\/\/i0.wp.com\/skawinanaukajazdy.pl\/wp-content\/uploads\/2020\/04\/Ala-i-As-Logo-Red_copy.png?resize=350%2C200","width":350,"height":200},"classes":[]},{"id":20,"url":"https:\/\/skawinanaukajazdy.pl\/pl\/cennik-osk-ala-i-as\/","url_meta":{"origin":374,"position":4},"title":"CENNIK","author":"admin","date":"3 sierpnia 2022","format":false,"excerpt":"FORMY P\u0141ATNO\u015aCI p\u0142atno\u015b\u0107 GOT\u00d3WK\u0104 p\u0142atno\u015b\u0107 PRZELEWEM (przelew na poni\u017csze konto) p\u0142atno\u015b\u0107 BLIKIEM na telefon NR KONTA: mBank: 63 1140 2004 0000 3102 8068 7207 (OSK Ala i As Zbigniew Knapik, ul. Torowa 8 32-050 SKAWINA) RATY 0% op\u0142aty za kurs mo\u017cna dokona\u0107 w nieoprocentowanych ratach roz\u0142o\u017conych na czas trwania kursu,\u2026","rel":"","context":"W \u201eOferta&quot;","block_context":{"text":"Oferta","link":"https:\/\/skawinanaukajazdy.pl\/pl\/oferta\/"},"img":{"alt_text":"","src":"https:\/\/ml4evcqfigri.i.optimole.com\/w:1024\/h:96\/q:mauto\/f:best\/https:\/\/i0.wp.com\/skawinanaukajazdy.pl\/wp-content\/uploads\/2020\/04\/Ala-i-As-Logo-Nowe_3-long.png?resize=350%2C200","width":350,"height":200,"srcset":"https:\/\/ml4evcqfigri.i.optimole.com\/w:1024\/h:96\/q:mauto\/f:best\/https:\/\/i0.wp.com\/skawinanaukajazdy.pl\/wp-content\/uploads\/2020\/04\/Ala-i-As-Logo-Nowe_3-long.png?resize=350%2C200 1x, https:\/\/ml4evcqfigri.i.optimole.com\/w:1024\/h:96\/q:mauto\/f:best\/https:\/\/i0.wp.com\/skawinanaukajazdy.pl\/wp-content\/uploads\/2020\/04\/Ala-i-As-Logo-Nowe_3-long.png?resize=525%2C300 1.5x, https:\/\/ml4evcqfigri.i.optimole.com\/w:1024\/h:96\/q:mauto\/f:best\/https:\/\/i0.wp.com\/skawinanaukajazdy.pl\/wp-content\/uploads\/2020\/04\/Ala-i-As-Logo-Nowe_3-long.png?resize=700%2C400 2x"},"classes":[]},{"id":3274,"url":"https:\/\/skawinanaukajazdy.pl\/pl\/e-learning\/","url_meta":{"origin":374,"position":5},"title":"e-learning czyli teoria w domu","author":"admin","date":"16 pa\u017adziernika 2024","format":false,"excerpt":"Kurs na prawo jazdy przez e-learning 3700 z\u0142 30 + 3 godziny zegarowych jazd egzamin wewn\u0119trzny praktyczny \u2013 gratis pe\u0142en dost\u0119p do platformy edukacyjnej \u2013 gratis wpisowe 200 z\u0142otych (przed rozpocz\u0119ciem nauki) pozosta\u0142a kwota \u2013 raty 0% \u2013 do momentu uko\u0144czenia kursu Zapraszam do skorzystania z u\u0142atwienia jakim jest nauka\u2026","rel":"","context":"Podobny wpis","block_context":{"text":"Podobny wpis","link":""},"img":{"alt_text":"OSK Ala i As e-learning","src":"https:\/\/ml4evcqfigri.i.optimole.com\/w:auto\/h:auto\/q:mauto\/f:best\/https:\/\/i0.wp.com\/skawinanaukajazdy.pl\/wp-content\/uploads\/2021\/03\/e-learning-2-rodzaje-teorii-edited.jpg?resize=350%2C200","width":350,"height":200},"classes":[]}],"_links":{"self":[{"href":"https:\/\/skawinanaukajazdy.pl\/pl\/wp-json\/wp\/v2\/pages\/374","targetHints":{"allow":["GET"]}}],"collection":[{"href":"https:\/\/skawinanaukajazdy.pl\/pl\/wp-json\/wp\/v2\/pages"}],"about":[{"href":"https:\/\/skawinanaukajazdy.pl\/pl\/wp-json\/wp\/v2\/types\/page"}],"author":[{"embeddable":true,"href":"https:\/\/skawinanaukajazdy.pl\/pl\/wp-json\/wp\/v2\/users\/1"}],"replies":[{"embeddable":true,"href":"https:\/\/skawinanaukajazdy.pl\/pl\/wp-json\/wp\/v2\/comments?post=374"}],"version-history":[{"count":9,"href":"https:\/\/skawinanaukajazdy.pl\/pl\/wp-json\/wp\/v2\/pages\/374\/revisions"}],"predecessor-version":[{"id":1454,"href":"https:\/\/skawinanaukajazdy.pl\/pl\/wp-json\/wp\/v2\/pages\/374\/revisions\/1454"}],"wp:attachment":[{"href":"https:\/\/skawinanaukajazdy.pl\/pl\/wp-json\/wp\/v2\/media?parent=374"}],"curies":[{"name":"wp","href":"https:\/\/api.w.org\/{rel}","templated":true}]}}