{"id":3267,"date":"2024-10-16T00:39:55","date_gmt":"2024-10-15T22:39:55","guid":{"rendered":"https:\/\/skawinanaukajazdy.pl\/?page_id=3267"},"modified":"2025-12-08T01:07:13","modified_gmt":"2025-12-08T00:07:13","slug":"kurs-podstawowy","status":"publish","type":"page","link":"https:\/\/skawinanaukajazdy.pl\/pl\/kurs-podstawowy\/","title":{"rendered":"Kurs podstawowy"},"content":{"rendered":"\n<figure class=\"wp-block-image size-medium\"><img data-opt-id=1933607999  fetchpriority=\"high\" decoding=\"async\" width=\"300\" height=\"200\" data-attachment-id=\"1341\" data-permalink=\"https:\/\/skawinanaukajazdy.pl\/pl\/000945\/\" data-orig-file=\"https:\/\/ml4evcqfigri.i.optimole.com\/w:auto\/h:auto\/q:mauto\/f:best\/https:\/\/skawinanaukajazdy.pl\/wp-content\/uploads\/2020\/03\/000945.jpg\" data-orig-size=\"1024,682\" data-comments-opened=\"0\" data-image-meta=\"{&quot;aperture&quot;:&quot;0&quot;,&quot;credit&quot;:&quot;&quot;,&quot;camera&quot;:&quot;&quot;,&quot;caption&quot;:&quot;&quot;,&quot;created_timestamp&quot;:&quot;0&quot;,&quot;copyright&quot;:&quot;&quot;,&quot;focal_length&quot;:&quot;0&quot;,&quot;iso&quot;:&quot;0&quot;,&quot;shutter_speed&quot;:&quot;0&quot;,&quot;title&quot;:&quot;&quot;,&quot;orientation&quot;:&quot;0&quot;}\" data-image-title=\"[000945]\" data-image-description=\"\" data-image-caption=\"\" data-medium-file=\"https:\/\/ml4evcqfigri.i.optimole.com\/w:300\/h:200\/q:mauto\/f:best\/https:\/\/skawinanaukajazdy.pl\/wp-content\/uploads\/2020\/03\/000945.jpg\" data-large-file=\"https:\/\/ml4evcqfigri.i.optimole.com\/w:auto\/h:auto\/q:mauto\/f:best\/https:\/\/skawinanaukajazdy.pl\/wp-content\/uploads\/2020\/03\/000945.jpg\" src=\"https:\/\/ml4evcqfigri.i.optimole.com\/w:300\/h:200\/q:mauto\/f:best\/https:\/\/skawinanaukajazdy.pl\/wp-content\/uploads\/2020\/03\/000945.jpg\" alt=\"Kurs podstawowy kat. B\" class=\"wp-image-1341\" srcset=\"https:\/\/ml4evcqfigri.i.optimole.com\/w:300\/h:200\/q:mauto\/f:best\/https:\/\/skawinanaukajazdy.pl\/wp-content\/uploads\/2020\/03\/000945.jpg 300w, https:\/\/ml4evcqfigri.i.optimole.com\/w:768\/h:512\/q:mauto\/f:best\/https:\/\/skawinanaukajazdy.pl\/wp-content\/uploads\/2020\/03\/000945.jpg 768w, https:\/\/ml4evcqfigri.i.optimole.com\/w:360\/h:240\/q:mauto\/f:best\/https:\/\/skawinanaukajazdy.pl\/wp-content\/uploads\/2020\/03\/000945.jpg 360w, https:\/\/ml4evcqfigri.i.optimole.com\/w:1024\/h:682\/q:mauto\/f:best\/https:\/\/skawinanaukajazdy.pl\/wp-content\/uploads\/2020\/03\/000945.jpg 1024w\" sizes=\"(max-width: 300px) 100vw, 300px\" \/><\/figure>\n\n\n\n<h2 class=\"wp-block-heading\"><strong><span style=\"font-family: helvetica,arial,sans-serif; font-size: 16px;\">Kurs podstawowy kat. B<\/span><\/strong><\/h2>\n\n\n\n<h2 class=\"wp-block-heading has-header-gradient-color has-text-color has-large-font-size\">3700 z\u0142<\/h2>\n\n\n\n<ul class=\"wp-block-list\">\n<li><span style=\"font-family: helvetica,arial,sans-serif; font-size: 16px;\">30 godzin lekcyjnych teorii<\/span><\/li>\n\n\n\n<li><span style=\"font-family: helvetica,arial,sans-serif; font-size: 16px;\"><b>30 + 3<\/b> godziny zegarowych jazd<\/span><\/li>\n\n\n\n<li><span style=\"font-family: helvetica,arial,sans-serif; font-size: 16px;\">egzamin wewn\u0119trzny \u2013 gratis<\/span><\/li>\n\n\n\n<li><span style=\"font-family: helvetica,arial,sans-serif; font-size: 16px;\">materia\u0142y szkoleniowe \u2013 gratis<\/span><\/li>\n\n\n\n<li><span style=\"font-family: helvetica,arial,sans-serif; font-size: 16px;\">wpisowe 200 z\u0142otych (przed rozpocz\u0119ciem zaj\u0119\u0107 teoretycznych)<\/span><\/li>\n\n\n\n<li><span style=\"font-family: helvetica,arial,sans-serif; font-size: 16px;\">pozosta\u0142a kwota \u2013 raty 0% \u2013 do momentu uko\u0144czenia kursu<\/span><\/li>\n<\/ul>\n\n\n\n<p><span style=\"font-family: helvetica,arial,sans-serif; font-size: 16px;\">Kurs podstawowy jest to tradycyjny kurs sk\u0142adaj\u0105cy si\u0119 z wyk\u0142ad\u00f3w i nauki jazdy praktycznej.<\/span><\/p>\n\n\n\n<p><span style=\"font-family: helvetica,arial,sans-serif; font-size: 16px;\">Wyk\u0142ady odbywaj\u0105 si\u0119 w Skawinie w siedzibie O\u015brodka przy ul. Torowej 8 (naprzeciwko Lidla po drugiej stronie tor\u00f3w kolejowych)<\/span><\/p>\n\n\n\n<ul class=\"wp-block-list\">\n<li><span style=\"font-family: helvetica,arial,sans-serif; font-size: 16px;\">Zaj\u0119cia teoretyczne s\u0105 prowadzone co najmniej dwa razy w tygodniu po 3 godziny lekcyjne (po 45 min).<\/span><\/li>\n\n\n\n<li><span style=\"font-family: helvetica,arial,sans-serif; font-size: 16px;\">Wyk\u0142ady mog\u0105 by\u0107 r\u00f3wnie\u017c przeprowadzone w systemie weekendowym.<\/span><\/li>\n\n\n\n<li><span style=\"font-family: helvetica,arial,sans-serif; font-size: 16px;\">Istnieje mo\u017cliwo\u015b\u0107 ekspresowego uko\u0144czenia teorii lecz wymaga to porozumienia wszystkich kursant\u00f3w w grupie.<\/span><\/li>\n<\/ul>\n\n\n\n<p><span style=\"font-family: helvetica,arial,sans-serif; font-size: 16px;\">Jazdy odbywaj\u0105 si\u0119 na takim samym samochodzie jak na egzaminie w <span style=\"color: #000000;\"><a style=\"color: #000000;\" href=\"http:\/\/www.mord.krakow.pl\/\"><span style=\"color: #0000ff;\">O\u015brodku Egzaminacyjnym<\/span><\/a> a <span style=\"color: #333333;\">aktualnie jest to Hyundai i20 1,2 benzyna, 5-cio biegowa skrzynia bieg\u00f3w.<\/span><\/span><\/span><\/p>\n\n\n\n<p><span style=\"font-family: helvetica,arial,sans-serif; font-size: 16px;\">Uczymy si\u0119 je\u017adzi\u0107 na terenie Krakowa (g\u0142\u00f3wnie w okolicach Balic), ale pocz\u0105tki jazd zawsze dostosowujemy do mo\u017cliwo\u015bci kursanta.<\/span><\/p>\n\n\n\n<p><span style=\"font-family: helvetica,arial,sans-serif; font-size: 16px;\">Jest r\u00f3wnie\u017c mo\u017cliwo\u015b\u0107 nauki w rejonach obs\u0142ugiwanych przez <span style=\"color: #333333;\"><a style=\"color: #333333;\" href=\"http:\/\/www.mord.krakow.pl\/\"><span style=\"color: #0000ff;\">O\u015brodek Egzaminacyjny<\/span><\/a><\/span> znajduj\u0105cy si\u0119 na ul. Nowohuckiej.<\/span><\/p>\n\n\n\n<p><span style=\"font-family: helvetica,arial,sans-serif; font-size: 16px;\">Istnieje tak\u017ce <span style=\"color: #333333;\"><a style=\"color: #333333;\" href=\"http:\/\/mord.krakow.pl\/kontakt\/\"><span style=\"color: #0000ff;\">O\u015brodek Egzaminacyjny w O\u015bwi\u0119cimiu<\/span><\/a><\/span>, gdzie w przypadku zainteresowania kursanta mo\u017cemy si\u0119 uda\u0107.<\/span><\/p>\n\n\n\n<div class=\"wp-block-buttons alignwide is-horizontal is-content-justification-center is-layout-flex wp-container-core-buttons-is-layout-03627597 wp-block-buttons-is-layout-flex\">\n<div class=\"wp-block-button is-style-fill\"><a class=\"wp-block-button__link has-white-color has-header-gradient-background-color has-text-color has-background wp-element-button\" href=\"https:\/\/skawinanaukajazdy.pl\/zapisz-sie-na-kurs\/\">Zapisz si\u0119<\/a><\/div>\n<\/div>\n\n\n\n<p><\/p>\n","protected":false},"excerpt":{"rendered":"<p>Kurs podstawowy kat. B 3700 z\u0142 Kurs podstawowy jest to tradycyjny kurs sk\u0142adaj\u0105cy si\u0119 z wyk\u0142ad\u00f3w i nauki jazdy praktycznej. Wyk\u0142ady odbywaj\u0105 si\u0119 w Skawinie w siedzibie O\u015brodka przy ul. Torowej 8 (naprzeciwko Lidla po drugiej stronie tor\u00f3w kolejowych) Jazdy odbywaj\u0105 si\u0119 na takim samym samochodzie jak na egzaminie w [&hellip;]<\/p>\n","protected":false},"author":1,"featured_media":0,"parent":0,"menu_order":0,"comment_status":"closed","ping_status":"closed","template":"","meta":{"_themeisle_gutenberg_block_has_review":false,"two_page_speed":{"previous_score":{"status":"error_no_score"}},"footnotes":""},"class_list":["post-3267","page","type-page","status-publish","hentry"],"yoast_head":"<!-- This site is optimized with the Yoast SEO plugin v27.1.1 - https:\/\/yoast.com\/product\/yoast-seo-wordpress\/ -->\n<title>Kurs podstawowy - Prawo jazdy Skawina<\/title>\n<meta name=\"description\" content=\"Kurs podstawowy kat. B - 30 godzin lekcyjnych teorii 30+3 godziny jazd, egzaminy wewn\u0119trzne, materia\u0142y szkoleniowe-gratis\" \/>\n<meta name=\"robots\" content=\"index, follow, max-snippet:-1, max-image-preview:large, max-video-preview:-1\" \/>\n<link rel=\"canonical\" href=\"https:\/\/skawinanaukajazdy.pl\/pl\/kurs-podstawowy\/\" \/>\n<meta property=\"og:locale\" content=\"pl_PL\" \/>\n<meta property=\"og:type\" content=\"article\" \/>\n<meta property=\"og:title\" content=\"Kurs podstawowy - Prawo jazdy Skawina\" \/>\n<meta property=\"og:description\" content=\"Kurs podstawowy kat. B - 30 godzin lekcyjnych teorii 30+3 godziny jazd, egzaminy wewn\u0119trzne, materia\u0142y szkoleniowe-gratis\" \/>\n<meta property=\"og:url\" content=\"https:\/\/skawinanaukajazdy.pl\/pl\/kurs-podstawowy\/\" \/>\n<meta property=\"og:site_name\" content=\"Prawo jazdy Skawina\" \/>\n<meta property=\"article:publisher\" content=\"http:\/\/facebook.com\/zibiknapik\/\" \/>\n<meta property=\"article:modified_time\" content=\"2025-12-08T00:07:13+00:00\" \/>\n<meta property=\"og:image\" content=\"https:\/\/ml4evcqfigri.i.optimole.com\/w:auto\/h:auto\/q:mauto\/f:best\/https:\/\/skawinanaukajazdy.pl\/wp-content\/uploads\/2020\/03\/000945.jpg\" \/>\n\t<meta property=\"og:image:width\" content=\"1024\" \/>\n\t<meta property=\"og:image:height\" content=\"682\" \/>\n\t<meta property=\"og:image:type\" content=\"image\/jpeg\" \/>\n<meta name=\"twitter:label1\" content=\"Szacowany czas czytania\" \/>\n\t<meta name=\"twitter:data1\" content=\"2 minuty\" \/>\n<script type=\"application\/ld+json\" class=\"yoast-schema-graph\">{\"@context\":\"https:\/\/schema.org\",\"@graph\":[{\"@type\":\"WebPage\",\"@id\":\"https:\/\/skawinanaukajazdy.pl\/kurs-podstawowy\/\",\"url\":\"https:\/\/skawinanaukajazdy.pl\/kurs-podstawowy\/\",\"name\":\"Kurs podstawowy - Prawo jazdy Skawina\",\"isPartOf\":{\"@id\":\"https:\/\/skawinanaukajazdy.pl\/#website\"},\"primaryImageOfPage\":{\"@id\":\"https:\/\/skawinanaukajazdy.pl\/kurs-podstawowy\/#primaryimage\"},\"image\":{\"@id\":\"https:\/\/skawinanaukajazdy.pl\/kurs-podstawowy\/#primaryimage\"},\"thumbnailUrl\":\"https:\/\/ml4evcqfigri.i.optimole.com\/w:300\/h:200\/q:mauto\/f:best\/https:\/\/skawinanaukajazdy.pl\/wp-content\/uploads\/2020\/03\/000945.jpg\",\"datePublished\":\"2024-10-15T22:39:55+00:00\",\"dateModified\":\"2025-12-08T00:07:13+00:00\",\"description\":\"Kurs podstawowy kat. B - 30 godzin lekcyjnych teorii 30+3 godziny jazd, egzaminy wewn\u0119trzne, materia\u0142y szkoleniowe-gratis\",\"breadcrumb\":{\"@id\":\"https:\/\/skawinanaukajazdy.pl\/kurs-podstawowy\/#breadcrumb\"},\"inLanguage\":\"pl-PL\",\"potentialAction\":[{\"@type\":\"ReadAction\",\"target\":[\"https:\/\/skawinanaukajazdy.pl\/kurs-podstawowy\/\"]}]},{\"@type\":\"ImageObject\",\"inLanguage\":\"pl-PL\",\"@id\":\"https:\/\/skawinanaukajazdy.pl\/kurs-podstawowy\/#primaryimage\",\"url\":\"https:\/\/ml4evcqfigri.i.optimole.com\/w:300\/h:200\/q:mauto\/f:best\/https:\/\/skawinanaukajazdy.pl\/wp-content\/uploads\/2020\/03\/000945.jpg\",\"contentUrl\":\"https:\/\/ml4evcqfigri.i.optimole.com\/w:300\/h:200\/q:mauto\/f:best\/https:\/\/skawinanaukajazdy.pl\/wp-content\/uploads\/2020\/03\/000945.jpg\"},{\"@type\":\"BreadcrumbList\",\"@id\":\"https:\/\/skawinanaukajazdy.pl\/kurs-podstawowy\/#breadcrumb\",\"itemListElement\":[{\"@type\":\"ListItem\",\"position\":1,\"name\":\"strona g\u0142\u00f3wna\",\"item\":\"https:\/\/skawinanaukajazdy.pl\/\"},{\"@type\":\"ListItem\",\"position\":2,\"name\":\"Kurs podstawowy\"}]},{\"@type\":\"WebSite\",\"@id\":\"https:\/\/skawinanaukajazdy.pl\/#website\",\"url\":\"https:\/\/skawinanaukajazdy.pl\/\",\"name\":\"O\u015brodek Szkolenia Kierowc\u00f3w Ala i As\",\"description\":\"OSK Ala i As to jedna z najlepszych szk\u00f3\u0142 nauki jazdy w Skawinie\",\"publisher\":{\"@id\":\"https:\/\/skawinanaukajazdy.pl\/#organization\"},\"potentialAction\":[{\"@type\":\"SearchAction\",\"target\":{\"@type\":\"EntryPoint\",\"urlTemplate\":\"https:\/\/skawinanaukajazdy.pl\/?s={search_term_string}\"},\"query-input\":{\"@type\":\"PropertyValueSpecification\",\"valueRequired\":true,\"valueName\":\"search_term_string\"}}],\"inLanguage\":\"pl-PL\"},{\"@type\":\"Organization\",\"@id\":\"https:\/\/skawinanaukajazdy.pl\/#organization\",\"name\":\"OSK Ala i As Zbigniew Knapik\",\"url\":\"https:\/\/skawinanaukajazdy.pl\/\",\"logo\":{\"@type\":\"ImageObject\",\"inLanguage\":\"pl-PL\",\"@id\":\"https:\/\/skawinanaukajazdy.pl\/#\/schema\/logo\/image\/\",\"url\":\"https:\/\/ml4evcqfigri.i.optimole.com\/w:auto\/h:auto\/q:mauto\/f:best\/https:\/\/skawinanaukajazdy.pl\/wp-content\/uploads\/2021\/04\/Ala-i-As-Logo-Nowe_3.png\",\"contentUrl\":\"https:\/\/ml4evcqfigri.i.optimole.com\/w:auto\/h:auto\/q:mauto\/f:best\/https:\/\/skawinanaukajazdy.pl\/wp-content\/uploads\/2021\/04\/Ala-i-As-Logo-Nowe_3.png\",\"width\":1078,\"height\":298,\"caption\":\"OSK Ala i As Zbigniew Knapik\"},\"image\":{\"@id\":\"https:\/\/skawinanaukajazdy.pl\/#\/schema\/logo\/image\/\"},\"sameAs\":[\"http:\/\/facebook.com\/zibiknapik\/\",\"http:\/\/instagram.com\/osk_alaias\/\",\"https:\/\/www.youtube.com\/channel\/UC42znC6Fn_295PBwQPnHctg\"]}]}<\/script>\n<!-- \/ Yoast SEO plugin. -->","yoast_head_json":{"title":"Kurs podstawowy - Prawo jazdy Skawina","description":"Kurs podstawowy kat. B - 30 godzin lekcyjnych teorii 30+3 godziny jazd, egzaminy wewn\u0119trzne, materia\u0142y szkoleniowe-gratis","robots":{"index":"index","follow":"follow","max-snippet":"max-snippet:-1","max-image-preview":"max-image-preview:large","max-video-preview":"max-video-preview:-1"},"canonical":"https:\/\/skawinanaukajazdy.pl\/pl\/kurs-podstawowy\/","og_locale":"pl_PL","og_type":"article","og_title":"Kurs podstawowy - Prawo jazdy Skawina","og_description":"Kurs podstawowy kat. B - 30 godzin lekcyjnych teorii 30+3 godziny jazd, egzaminy wewn\u0119trzne, materia\u0142y szkoleniowe-gratis","og_url":"https:\/\/skawinanaukajazdy.pl\/pl\/kurs-podstawowy\/","og_site_name":"Prawo jazdy Skawina","article_publisher":"http:\/\/facebook.com\/zibiknapik\/","article_modified_time":"2025-12-08T00:07:13+00:00","og_image":[{"width":1024,"height":682,"url":"https:\/\/ml4evcqfigri.i.optimole.com\/w:auto\/h:auto\/q:mauto\/f:best\/https:\/\/skawinanaukajazdy.pl\/wp-content\/uploads\/2020\/03\/000945.jpg","type":"image\/jpeg"}],"twitter_misc":{"Szacowany czas czytania":"2 minuty"},"schema":{"@context":"https:\/\/schema.org","@graph":[{"@type":"WebPage","@id":"https:\/\/skawinanaukajazdy.pl\/kurs-podstawowy\/","url":"https:\/\/skawinanaukajazdy.pl\/kurs-podstawowy\/","name":"Kurs podstawowy - Prawo jazdy Skawina","isPartOf":{"@id":"https:\/\/skawinanaukajazdy.pl\/#website"},"primaryImageOfPage":{"@id":"https:\/\/skawinanaukajazdy.pl\/kurs-podstawowy\/#primaryimage"},"image":{"@id":"https:\/\/skawinanaukajazdy.pl\/kurs-podstawowy\/#primaryimage"},"thumbnailUrl":"https:\/\/ml4evcqfigri.i.optimole.com\/w:300\/h:200\/q:mauto\/f:best\/https:\/\/skawinanaukajazdy.pl\/wp-content\/uploads\/2020\/03\/000945.jpg","datePublished":"2024-10-15T22:39:55+00:00","dateModified":"2025-12-08T00:07:13+00:00","description":"Kurs podstawowy kat. B - 30 godzin lekcyjnych teorii 30+3 godziny jazd, egzaminy wewn\u0119trzne, materia\u0142y szkoleniowe-gratis","breadcrumb":{"@id":"https:\/\/skawinanaukajazdy.pl\/kurs-podstawowy\/#breadcrumb"},"inLanguage":"pl-PL","potentialAction":[{"@type":"ReadAction","target":["https:\/\/skawinanaukajazdy.pl\/kurs-podstawowy\/"]}]},{"@type":"ImageObject","inLanguage":"pl-PL","@id":"https:\/\/skawinanaukajazdy.pl\/kurs-podstawowy\/#primaryimage","url":"https:\/\/ml4evcqfigri.i.optimole.com\/w:300\/h:200\/q:mauto\/f:best\/https:\/\/skawinanaukajazdy.pl\/wp-content\/uploads\/2020\/03\/000945.jpg","contentUrl":"https:\/\/ml4evcqfigri.i.optimole.com\/w:300\/h:200\/q:mauto\/f:best\/https:\/\/skawinanaukajazdy.pl\/wp-content\/uploads\/2020\/03\/000945.jpg"},{"@type":"BreadcrumbList","@id":"https:\/\/skawinanaukajazdy.pl\/kurs-podstawowy\/#breadcrumb","itemListElement":[{"@type":"ListItem","position":1,"name":"strona g\u0142\u00f3wna","item":"https:\/\/skawinanaukajazdy.pl\/"},{"@type":"ListItem","position":2,"name":"Kurs podstawowy"}]},{"@type":"WebSite","@id":"https:\/\/skawinanaukajazdy.pl\/#website","url":"https:\/\/skawinanaukajazdy.pl\/","name":"O\u015brodek Szkolenia Kierowc\u00f3w Ala i As","description":"OSK Ala i As to jedna z najlepszych szk\u00f3\u0142 nauki jazdy w Skawinie","publisher":{"@id":"https:\/\/skawinanaukajazdy.pl\/#organization"},"potentialAction":[{"@type":"SearchAction","target":{"@type":"EntryPoint","urlTemplate":"https:\/\/skawinanaukajazdy.pl\/?s={search_term_string}"},"query-input":{"@type":"PropertyValueSpecification","valueRequired":true,"valueName":"search_term_string"}}],"inLanguage":"pl-PL"},{"@type":"Organization","@id":"https:\/\/skawinanaukajazdy.pl\/#organization","name":"OSK Ala i As Zbigniew Knapik","url":"https:\/\/skawinanaukajazdy.pl\/","logo":{"@type":"ImageObject","inLanguage":"pl-PL","@id":"https:\/\/skawinanaukajazdy.pl\/#\/schema\/logo\/image\/","url":"https:\/\/ml4evcqfigri.i.optimole.com\/w:auto\/h:auto\/q:mauto\/f:best\/https:\/\/skawinanaukajazdy.pl\/wp-content\/uploads\/2021\/04\/Ala-i-As-Logo-Nowe_3.png","contentUrl":"https:\/\/ml4evcqfigri.i.optimole.com\/w:auto\/h:auto\/q:mauto\/f:best\/https:\/\/skawinanaukajazdy.pl\/wp-content\/uploads\/2021\/04\/Ala-i-As-Logo-Nowe_3.png","width":1078,"height":298,"caption":"OSK Ala i As Zbigniew Knapik"},"image":{"@id":"https:\/\/skawinanaukajazdy.pl\/#\/schema\/logo\/image\/"},"sameAs":["http:\/\/facebook.com\/zibiknapik\/","http:\/\/instagram.com\/osk_alaias\/","https:\/\/www.youtube.com\/channel\/UC42znC6Fn_295PBwQPnHctg"]}]}},"jetpack_shortlink":"https:\/\/wp.me\/P9aRuO-QH","jetpack_sharing_enabled":true,"jetpack-related-posts":[{"id":3272,"url":"https:\/\/skawinanaukajazdy.pl\/pl\/kurs-optymalny\/","url_meta":{"origin":3267,"position":0},"title":"Kurs optymalny kat. B","author":"admin","date":"16 pa\u017adziernika 2024","format":false,"excerpt":"Kurs optymalny kat. B 3900 z\u0142 Kurs optymalny kat. B jest to tradycyjny kurs sk\u0142adaj\u0105cy si\u0119 z wyk\u0142ad\u00f3w i nauki jazdy praktycznej. 30 godzin lekcyjnych teorii 30 + 6 godzin zegarowych jazd egzamin wewn\u0119trzny \u2013 gratis materia\u0142y szkoleniowe \u2013 gratis wpisowe 200 z\u0142otych (przed rozpocz\u0119ciem zaj\u0119\u0107 teoretycznych) pozosta\u0142a kwota \u2013\u2026","rel":"","context":"Podobny wpis","block_context":{"text":"Podobny wpis","link":""},"img":{"alt_text":"Kurs optymalny","src":"https:\/\/ml4evcqfigri.i.optimole.com\/w:auto\/h:auto\/q:mauto\/f:best\/https:\/\/i0.wp.com\/skawinanaukajazdy.pl\/wp-content\/uploads\/2023\/05\/pexels-photo-2203535-edited-1.jpeg?resize=350%2C200&ssl=1","width":350,"height":200,"srcset":"https:\/\/ml4evcqfigri.i.optimole.com\/w:auto\/h:auto\/q:mauto\/f:best\/https:\/\/i0.wp.com\/skawinanaukajazdy.pl\/wp-content\/uploads\/2023\/05\/pexels-photo-2203535-edited-1.jpeg?resize=350%2C200&ssl=1 1x, https:\/\/ml4evcqfigri.i.optimole.com\/w:auto\/h:auto\/q:mauto\/f:best\/https:\/\/i0.wp.com\/skawinanaukajazdy.pl\/wp-content\/uploads\/2023\/05\/pexels-photo-2203535-edited-1.jpeg?resize=525%2C300&ssl=1 1.5x, https:\/\/ml4evcqfigri.i.optimole.com\/w:auto\/h:auto\/q:mauto\/f:best\/https:\/\/i0.wp.com\/skawinanaukajazdy.pl\/wp-content\/uploads\/2023\/05\/pexels-photo-2203535-edited-1.jpeg?resize=700%2C400&ssl=1 2x"},"classes":[]},{"id":3260,"url":"https:\/\/skawinanaukajazdy.pl\/pl\/kurs-automat\/","url_meta":{"origin":3267,"position":1},"title":"Kurs kat. B78 AUTOMAT","author":"admin","date":"15 pa\u017adziernika 2024","format":false,"excerpt":"Kurs kat. B78 AUTOMAT 3900 z\u0142 ZDAJESZ NA TYM CO SI\u0118 UCZYSZ Zapraszam do zapis\u00f3w na kurs prawa jazdy kat. B78 na samochodzie z AUTOMATYCZN\u0104 SKRZYNI\u0104 BIEG\u00d3W Peugeot 308 1,6 Blue HDi Zalety takiego kursu: to przede wszystkim: SZYBKIE I BEZSTRESOWE PROWADZENIE AUTA (brak sprz\u0119g\u0142a) BRAK PROBLEM\u00d3W ZE ZGASZONYM SILNIKIEM\u2026","rel":"","context":"Podobny wpis","block_context":{"text":"Podobny wpis","link":""},"img":{"alt_text":"","src":"https:\/\/ml4evcqfigri.i.optimole.com\/w:150\/h:150\/q:mauto\/rt:fill\/g:ce\/f:best\/https:\/\/i0.wp.com\/skawinanaukajazdy.pl\/wp-content\/uploads\/2022\/04\/Peugeot_2.jpg?resize=350%2C200&ssl=1","width":350,"height":200,"srcset":"https:\/\/ml4evcqfigri.i.optimole.com\/w:150\/h:150\/q:mauto\/rt:fill\/g:ce\/f:best\/https:\/\/i0.wp.com\/skawinanaukajazdy.pl\/wp-content\/uploads\/2022\/04\/Peugeot_2.jpg?resize=350%2C200&ssl=1 1x, https:\/\/ml4evcqfigri.i.optimole.com\/w:150\/h:150\/q:mauto\/rt:fill\/g:ce\/f:best\/https:\/\/i0.wp.com\/skawinanaukajazdy.pl\/wp-content\/uploads\/2022\/04\/Peugeot_2.jpg?resize=525%2C300&ssl=1 1.5x, https:\/\/ml4evcqfigri.i.optimole.com\/w:150\/h:150\/q:mauto\/rt:fill\/g:ce\/f:best\/https:\/\/i0.wp.com\/skawinanaukajazdy.pl\/wp-content\/uploads\/2022\/04\/Peugeot_2.jpg?resize=700%2C400&ssl=1 2x, https:\/\/ml4evcqfigri.i.optimole.com\/w:150\/h:150\/q:mauto\/rt:fill\/g:ce\/f:best\/https:\/\/i0.wp.com\/skawinanaukajazdy.pl\/wp-content\/uploads\/2022\/04\/Peugeot_2.jpg?resize=1050%2C600&ssl=1 3x, https:\/\/ml4evcqfigri.i.optimole.com\/w:150\/h:150\/q:mauto\/rt:fill\/g:ce\/f:best\/https:\/\/i0.wp.com\/skawinanaukajazdy.pl\/wp-content\/uploads\/2022\/04\/Peugeot_2.jpg?resize=1400%2C800&ssl=1 4x"},"classes":[]},{"id":20,"url":"https:\/\/skawinanaukajazdy.pl\/pl\/cennik-osk-ala-i-as\/","url_meta":{"origin":3267,"position":2},"title":"CENNIK","author":"admin","date":"3 sierpnia 2022","format":false,"excerpt":"FORMY P\u0141ATNO\u015aCI p\u0142atno\u015b\u0107 GOT\u00d3WK\u0104 p\u0142atno\u015b\u0107 PRZELEWEM (przelew na poni\u017csze konto) p\u0142atno\u015b\u0107 BLIKIEM na telefon NR KONTA: mBank: 63 1140 2004 0000 3102 8068 7207 (OSK Ala i As Zbigniew Knapik, ul. Torowa 8 32-050 SKAWINA) RATY 0% op\u0142aty za kurs mo\u017cna dokona\u0107 w nieoprocentowanych ratach roz\u0142o\u017conych na czas trwania kursu,\u2026","rel":"","context":"W \u201eOferta&quot;","block_context":{"text":"Oferta","link":"https:\/\/skawinanaukajazdy.pl\/pl\/oferta\/"},"img":{"alt_text":"","src":"https:\/\/ml4evcqfigri.i.optimole.com\/w:1024\/h:96\/q:mauto\/f:best\/https:\/\/i0.wp.com\/skawinanaukajazdy.pl\/wp-content\/uploads\/2020\/04\/Ala-i-As-Logo-Nowe_3-long.png?resize=350%2C200","width":350,"height":200,"srcset":"https:\/\/ml4evcqfigri.i.optimole.com\/w:1024\/h:96\/q:mauto\/f:best\/https:\/\/i0.wp.com\/skawinanaukajazdy.pl\/wp-content\/uploads\/2020\/04\/Ala-i-As-Logo-Nowe_3-long.png?resize=350%2C200 1x, https:\/\/ml4evcqfigri.i.optimole.com\/w:1024\/h:96\/q:mauto\/f:best\/https:\/\/i0.wp.com\/skawinanaukajazdy.pl\/wp-content\/uploads\/2020\/04\/Ala-i-As-Logo-Nowe_3-long.png?resize=525%2C300 1.5x, https:\/\/ml4evcqfigri.i.optimole.com\/w:1024\/h:96\/q:mauto\/f:best\/https:\/\/i0.wp.com\/skawinanaukajazdy.pl\/wp-content\/uploads\/2020\/04\/Ala-i-As-Logo-Nowe_3-long.png?resize=700%2C400 2x"},"classes":[]},{"id":3274,"url":"https:\/\/skawinanaukajazdy.pl\/pl\/e-learning\/","url_meta":{"origin":3267,"position":3},"title":"e-learning czyli teoria w domu","author":"admin","date":"16 pa\u017adziernika 2024","format":false,"excerpt":"Kurs na prawo jazdy przez e-learning 3700 z\u0142 30 + 3 godziny zegarowych jazd egzamin wewn\u0119trzny praktyczny \u2013 gratis pe\u0142en dost\u0119p do platformy edukacyjnej \u2013 gratis wpisowe 200 z\u0142otych (przed rozpocz\u0119ciem nauki) pozosta\u0142a kwota \u2013 raty 0% \u2013 do momentu uko\u0144czenia kursu Zapraszam do skorzystania z u\u0142atwienia jakim jest nauka\u2026","rel":"","context":"Podobny wpis","block_context":{"text":"Podobny wpis","link":""},"img":{"alt_text":"OSK Ala i As e-learning","src":"https:\/\/ml4evcqfigri.i.optimole.com\/w:auto\/h:auto\/q:mauto\/f:best\/https:\/\/i0.wp.com\/skawinanaukajazdy.pl\/wp-content\/uploads\/2021\/03\/e-learning-2-rodzaje-teorii-edited.jpg?resize=350%2C200","width":350,"height":200},"classes":[]},{"id":775,"url":"https:\/\/skawinanaukajazdy.pl\/pl\/osk-ala-i-as\/","url_meta":{"origin":3267,"position":4},"title":"Dlaczego Ala i As","author":"admin","date":"15 czerwca 2024","format":false,"excerpt":"OSK Ala i As - Skawina OSK Ala i As - szko\u0142a nauki jazdy istnieje od 2010 roku w Skawinie. Organizujemy kursy nauki jazdy kategorii B. Szkolenie prowadzone jest na samochodzie Hyundai i20, takim samym jaki jest u\u017cywany na egzaminach w O\u015brodku egzaminacyjnym w Krakowie. Gdy zastanawiacie si\u0119 nad wyborem\u2026","rel":"","context":"W \u201eOferta&quot;","block_context":{"text":"Oferta","link":"https:\/\/skawinanaukajazdy.pl\/pl\/oferta\/"},"img":{"alt_text":"OSK Ala i As - szko\u0142a nauki jazdy w Skawinie","src":"https:\/\/ml4evcqfigri.i.optimole.com\/w:150\/h:150\/q:mauto\/rt:fill\/g:ce\/f:best\/https:\/\/i0.wp.com\/skawinanaukajazdy.pl\/wp-content\/uploads\/2017\/03\/Znaki.png?resize=350%2C200","width":350,"height":200},"classes":[]},{"id":2567,"url":"https:\/\/skawinanaukajazdy.pl\/pl\/nasze-kursy\/","url_meta":{"origin":3267,"position":5},"title":"Oferta","author":"admin","date":"17 marca 2022","format":false,"excerpt":"Kat B PODSTAWOWY Kat B AUTOMAT Kat B OPTYMALNY e-learning Oferta skierowana do os\u00f3b poszukuj\u0105cych dobrej profesjonalnej szko\u0142y nauki jazdy, w kt\u00f3rej ka\u017cdy klient jest obs\u0142u\u017cony indywidualnie i od pocz\u0105tku do ko\u0144ca kursu jest pod opiek\u0105 instruktora prowadz\u0105cego. Ka\u017cda osoba ucz\u0105ca si\u0119 je\u017adzi\u0107 samochodem jest jak sportowiec na treningu indywidualnym.\u2026","rel":"","context":"Podobny wpis","block_context":{"text":"Podobny wpis","link":""},"img":{"alt_text":"","src":"https:\/\/ml4evcqfigri.i.optimole.com\/w:auto\/h:auto\/q:mauto\/f:best\/https:\/\/i0.wp.com\/skawinanaukajazdy.pl\/wp-content\/uploads\/2020\/04\/Ala-i-As-Logo-Red_copy.png?resize=350%2C200","width":350,"height":200},"classes":[]}],"_links":{"self":[{"href":"https:\/\/skawinanaukajazdy.pl\/pl\/wp-json\/wp\/v2\/pages\/3267","targetHints":{"allow":["GET"]}}],"collection":[{"href":"https:\/\/skawinanaukajazdy.pl\/pl\/wp-json\/wp\/v2\/pages"}],"about":[{"href":"https:\/\/skawinanaukajazdy.pl\/pl\/wp-json\/wp\/v2\/types\/page"}],"author":[{"embeddable":true,"href":"https:\/\/skawinanaukajazdy.pl\/pl\/wp-json\/wp\/v2\/users\/1"}],"replies":[{"embeddable":true,"href":"https:\/\/skawinanaukajazdy.pl\/pl\/wp-json\/wp\/v2\/comments?post=3267"}],"version-history":[{"count":3,"href":"https:\/\/skawinanaukajazdy.pl\/pl\/wp-json\/wp\/v2\/pages\/3267\/revisions"}],"predecessor-version":[{"id":3375,"href":"https:\/\/skawinanaukajazdy.pl\/pl\/wp-json\/wp\/v2\/pages\/3267\/revisions\/3375"}],"wp:attachment":[{"href":"https:\/\/skawinanaukajazdy.pl\/pl\/wp-json\/wp\/v2\/media?parent=3267"}],"curies":[{"name":"wp","href":"https:\/\/api.w.org\/{rel}","templated":true}]}}