{"id":277,"date":"2017-03-27T13:27:46","date_gmt":"2017-03-27T11:27:46","guid":{"rendered":"http:\/\/skawinanaukajazdy.pl\/?page_id=277"},"modified":"2021-11-24T04:19:54","modified_gmt":"2021-11-24T03:19:54","slug":"zapisz-sie-na-kurs","status":"publish","type":"page","link":"https:\/\/skawinanaukajazdy.pl\/pl\/zapisz-sie-na-kurs\/","title":{"rendered":"Zapisz si\u0119 na kurs prawa jazdy"},"content":{"rendered":"<p><i>Zapisz si\u0119 na kurs prawa jazdy<\/i><i> wype\u0142nij formularz kontaktowy i wy\u015blij<\/i><i> a my oddzwonimy.<\/i><\/p>\n<p align=\"justify\"><i>Wype\u0142nienie i wys\u0142anie formularza oznacza, \u017ce podane w nim dane osobowe b\u0119d\u0105 przetwarzane w celu nawi\u0105zania kontaktu i przedstawienia oferty przez OSK ALA i AS Zbigniew Knapik. Zasady przetwarzania i informacje o administratorze znajdziesz<\/i><i><u><a href=\"http:\/\/skawinanaukajazdy.pl\/wp-content\/uploads\/2021\/11\/Klauzula-informacyjna-RODO.pdf\" target=\"_blank\" rel=\"noopener noreferrer\"> tutaj<\/a>.<\/u><\/i><\/p>\n<table style=\"width: 162px; height: 163px;\">\n<tbody>\n<tr style=\"height: 104px;\">\n<td style=\"width: 161px; text-align: center; height: 104px;\" colspan=\"1\" rowspan=\"1\"><a href=\"https:\/\/ml4evcqfigri.i.optimole.com\/w:auto\/h:auto\/q:mauto\/g:sm\/f:best\/http:\/\/skawinanaukajazdy.pl\/wp-content\/uploads\/2017\/04\/Zapisz-się.jpg\"><img data-opt-id=1813884312  fetchpriority=\"high\" decoding=\"async\" src=\"https:\/\/ml4evcqfigri.i.optimole.com\/w:auto\/h:auto\/q:mauto\/g:sm\/f:best\/http:\/\/skawinanaukajazdy.pl\/wp-content\/uploads\/2017\/04\/Zapisz-się.jpg\" alt=\"Zapisz si\u0119 na kurs nauki jazdy\" width=\"150\" height=\"150\" \/><\/a><\/td>\n<\/tr>\n<\/tbody>\n<\/table>\n<div class=\"wpforms-container wpforms-container-full\" id=\"wpforms-1284\"><form id=\"wpforms-form-1284\" class=\"wpforms-validate wpforms-form\" data-formid=\"1284\" method=\"post\" enctype=\"multipart\/form-data\" action=\"\/pl\/wp-json\/wp\/v2\/pages\/277\" data-token=\"547785fd60b7e5663dc3c8660bf4f881\" data-token-time=\"1777639786\"><noscript class=\"wpforms-error-noscript\">Aby wype\u0142ni\u0107 ten formularz, w\u0142\u0105cz obs\u0142ug\u0119 JavaScript w przegl\u0105darce.<\/noscript><div class=\"wpforms-field-container\"><div id=\"wpforms-1284-field_0-container\" class=\"wpforms-field wpforms-field-name\" data-field-id=\"0\"><label class=\"wpforms-field-label\" for=\"wpforms-1284-field_0\">NAZWISKO I IMI\u0118 <span class=\"wpforms-required-label\">*<\/span><\/label><input type=\"text\" id=\"wpforms-1284-field_0\" class=\"wpforms-field-medium wpforms-field-required\" name=\"wpforms[fields][0]\" required><\/div><div id=\"wpforms-1284-field_1-container\" class=\"wpforms-field wpforms-field-email\" data-field-id=\"1\"><label class=\"wpforms-field-label\" for=\"wpforms-1284-field_1\">Email <span class=\"wpforms-required-label\">*<\/span><\/label><input type=\"email\" id=\"wpforms-1284-field_1\" class=\"wpforms-field-medium wpforms-field-required\" name=\"wpforms[fields][1]\" spellcheck=\"false\" required><\/div><div id=\"wpforms-1284-field_11-container\" class=\"wpforms-field wpforms-field-text\" data-field-id=\"11\"><label class=\"wpforms-field-label\" for=\"wpforms-1284-field_11\">Telefon <span class=\"wpforms-required-label\">*<\/span><\/label><input type=\"text\" id=\"wpforms-1284-field_11\" class=\"wpforms-field-medium wpforms-field-required\" name=\"wpforms[fields][11]\" required><\/div><div id=\"wpforms-1284-field_2-container\" class=\"wpforms-field wpforms-field-textarea\" data-field-id=\"2\"><label class=\"wpforms-field-label\" for=\"wpforms-1284-field_2\">WIADOMO\u015a\u0106 <span class=\"wpforms-required-label\">*<\/span><\/label><textarea id=\"wpforms-1284-field_2\" class=\"wpforms-field-medium wpforms-field-required\" name=\"wpforms[fields][2]\" required><\/textarea><\/div><div id=\"wpforms-1284-field_8-container\" class=\"wpforms-field wpforms-field-checkbox\" data-field-id=\"8\"><label class=\"wpforms-field-label\">Wybierz kurs<\/label><ul id=\"wpforms-1284-field_8\" data-choice-limit=\"1\"><li class=\"choice-1 depth-1\"><input type=\"checkbox\" id=\"wpforms-1284-field_8_1\" data-rule-check-limit=\"true\" name=\"wpforms[fields][8][]\" value=\"Kurs podstawowy 3700,-\"  ><label class=\"wpforms-field-label-inline\" for=\"wpforms-1284-field_8_1\">Kurs podstawowy 3700,-<\/label><\/li><li class=\"choice-6 depth-1\"><input type=\"checkbox\" id=\"wpforms-1284-field_8_6\" data-rule-check-limit=\"true\" name=\"wpforms[fields][8][]\" value=\"Kurs B AUTOMAT 3900.-\"  ><label class=\"wpforms-field-label-inline\" for=\"wpforms-1284-field_8_6\">Kurs B AUTOMAT 3900.-<\/label><\/li><li class=\"choice-5 depth-1\"><input type=\"checkbox\" id=\"wpforms-1284-field_8_5\" data-rule-check-limit=\"true\" name=\"wpforms[fields][8][]\" value=\"Kurs optymalny 3900,-\"  ><label class=\"wpforms-field-label-inline\" for=\"wpforms-1284-field_8_5\">Kurs optymalny 3900,-<\/label><\/li><li class=\"choice-2 depth-1\"><input type=\"checkbox\" id=\"wpforms-1284-field_8_2\" data-rule-check-limit=\"true\" name=\"wpforms[fields][8][]\" value=\"Kurs e-learning 3700,-\"  ><label class=\"wpforms-field-label-inline\" for=\"wpforms-1284-field_8_2\">Kurs e-learning 3700,-<\/label><\/li><li class=\"choice-3 depth-1\"><input type=\"checkbox\" id=\"wpforms-1284-field_8_3\" data-rule-check-limit=\"true\" name=\"wpforms[fields][8][]\" value=\"Jazdy dodatkowe 130,-\"  ><label class=\"wpforms-field-label-inline\" for=\"wpforms-1284-field_8_3\">Jazdy dodatkowe 130,-<\/label><\/li><li class=\"choice-7 depth-1\"><input type=\"checkbox\" id=\"wpforms-1284-field_8_7\" data-rule-check-limit=\"true\" name=\"wpforms[fields][8][]\" value=\"Jazdy dodatkowe AUTOMAT 130,-\"  ><label class=\"wpforms-field-label-inline\" for=\"wpforms-1284-field_8_7\">Jazdy dodatkowe AUTOMAT 130,-<\/label><\/li><li class=\"choice-4 depth-1\"><input type=\"checkbox\" id=\"wpforms-1284-field_8_4\" data-rule-check-limit=\"true\" name=\"wpforms[fields][8][]\" value=\"Inne\"  ><label class=\"wpforms-field-label-inline\" for=\"wpforms-1284-field_8_4\">Inne<\/label><\/li><\/ul><\/div><\/div><!-- .wpforms-field-container --><div class=\"wpforms-field wpforms-field-hp\"><label for=\"wpforms-1284-field-hp\" class=\"wpforms-field-label\">Phone<\/label><input type=\"text\" name=\"wpforms[hp]\" id=\"wpforms-1284-field-hp\" class=\"wpforms-field-medium\"><\/div><div class=\"wpforms-recaptcha-container wpforms-is-recaptcha wpforms-is-recaptcha-type-v3\" ><input type=\"hidden\" name=\"wpforms[recaptcha]\" value=\"\"><\/div><div class=\"wpforms-submit-container\" ><input type=\"hidden\" name=\"wpforms[id]\" value=\"1284\"><input type=\"hidden\" name=\"page_title\" value=\"\"><input type=\"hidden\" name=\"page_url\" value=\"https:\/\/skawinanaukajazdy.pl\/pl\/wp-json\/wp\/v2\/pages\/277\"><input type=\"hidden\" name=\"url_referer\" value=\"\"><button type=\"submit\" name=\"wpforms[submit]\" id=\"wpforms-submit-1284\" class=\"wpforms-submit\" data-alt-text=\"Wysy\u0142anie...\" data-submit-text=\"Wy\u015blij\" aria-live=\"assertive\" value=\"wpforms-submit\">Wy\u015blij<\/button><\/div><\/form><\/div>  <!-- .wpforms-container -->\n","protected":false},"excerpt":{"rendered":"<p>Zapisz si\u0119 na kurs prawa jazdy wype\u0142nij formularz kontaktowy i wy\u015blij a my oddzwonimy. Wype\u0142nienie i wys\u0142anie formularza oznacza, \u017ce podane w nim dane osobowe b\u0119d\u0105 przetwarzane w celu nawi\u0105zania kontaktu i przedstawienia oferty przez OSK ALA i AS Zbigniew Knapik. Zasady przetwarzania i informacje o administratorze znajdziesz tutaj.<\/p>\n","protected":false},"author":1,"featured_media":0,"parent":0,"menu_order":0,"comment_status":"closed","ping_status":"closed","template":"","meta":{"_themeisle_gutenberg_block_has_review":false,"two_page_speed":{"previous_score":{"desktop_score":97,"desktop_tti":"0.8\u00a0","mobile_score":75,"mobile_tti":"5.3\u00a0","date":"15.06.2024 01:48:35 am","status":"completed"}},"footnotes":""},"class_list":["post-277","page","type-page","status-publish","hentry"],"yoast_head":"<!-- This site is optimized with the Yoast SEO plugin v27.5 - https:\/\/yoast.com\/product\/yoast-seo-wordpress\/ -->\n<title>Zapisz si\u0119 na kurs prawa jazdy<\/title>\n<meta name=\"description\" content=\"Zapisz si\u0119 na kurs - kursy na prawo jazdy kategorii B w Skawinie, zapisz si\u0119 przez internet - wype\u0142nij formularz kontaktowy i wy\u015blij a my oddzwonimy.\" \/>\n<meta name=\"robots\" content=\"index, follow, max-snippet:-1, max-image-preview:large, max-video-preview:-1\" \/>\n<link rel=\"canonical\" href=\"https:\/\/skawinanaukajazdy.pl\/pl\/zapisz-sie-na-kurs\/\" \/>\n<meta property=\"og:locale\" content=\"pl_PL\" \/>\n<meta property=\"og:type\" content=\"article\" \/>\n<meta property=\"og:title\" content=\"Zapisz si\u0119 na kurs prawa jazdy\" \/>\n<meta property=\"og:description\" content=\"Zapisz si\u0119 na kurs - kursy na prawo jazdy kategorii B w Skawinie, zapisz si\u0119 przez internet - wype\u0142nij formularz kontaktowy i wy\u015blij a my oddzwonimy.\" \/>\n<meta property=\"og:url\" content=\"https:\/\/skawinanaukajazdy.pl\/pl\/zapisz-sie-na-kurs\/\" \/>\n<meta property=\"og:site_name\" content=\"Prawo jazdy Skawina\" \/>\n<meta property=\"article:publisher\" content=\"http:\/\/facebook.com\/zibiknapik\/\" \/>\n<meta property=\"article:modified_time\" content=\"2021-11-24T03:19:54+00:00\" \/>\n<meta property=\"og:image\" content=\"https:\/\/ml4evcqfigri.i.optimole.com\/w:auto\/h:auto\/q:mauto\/g:sm\/f:best\/http:\/\/skawinanaukajazdy.pl\/wp-content\/uploads\/2017\/04\/Zapisz-się.jpg\" \/>\n<meta name=\"twitter:label1\" content=\"Szacowany czas czytania\" \/>\n\t<meta name=\"twitter:data1\" content=\"1 minuta\" \/>\n<script type=\"application\/ld+json\" class=\"yoast-schema-graph\">{\"@context\":\"https:\\\/\\\/schema.org\",\"@graph\":[{\"@type\":\"WebPage\",\"@id\":\"https:\\\/\\\/skawinanaukajazdy.pl\\\/zapisz-sie-na-kurs\\\/\",\"url\":\"https:\\\/\\\/skawinanaukajazdy.pl\\\/zapisz-sie-na-kurs\\\/\",\"name\":\"Zapisz si\u0119 na kurs prawa jazdy\",\"isPartOf\":{\"@id\":\"https:\\\/\\\/skawinanaukajazdy.pl\\\/#website\"},\"datePublished\":\"2017-03-27T11:27:46+00:00\",\"dateModified\":\"2021-11-24T03:19:54+00:00\",\"description\":\"Zapisz si\u0119 na kurs - kursy na prawo jazdy kategorii B w Skawinie, zapisz si\u0119 przez internet - wype\u0142nij formularz kontaktowy i wy\u015blij a my oddzwonimy.\",\"breadcrumb\":{\"@id\":\"https:\\\/\\\/skawinanaukajazdy.pl\\\/zapisz-sie-na-kurs\\\/#breadcrumb\"},\"inLanguage\":\"pl-PL\",\"potentialAction\":[{\"@type\":\"ReadAction\",\"target\":[\"https:\\\/\\\/skawinanaukajazdy.pl\\\/zapisz-sie-na-kurs\\\/\"]}]},{\"@type\":\"BreadcrumbList\",\"@id\":\"https:\\\/\\\/skawinanaukajazdy.pl\\\/zapisz-sie-na-kurs\\\/#breadcrumb\",\"itemListElement\":[{\"@type\":\"ListItem\",\"position\":1,\"name\":\"strona g\u0142\u00f3wna\",\"item\":\"https:\\\/\\\/skawinanaukajazdy.pl\\\/\"},{\"@type\":\"ListItem\",\"position\":2,\"name\":\"Zapisz si\u0119 na kurs prawa jazdy\"}]},{\"@type\":\"WebSite\",\"@id\":\"https:\\\/\\\/skawinanaukajazdy.pl\\\/#website\",\"url\":\"https:\\\/\\\/skawinanaukajazdy.pl\\\/\",\"name\":\"O\u015brodek Szkolenia Kierowc\u00f3w Ala i As\",\"description\":\"OSK Ala i As to jedna z najlepszych szk\u00f3\u0142 nauki jazdy w Skawinie\",\"publisher\":{\"@id\":\"https:\\\/\\\/skawinanaukajazdy.pl\\\/#organization\"},\"potentialAction\":[{\"@type\":\"SearchAction\",\"target\":{\"@type\":\"EntryPoint\",\"urlTemplate\":\"https:\\\/\\\/skawinanaukajazdy.pl\\\/?s={search_term_string}\"},\"query-input\":{\"@type\":\"PropertyValueSpecification\",\"valueRequired\":true,\"valueName\":\"search_term_string\"}}],\"inLanguage\":\"pl-PL\"},{\"@type\":\"Organization\",\"@id\":\"https:\\\/\\\/skawinanaukajazdy.pl\\\/#organization\",\"name\":\"OSK Ala i As Zbigniew Knapik\",\"url\":\"https:\\\/\\\/skawinanaukajazdy.pl\\\/\",\"logo\":{\"@type\":\"ImageObject\",\"inLanguage\":\"pl-PL\",\"@id\":\"https:\\\/\\\/skawinanaukajazdy.pl\\\/#\\\/schema\\\/logo\\\/image\\\/\",\"url\":\"https:\\/\\/skawinanaukajazdy.pl\\/wp-content\\/uploads\\/2021\\/04\\/Ala-i-As-Logo-Nowe_3.png\",\"contentUrl\":\"https:\\/\\/skawinanaukajazdy.pl\\/wp-content\\/uploads\\/2021\\/04\\/Ala-i-As-Logo-Nowe_3.png\",\"width\":1078,\"height\":298,\"caption\":\"OSK Ala i As Zbigniew Knapik\"},\"image\":{\"@id\":\"https:\\\/\\\/skawinanaukajazdy.pl\\\/#\\\/schema\\\/logo\\\/image\\\/\"},\"sameAs\":[\"http:\\\/\\\/facebook.com\\\/zibiknapik\\\/\",\"http:\\\/\\\/instagram.com\\\/osk_alaias\\\/\",\"https:\\\/\\\/www.youtube.com\\\/channel\\\/UC42znC6Fn_295PBwQPnHctg\"]}]}<\/script>\n<!-- \/ Yoast SEO plugin. -->","yoast_head_json":{"title":"Zapisz si\u0119 na kurs prawa jazdy","description":"Zapisz si\u0119 na kurs - kursy na prawo jazdy kategorii B w Skawinie, zapisz si\u0119 przez internet - wype\u0142nij formularz kontaktowy i wy\u015blij a my oddzwonimy.","robots":{"index":"index","follow":"follow","max-snippet":"max-snippet:-1","max-image-preview":"max-image-preview:large","max-video-preview":"max-video-preview:-1"},"canonical":"https:\/\/skawinanaukajazdy.pl\/pl\/zapisz-sie-na-kurs\/","og_locale":"pl_PL","og_type":"article","og_title":"Zapisz si\u0119 na kurs prawa jazdy","og_description":"Zapisz si\u0119 na kurs - kursy na prawo jazdy kategorii B w Skawinie, zapisz si\u0119 przez internet - wype\u0142nij formularz kontaktowy i wy\u015blij a my oddzwonimy.","og_url":"https:\/\/skawinanaukajazdy.pl\/pl\/zapisz-sie-na-kurs\/","og_site_name":"Prawo jazdy Skawina","article_publisher":"http:\/\/facebook.com\/zibiknapik\/","article_modified_time":"2021-11-24T03:19:54+00:00","og_image":[{"url":"https:\/\/ml4evcqfigri.i.optimole.com\/w:auto\/h:auto\/q:mauto\/g:sm\/f:best\/http:\/\/skawinanaukajazdy.pl\/wp-content\/uploads\/2017\/04\/Zapisz-się.jpg","type":"","width":"","height":""}],"twitter_misc":{"Szacowany czas czytania":"1 minuta"},"schema":{"@context":"https:\/\/schema.org","@graph":[{"@type":"WebPage","@id":"https:\/\/skawinanaukajazdy.pl\/zapisz-sie-na-kurs\/","url":"https:\/\/skawinanaukajazdy.pl\/zapisz-sie-na-kurs\/","name":"Zapisz si\u0119 na kurs prawa jazdy","isPartOf":{"@id":"https:\/\/skawinanaukajazdy.pl\/#website"},"datePublished":"2017-03-27T11:27:46+00:00","dateModified":"2021-11-24T03:19:54+00:00","description":"Zapisz si\u0119 na kurs - kursy na prawo jazdy kategorii B w Skawinie, zapisz si\u0119 przez internet - wype\u0142nij formularz kontaktowy i wy\u015blij a my oddzwonimy.","breadcrumb":{"@id":"https:\/\/skawinanaukajazdy.pl\/zapisz-sie-na-kurs\/#breadcrumb"},"inLanguage":"pl-PL","potentialAction":[{"@type":"ReadAction","target":["https:\/\/skawinanaukajazdy.pl\/zapisz-sie-na-kurs\/"]}]},{"@type":"BreadcrumbList","@id":"https:\/\/skawinanaukajazdy.pl\/zapisz-sie-na-kurs\/#breadcrumb","itemListElement":[{"@type":"ListItem","position":1,"name":"strona g\u0142\u00f3wna","item":"https:\/\/skawinanaukajazdy.pl\/"},{"@type":"ListItem","position":2,"name":"Zapisz si\u0119 na kurs prawa jazdy"}]},{"@type":"WebSite","@id":"https:\/\/skawinanaukajazdy.pl\/#website","url":"https:\/\/skawinanaukajazdy.pl\/","name":"O\u015brodek Szkolenia Kierowc\u00f3w Ala i As","description":"OSK Ala i As to jedna z najlepszych szk\u00f3\u0142 nauki jazdy w Skawinie","publisher":{"@id":"https:\/\/skawinanaukajazdy.pl\/#organization"},"potentialAction":[{"@type":"SearchAction","target":{"@type":"EntryPoint","urlTemplate":"https:\/\/skawinanaukajazdy.pl\/?s={search_term_string}"},"query-input":{"@type":"PropertyValueSpecification","valueRequired":true,"valueName":"search_term_string"}}],"inLanguage":"pl-PL"},{"@type":"Organization","@id":"https:\/\/skawinanaukajazdy.pl\/#organization","name":"OSK Ala i As Zbigniew Knapik","url":"https:\/\/skawinanaukajazdy.pl\/","logo":{"@type":"ImageObject","inLanguage":"pl-PL","@id":"https:\/\/skawinanaukajazdy.pl\/#\/schema\/logo\/image\/","url":"https:\/\/ml4evcqfigri.i.optimole.com\/w:auto\/h:auto\/q:mauto\/g:sm\/f:best\/https:\/\/skawinanaukajazdy.pl\/wp-content\/uploads\/2021\/04\/Ala-i-As-Logo-Nowe_3.png","contentUrl":"https:\/\/ml4evcqfigri.i.optimole.com\/w:auto\/h:auto\/q:mauto\/g:sm\/f:best\/https:\/\/skawinanaukajazdy.pl\/wp-content\/uploads\/2021\/04\/Ala-i-As-Logo-Nowe_3.png","width":1078,"height":298,"caption":"OSK Ala i As Zbigniew Knapik"},"image":{"@id":"https:\/\/skawinanaukajazdy.pl\/#\/schema\/logo\/image\/"},"sameAs":["http:\/\/facebook.com\/zibiknapik\/","http:\/\/instagram.com\/osk_alaias\/","https:\/\/www.youtube.com\/channel\/UC42znC6Fn_295PBwQPnHctg"]}]}},"jetpack_shortlink":"https:\/\/wp.me\/P9aRuO-4t","jetpack_sharing_enabled":true,"jetpack-related-posts":[{"id":3260,"url":"https:\/\/skawinanaukajazdy.pl\/pl\/kurs-automat\/","url_meta":{"origin":277,"position":0},"title":"Kurs kat. B78 AUTOMAT","author":"admin","date":"15 pa\u017adziernika 2024","format":false,"excerpt":"Kurs kat. B78 AUTOMAT 3900 z\u0142 ZDAJESZ NA TYM CO SI\u0118 UCZYSZ Zapraszam do zapis\u00f3w na kurs prawa jazdy kat. B78 na samochodzie z AUTOMATYCZN\u0104 SKRZYNI\u0104 BIEG\u00d3W Peugeot 308 1,6 Blue HDi Zalety takiego kursu: to przede wszystkim: SZYBKIE I BEZSTRESOWE PROWADZENIE AUTA (brak sprz\u0119g\u0142a) BRAK PROBLEM\u00d3W ZE ZGASZONYM SILNIKIEM\u2026","rel":"","context":"Podobny wpis","block_context":{"text":"Podobny wpis","link":""},"img":{"alt_text":"","src":"https:\/\/ml4evcqfigri.i.optimole.com\/w:150\/h:150\/q:mauto\/rt:fill\/g:sm\/f:best\/https:\/\/i0.wp.com\/skawinanaukajazdy.pl\/wp-content\/uploads\/2022\/04\/Peugeot_2.jpg?resize=350%2C200&ssl=1","width":350,"height":200,"srcset":"https:\/\/ml4evcqfigri.i.optimole.com\/w:150\/h:150\/q:mauto\/rt:fill\/g:sm\/f:best\/https:\/\/i0.wp.com\/skawinanaukajazdy.pl\/wp-content\/uploads\/2022\/04\/Peugeot_2.jpg?resize=350%2C200&ssl=1 1x, https:\/\/ml4evcqfigri.i.optimole.com\/w:150\/h:150\/q:mauto\/rt:fill\/g:sm\/f:best\/https:\/\/i0.wp.com\/skawinanaukajazdy.pl\/wp-content\/uploads\/2022\/04\/Peugeot_2.jpg?resize=525%2C300&ssl=1 1.5x, https:\/\/ml4evcqfigri.i.optimole.com\/w:150\/h:150\/q:mauto\/rt:fill\/g:sm\/f:best\/https:\/\/i0.wp.com\/skawinanaukajazdy.pl\/wp-content\/uploads\/2022\/04\/Peugeot_2.jpg?resize=700%2C400&ssl=1 2x, https:\/\/ml4evcqfigri.i.optimole.com\/w:150\/h:150\/q:mauto\/rt:fill\/g:sm\/f:best\/https:\/\/i0.wp.com\/skawinanaukajazdy.pl\/wp-content\/uploads\/2022\/04\/Peugeot_2.jpg?resize=1050%2C600&ssl=1 3x, https:\/\/ml4evcqfigri.i.optimole.com\/w:150\/h:150\/q:mauto\/rt:fill\/g:sm\/f:best\/https:\/\/i0.wp.com\/skawinanaukajazdy.pl\/wp-content\/uploads\/2022\/04\/Peugeot_2.jpg?resize=1400%2C800&ssl=1 4x"},"classes":[]},{"id":20,"url":"https:\/\/skawinanaukajazdy.pl\/pl\/cennik-osk-ala-i-as\/","url_meta":{"origin":277,"position":1},"title":"CENNIK","author":"admin","date":"3 sierpnia 2022","format":false,"excerpt":"FORMY P\u0141ATNO\u015aCI p\u0142atno\u015b\u0107 GOT\u00d3WK\u0104 p\u0142atno\u015b\u0107 PRZELEWEM (przelew na poni\u017csze konto) p\u0142atno\u015b\u0107 BLIKIEM na telefon NR KONTA: mBank: 63 1140 2004 0000 3102 8068 7207 (OSK Ala i As Zbigniew Knapik, ul. Torowa 8 32-050 SKAWINA) RATY 0% op\u0142aty za kurs mo\u017cna dokona\u0107 w nieoprocentowanych ratach roz\u0142o\u017conych na czas trwania kursu,\u2026","rel":"","context":"W \u201eOferta&quot;","block_context":{"text":"Oferta","link":"https:\/\/skawinanaukajazdy.pl\/pl\/oferta\/"},"img":{"alt_text":"","src":"https:\/\/ml4evcqfigri.i.optimole.com\/w:1024\/h:96\/q:mauto\/g:sm\/f:best\/https:\/\/i0.wp.com\/skawinanaukajazdy.pl\/wp-content\/uploads\/2020\/04\/Ala-i-As-Logo-Nowe_3-long.png?resize=350%2C200","width":350,"height":200,"srcset":"https:\/\/ml4evcqfigri.i.optimole.com\/w:1024\/h:96\/q:mauto\/g:sm\/f:best\/https:\/\/i0.wp.com\/skawinanaukajazdy.pl\/wp-content\/uploads\/2020\/04\/Ala-i-As-Logo-Nowe_3-long.png?resize=350%2C200 1x, https:\/\/ml4evcqfigri.i.optimole.com\/w:1024\/h:96\/q:mauto\/g:sm\/f:best\/https:\/\/i0.wp.com\/skawinanaukajazdy.pl\/wp-content\/uploads\/2020\/04\/Ala-i-As-Logo-Nowe_3-long.png?resize=525%2C300 1.5x, https:\/\/ml4evcqfigri.i.optimole.com\/w:1024\/h:96\/q:mauto\/g:sm\/f:best\/https:\/\/i0.wp.com\/skawinanaukajazdy.pl\/wp-content\/uploads\/2020\/04\/Ala-i-As-Logo-Nowe_3-long.png?resize=700%2C400 2x"},"classes":[]},{"id":22,"url":"https:\/\/skawinanaukajazdy.pl\/pl\/kontakt\/","url_meta":{"origin":277,"position":2},"title":"Kontakt &#8211; informacje kontaktowe","author":"admin","date":"15 marca 2017","format":false,"excerpt":"KONTAKT OSK Ala i As Zbigniew Knapik biuro: czynne w ka\u017cd\u0105 \u015brod\u0119 od 16.00 do 18.00 32-050 Skawinaul. Torowa 8 tel: +48 668 94 83 83 osk.biuro@gmail.com Formularz kontaktowy","rel":"","context":"Podobny wpis","block_context":{"text":"Podobny wpis","link":""},"img":{"alt_text":"Kontakt do OSK Ala i As","src":"https:\/\/ml4evcqfigri.i.optimole.com\/w:auto\/h:auto\/q:mauto\/g:sm\/f:best\/https:\/\/i0.wp.com\/skawinanaukajazdy.pl\/wp-content\/uploads\/2017\/04\/Kontakt.jpg?resize=350%2C200","width":350,"height":200},"classes":[]},{"id":3272,"url":"https:\/\/skawinanaukajazdy.pl\/pl\/kurs-optymalny\/","url_meta":{"origin":277,"position":3},"title":"Kurs optymalny kat. B","author":"admin","date":"16 pa\u017adziernika 2024","format":false,"excerpt":"Kurs optymalny kat. B 3900 z\u0142 Kurs optymalny kat. B jest to tradycyjny kurs sk\u0142adaj\u0105cy si\u0119 z wyk\u0142ad\u00f3w i nauki jazdy praktycznej. 30 godzin lekcyjnych teorii 30 + 6 godzin zegarowych jazd egzamin wewn\u0119trzny \u2013 gratis materia\u0142y szkoleniowe \u2013 gratis wpisowe 200 z\u0142otych (przed rozpocz\u0119ciem zaj\u0119\u0107 teoretycznych) pozosta\u0142a kwota \u2013\u2026","rel":"","context":"Podobny wpis","block_context":{"text":"Podobny wpis","link":""},"img":{"alt_text":"Kurs optymalny","src":"https:\/\/ml4evcqfigri.i.optimole.com\/w:auto\/h:auto\/q:mauto\/g:sm\/f:best\/https:\/\/i0.wp.com\/skawinanaukajazdy.pl\/wp-content\/uploads\/2023\/05\/pexels-photo-2203535-edited-1.jpeg?resize=350%2C200&ssl=1","width":350,"height":200,"srcset":"https:\/\/ml4evcqfigri.i.optimole.com\/w:auto\/h:auto\/q:mauto\/g:sm\/f:best\/https:\/\/i0.wp.com\/skawinanaukajazdy.pl\/wp-content\/uploads\/2023\/05\/pexels-photo-2203535-edited-1.jpeg?resize=350%2C200&ssl=1 1x, https:\/\/ml4evcqfigri.i.optimole.com\/w:auto\/h:auto\/q:mauto\/g:sm\/f:best\/https:\/\/i0.wp.com\/skawinanaukajazdy.pl\/wp-content\/uploads\/2023\/05\/pexels-photo-2203535-edited-1.jpeg?resize=525%2C300&ssl=1 1.5x, https:\/\/ml4evcqfigri.i.optimole.com\/w:auto\/h:auto\/q:mauto\/g:sm\/f:best\/https:\/\/i0.wp.com\/skawinanaukajazdy.pl\/wp-content\/uploads\/2023\/05\/pexels-photo-2203535-edited-1.jpeg?resize=700%2C400&ssl=1 2x"},"classes":[]},{"id":3267,"url":"https:\/\/skawinanaukajazdy.pl\/pl\/kurs-podstawowy\/","url_meta":{"origin":277,"position":4},"title":"Kurs podstawowy","author":"admin","date":"16 pa\u017adziernika 2024","format":false,"excerpt":"Kurs podstawowy kat. B 3700 z\u0142 30 godzin lekcyjnych teorii 30 + 3 godziny zegarowych jazd egzamin wewn\u0119trzny \u2013 gratis materia\u0142y szkoleniowe \u2013 gratis wpisowe 200 z\u0142otych (przed rozpocz\u0119ciem zaj\u0119\u0107 teoretycznych) pozosta\u0142a kwota \u2013 raty 0% \u2013 do momentu uko\u0144czenia kursu Kurs podstawowy jest to tradycyjny kurs sk\u0142adaj\u0105cy si\u0119 z\u2026","rel":"","context":"Podobny wpis","block_context":{"text":"Podobny wpis","link":""},"img":{"alt_text":"","src":"https:\/\/ml4evcqfigri.i.optimole.com\/w:auto\/h:auto\/q:mauto\/g:sm\/f:best\/https:\/\/i0.wp.com\/skawinanaukajazdy.pl\/wp-content\/uploads\/2020\/03\/000945.jpg?resize=350%2C200&ssl=1","width":350,"height":200,"srcset":"https:\/\/ml4evcqfigri.i.optimole.com\/w:auto\/h:auto\/q:mauto\/g:sm\/f:best\/https:\/\/i0.wp.com\/skawinanaukajazdy.pl\/wp-content\/uploads\/2020\/03\/000945.jpg?resize=350%2C200&ssl=1 1x, https:\/\/ml4evcqfigri.i.optimole.com\/w:auto\/h:auto\/q:mauto\/g:sm\/f:best\/https:\/\/i0.wp.com\/skawinanaukajazdy.pl\/wp-content\/uploads\/2020\/03\/000945.jpg?resize=525%2C300&ssl=1 1.5x, https:\/\/ml4evcqfigri.i.optimole.com\/w:auto\/h:auto\/q:mauto\/g:sm\/f:best\/https:\/\/i0.wp.com\/skawinanaukajazdy.pl\/wp-content\/uploads\/2020\/03\/000945.jpg?resize=700%2C400&ssl=1 2x"},"classes":[]},{"id":3274,"url":"https:\/\/skawinanaukajazdy.pl\/pl\/e-learning\/","url_meta":{"origin":277,"position":5},"title":"e-learning czyli teoria w domu","author":"admin","date":"16 pa\u017adziernika 2024","format":false,"excerpt":"Kurs na prawo jazdy przez e-learning 3700 z\u0142 30 + 3 godziny zegarowych jazd egzamin wewn\u0119trzny praktyczny \u2013 gratis pe\u0142en dost\u0119p do platformy edukacyjnej \u2013 gratis wpisowe 200 z\u0142otych (przed rozpocz\u0119ciem nauki) pozosta\u0142a kwota \u2013 raty 0% \u2013 do momentu uko\u0144czenia kursu Zapraszam do skorzystania z u\u0142atwienia jakim jest nauka\u2026","rel":"","context":"Podobny wpis","block_context":{"text":"Podobny wpis","link":""},"img":{"alt_text":"OSK Ala i As e-learning","src":"https:\/\/ml4evcqfigri.i.optimole.com\/w:auto\/h:auto\/q:mauto\/g:sm\/f:best\/https:\/\/i0.wp.com\/skawinanaukajazdy.pl\/wp-content\/uploads\/2021\/03\/e-learning-2-rodzaje-teorii-edited.jpg?resize=350%2C200","width":350,"height":200},"classes":[]}],"_links":{"self":[{"href":"https:\/\/skawinanaukajazdy.pl\/pl\/wp-json\/wp\/v2\/pages\/277","targetHints":{"allow":["GET"]}}],"collection":[{"href":"https:\/\/skawinanaukajazdy.pl\/pl\/wp-json\/wp\/v2\/pages"}],"about":[{"href":"https:\/\/skawinanaukajazdy.pl\/pl\/wp-json\/wp\/v2\/types\/page"}],"author":[{"embeddable":true,"href":"https:\/\/skawinanaukajazdy.pl\/pl\/wp-json\/wp\/v2\/users\/1"}],"replies":[{"embeddable":true,"href":"https:\/\/skawinanaukajazdy.pl\/pl\/wp-json\/wp\/v2\/comments?post=277"}],"version-history":[{"count":34,"href":"https:\/\/skawinanaukajazdy.pl\/pl\/wp-json\/wp\/v2\/pages\/277\/revisions"}],"predecessor-version":[{"id":3175,"href":"https:\/\/skawinanaukajazdy.pl\/pl\/wp-json\/wp\/v2\/pages\/277\/revisions\/3175"}],"wp:attachment":[{"href":"https:\/\/skawinanaukajazdy.pl\/pl\/wp-json\/wp\/v2\/media?parent=277"}],"curies":[{"name":"wp","href":"https:\/\/api.w.org\/{rel}","templated":true}]}}