{"id":2567,"date":"2022-03-17T23:00:22","date_gmt":"2022-03-17T22:00:22","guid":{"rendered":"https:\/\/skawinanaukajazdy.pl\/?page_id=2567"},"modified":"2026-05-01T14:27:21","modified_gmt":"2026-05-01T12:27:21","slug":"nasze-kursy","status":"publish","type":"page","link":"https:\/\/skawinanaukajazdy.pl\/pl\/nasze-kursy\/","title":{"rendered":"Oferta"},"content":{"rendered":"\n<figure class=\"wp-block-image size-full\"><img data-opt-id=945632013  fetchpriority=\"high\" decoding=\"async\" width=\"320\" height=\"87\" data-attachment-id=\"1420\" data-permalink=\"https:\/\/skawinanaukajazdy.pl\/pl\/ala-i-as-logo-red_copy\/\" data-orig-file=\"https:\/\/ml4evcqfigri.i.optimole.com\/w:auto\/h:auto\/q:mauto\/g:sm\/f:best\/https:\/\/skawinanaukajazdy.pl\/wp-content\/uploads\/2020\/04\/Ala-i-As-Logo-Red_copy.png\" data-orig-size=\"320,87\" data-comments-opened=\"0\" data-image-meta=\"{&quot;aperture&quot;:&quot;0&quot;,&quot;credit&quot;:&quot;&quot;,&quot;camera&quot;:&quot;&quot;,&quot;caption&quot;:&quot;&quot;,&quot;created_timestamp&quot;:&quot;0&quot;,&quot;copyright&quot;:&quot;&quot;,&quot;focal_length&quot;:&quot;0&quot;,&quot;iso&quot;:&quot;0&quot;,&quot;shutter_speed&quot;:&quot;0&quot;,&quot;title&quot;:&quot;&quot;,&quot;orientation&quot;:&quot;0&quot;}\" data-image-title=\"Ala i As Logo Red_copy\" data-image-description=\"\" data-image-caption=\"\" data-large-file=\"https:\/\/ml4evcqfigri.i.optimole.com\/w:auto\/h:auto\/q:mauto\/g:sm\/f:best\/https:\/\/skawinanaukajazdy.pl\/wp-content\/uploads\/2020\/04\/Ala-i-As-Logo-Red_copy.png\" src=\"https:\/\/ml4evcqfigri.i.optimole.com\/w:auto\/h:auto\/q:mauto\/g:sm\/f:best\/http:\/\/skawinanaukajazdy.pl\/wp-content\/uploads\/2020\/04\/Ala-i-As-Logo-Red_copy.png\" alt=\"\" class=\"wp-image-1420\" srcset=\"https:\/\/ml4evcqfigri.i.optimole.com\/w:320\/h:87\/q:mauto\/g:sm\/f:best\/https:\/\/skawinanaukajazdy.pl\/wp-content\/uploads\/2020\/04\/Ala-i-As-Logo-Red_copy.png 320w, https:\/\/ml4evcqfigri.i.optimole.com\/w:300\/h:82\/q:mauto\/g:sm\/f:best\/https:\/\/skawinanaukajazdy.pl\/wp-content\/uploads\/2020\/04\/Ala-i-As-Logo-Red_copy.png 300w\" sizes=\"(max-width: 320px) 100vw, 320px\" \/><\/figure>\n\n\n\n<div style=\"height:50px\" aria-hidden=\"true\" class=\"wp-block-spacer\"><\/div>\n\n\n\n<div class=\"wp-block-buttons is-horizontal is-content-justification-left is-layout-flex wp-container-core-buttons-is-layout-20be11b6 wp-block-buttons-is-layout-flex\">\n<div class=\"wp-block-button is-style-fill\"><a class=\"wp-block-button__link has-white-color has-text-color has-background has-link-color has-small-font-size has-custom-font-size wp-element-button\" href=\"https:\/\/skawinanaukajazdy.pl\/pl_pl\/kurs-podstawowy\/\" style=\"background-color:#fd0202\">Kat B PODSTAWOWY<\/a><\/div>\n\n\n\n<div class=\"wp-block-button\"><a class=\"wp-block-button__link has-white-color has-text-color has-background has-link-color has-small-font-size has-custom-font-size wp-element-button\" href=\"https:\/\/skawinanaukajazdy.pl\/kurs-automat\/\" style=\"background-color:#08025c\">Kat B AUTOMAT<\/a><\/div>\n\n\n\n<div class=\"wp-block-button\"><a class=\"wp-block-button__link has-white-color has-accent-background-color has-text-color has-background has-link-color has-small-font-size has-custom-font-size wp-element-button\" href=\"https:\/\/skawinanaukajazdy.pl\/pl_pl\/kurs-optymalny\/\">Kat B OPTYMALNY<\/a><\/div>\n\n\n\n<div class=\"wp-block-button\"><a class=\"wp-block-button__link has-white-color has-navbar-text-color-background-color has-text-color has-background has-link-color has-small-font-size has-custom-font-size wp-element-button\" href=\"https:\/\/skawinanaukajazdy.pl\/pl_pl\/e-learning\/\">e-learning<\/a><\/div>\n<\/div>\n\n\n\n<div style=\"height:16px\" aria-hidden=\"true\" class=\"wp-block-spacer\"><\/div>\n\n\n\n<hr class=\"wp-block-separator has-css-opacity\"\/>\n\n\n\n<p class=\"has-text-align-left\">Oferta skierowana do os\u00f3b poszukuj\u0105cych dobrej profesjonalnej szko\u0142y nauki jazdy, w kt\u00f3rej ka\u017cdy klient jest obs\u0142u\u017cony indywidualnie i od pocz\u0105tku do ko\u0144ca kursu jest pod opiek\u0105 instruktora prowadz\u0105cego. <\/p>\n\n\n\n<p class=\"has-text-align-left\">Ka\u017cda osoba ucz\u0105ca si\u0119 je\u017adzi\u0107 samochodem jest jak sportowiec na treningu indywidualnym. Potrzebuje opieki i zainteresowania ze strony trenera i dostosowania metod treningowych do w\u0142asnej psychomotoryki.<\/p>\n\n\n\n<p class=\"has-text-align-left\">By\u0142em sportowcem trenuj\u0105cym dyscypliny indywidualne i uko\u0144czy\u0142em AWF w Krakowie, tak\u017ce wiem o czym m\u00f3wi\u0119. Nie s\u0105 mi obce metody treningowe i ocena zawodnik\u00f3w.<\/p>\n\n\n\n<p class=\"has-text-align-left\">Ka\u017cdy instruktor to trener a ka\u017cdy kandydat na kierowc\u0119 to zawodnik. Dobrze jest kiedy trenerem zostaje osoba posiadaj\u0105ca kwalifikacje i do\u015bwiadczenie w danej dyscyplinie. Nie tylko m\u00f3wimy o do\u015bwiadczeniu za kierownic\u0105 cho\u0107 to bardzo wa\u017cny aspekt, ale m\u00f3wimy o znajomo\u015bci technik i metod treningowych.<\/p>\n\n\n\n<p class=\"has-text-align-left\">Wszystko to \u0142\u0105czymy w OSK Ala i As. Zapraszamy do zapisu na kurs.<\/p>\n","protected":false},"excerpt":{"rendered":"<p>Oferta skierowana do os\u00f3b poszukuj\u0105cych dobrej profesjonalnej szko\u0142y nauki jazdy, w kt\u00f3rej ka\u017cdy klient jest obs\u0142u\u017cony indywidualnie i od pocz\u0105tku do ko\u0144ca kursu jest pod opiek\u0105 instruktora prowadz\u0105cego. Ka\u017cda osoba ucz\u0105ca si\u0119 je\u017adzi\u0107 samochodem jest jak sportowiec na treningu indywidualnym. Potrzebuje opieki i zainteresowania ze strony trenera i dostosowania metod [&hellip;]<\/p>\n","protected":false},"author":1,"featured_media":0,"parent":0,"menu_order":0,"comment_status":"closed","ping_status":"closed","template":"page-templates\/template-fullwidth.php","meta":{"_themeisle_gutenberg_block_has_review":false,"two_page_speed":[],"footnotes":""},"class_list":["post-2567","page","type-page","status-publish","hentry"],"yoast_head":"<!-- This site is optimized with the Yoast SEO plugin v27.5 - https:\/\/yoast.com\/product\/yoast-seo-wordpress\/ -->\n<title>Oferta - Prawo jazdy Skawina<\/title>\n<meta name=\"robots\" content=\"index, follow, max-snippet:-1, max-image-preview:large, max-video-preview:-1\" \/>\n<link rel=\"canonical\" href=\"https:\/\/skawinanaukajazdy.pl\/pl\/nasze-kursy\/\" \/>\n<meta property=\"og:locale\" content=\"pl_PL\" \/>\n<meta property=\"og:type\" content=\"article\" \/>\n<meta property=\"og:title\" content=\"Oferta - Prawo jazdy Skawina\" \/>\n<meta property=\"og:description\" content=\"Oferta skierowana do os\u00f3b poszukuj\u0105cych dobrej profesjonalnej szko\u0142y nauki jazdy, w kt\u00f3rej ka\u017cdy klient jest obs\u0142u\u017cony indywidualnie i od pocz\u0105tku do ko\u0144ca kursu jest pod opiek\u0105 instruktora prowadz\u0105cego. Ka\u017cda osoba ucz\u0105ca si\u0119 je\u017adzi\u0107 samochodem jest jak sportowiec na treningu indywidualnym. Potrzebuje opieki i zainteresowania ze strony trenera i dostosowania metod [&hellip;]\" \/>\n<meta property=\"og:url\" content=\"https:\/\/skawinanaukajazdy.pl\/pl\/nasze-kursy\/\" \/>\n<meta property=\"og:site_name\" content=\"Prawo jazdy Skawina\" \/>\n<meta property=\"article:publisher\" content=\"http:\/\/facebook.com\/zibiknapik\/\" \/>\n<meta property=\"article:modified_time\" content=\"2026-05-01T12:27:21+00:00\" \/>\n<meta property=\"og:image\" content=\"https:\/\/ml4evcqfigri.i.optimole.com\/w:auto\/h:auto\/q:mauto\/g:sm\/f:best\/https:\/\/skawinanaukajazdy.pl\/wp-content\/uploads\/2020\/04\/Ala-i-As-Logo-Red_copy.png\" \/>\n\t<meta property=\"og:image:width\" content=\"320\" \/>\n\t<meta property=\"og:image:height\" content=\"87\" \/>\n\t<meta property=\"og:image:type\" content=\"image\/png\" \/>\n<meta name=\"twitter:label1\" content=\"Szacowany czas czytania\" \/>\n\t<meta name=\"twitter:data1\" content=\"2 minuty\" \/>\n<script type=\"application\/ld+json\" class=\"yoast-schema-graph\">{\"@context\":\"https:\\\/\\\/schema.org\",\"@graph\":[{\"@type\":\"WebPage\",\"@id\":\"https:\\\/\\\/skawinanaukajazdy.pl\\\/nasze-kursy\\\/\",\"url\":\"https:\\\/\\\/skawinanaukajazdy.pl\\\/nasze-kursy\\\/\",\"name\":\"Oferta - Prawo jazdy Skawina\",\"isPartOf\":{\"@id\":\"https:\\\/\\\/skawinanaukajazdy.pl\\\/#website\"},\"primaryImageOfPage\":{\"@id\":\"https:\\\/\\\/skawinanaukajazdy.pl\\\/nasze-kursy\\\/#primaryimage\"},\"image\":{\"@id\":\"https:\\\/\\\/skawinanaukajazdy.pl\\\/nasze-kursy\\\/#primaryimage\"},\"thumbnailUrl\":\"http:\\/\\/skawinanaukajazdy.pl\\/wp-content\\/uploads\\/2020\\/04\\/Ala-i-As-Logo-Red_copy.png\",\"datePublished\":\"2022-03-17T22:00:22+00:00\",\"dateModified\":\"2026-05-01T12:27:21+00:00\",\"breadcrumb\":{\"@id\":\"https:\\\/\\\/skawinanaukajazdy.pl\\\/nasze-kursy\\\/#breadcrumb\"},\"inLanguage\":\"pl-PL\",\"potentialAction\":[{\"@type\":\"ReadAction\",\"target\":[\"https:\\\/\\\/skawinanaukajazdy.pl\\\/nasze-kursy\\\/\"]}]},{\"@type\":\"ImageObject\",\"inLanguage\":\"pl-PL\",\"@id\":\"https:\\\/\\\/skawinanaukajazdy.pl\\\/nasze-kursy\\\/#primaryimage\",\"url\":\"http:\\/\\/skawinanaukajazdy.pl\\/wp-content\\/uploads\\/2020\\/04\\/Ala-i-As-Logo-Red_copy.png\",\"contentUrl\":\"http:\\/\\/skawinanaukajazdy.pl\\/wp-content\\/uploads\\/2020\\/04\\/Ala-i-As-Logo-Red_copy.png\"},{\"@type\":\"BreadcrumbList\",\"@id\":\"https:\\\/\\\/skawinanaukajazdy.pl\\\/nasze-kursy\\\/#breadcrumb\",\"itemListElement\":[{\"@type\":\"ListItem\",\"position\":1,\"name\":\"strona g\u0142\u00f3wna\",\"item\":\"https:\\\/\\\/skawinanaukajazdy.pl\\\/\"},{\"@type\":\"ListItem\",\"position\":2,\"name\":\"Oferta\"}]},{\"@type\":\"WebSite\",\"@id\":\"https:\\\/\\\/skawinanaukajazdy.pl\\\/#website\",\"url\":\"https:\\\/\\\/skawinanaukajazdy.pl\\\/\",\"name\":\"O\u015brodek Szkolenia Kierowc\u00f3w Ala i As\",\"description\":\"OSK Ala i As to jedna z najlepszych szk\u00f3\u0142 nauki jazdy w Skawinie\",\"publisher\":{\"@id\":\"https:\\\/\\\/skawinanaukajazdy.pl\\\/#organization\"},\"potentialAction\":[{\"@type\":\"SearchAction\",\"target\":{\"@type\":\"EntryPoint\",\"urlTemplate\":\"https:\\\/\\\/skawinanaukajazdy.pl\\\/?s={search_term_string}\"},\"query-input\":{\"@type\":\"PropertyValueSpecification\",\"valueRequired\":true,\"valueName\":\"search_term_string\"}}],\"inLanguage\":\"pl-PL\"},{\"@type\":\"Organization\",\"@id\":\"https:\\\/\\\/skawinanaukajazdy.pl\\\/#organization\",\"name\":\"OSK Ala i As Zbigniew Knapik\",\"url\":\"https:\\\/\\\/skawinanaukajazdy.pl\\\/\",\"logo\":{\"@type\":\"ImageObject\",\"inLanguage\":\"pl-PL\",\"@id\":\"https:\\\/\\\/skawinanaukajazdy.pl\\\/#\\\/schema\\\/logo\\\/image\\\/\",\"url\":\"https:\\/\\/skawinanaukajazdy.pl\\/wp-content\\/uploads\\/2021\\/04\\/Ala-i-As-Logo-Nowe_3.png\",\"contentUrl\":\"https:\\/\\/skawinanaukajazdy.pl\\/wp-content\\/uploads\\/2021\\/04\\/Ala-i-As-Logo-Nowe_3.png\",\"width\":1078,\"height\":298,\"caption\":\"OSK Ala i As Zbigniew Knapik\"},\"image\":{\"@id\":\"https:\\\/\\\/skawinanaukajazdy.pl\\\/#\\\/schema\\\/logo\\\/image\\\/\"},\"sameAs\":[\"http:\\\/\\\/facebook.com\\\/zibiknapik\\\/\",\"http:\\\/\\\/instagram.com\\\/osk_alaias\\\/\",\"https:\\\/\\\/www.youtube.com\\\/channel\\\/UC42znC6Fn_295PBwQPnHctg\"]}]}<\/script>\n<!-- \/ Yoast SEO plugin. -->","yoast_head_json":{"title":"Oferta - Prawo jazdy Skawina","robots":{"index":"index","follow":"follow","max-snippet":"max-snippet:-1","max-image-preview":"max-image-preview:large","max-video-preview":"max-video-preview:-1"},"canonical":"https:\/\/skawinanaukajazdy.pl\/pl\/nasze-kursy\/","og_locale":"pl_PL","og_type":"article","og_title":"Oferta - Prawo jazdy Skawina","og_description":"Oferta skierowana do os\u00f3b poszukuj\u0105cych dobrej profesjonalnej szko\u0142y nauki jazdy, w kt\u00f3rej ka\u017cdy klient jest obs\u0142u\u017cony indywidualnie i od pocz\u0105tku do ko\u0144ca kursu jest pod opiek\u0105 instruktora prowadz\u0105cego. Ka\u017cda osoba ucz\u0105ca si\u0119 je\u017adzi\u0107 samochodem jest jak sportowiec na treningu indywidualnym. Potrzebuje opieki i zainteresowania ze strony trenera i dostosowania metod [&hellip;]","og_url":"https:\/\/skawinanaukajazdy.pl\/pl\/nasze-kursy\/","og_site_name":"Prawo jazdy Skawina","article_publisher":"http:\/\/facebook.com\/zibiknapik\/","article_modified_time":"2026-05-01T12:27:21+00:00","og_image":[{"width":320,"height":87,"url":"https:\/\/ml4evcqfigri.i.optimole.com\/w:auto\/h:auto\/q:mauto\/g:sm\/f:best\/https:\/\/skawinanaukajazdy.pl\/wp-content\/uploads\/2020\/04\/Ala-i-As-Logo-Red_copy.png","type":"image\/png"}],"twitter_misc":{"Szacowany czas czytania":"2 minuty"},"schema":{"@context":"https:\/\/schema.org","@graph":[{"@type":"WebPage","@id":"https:\/\/skawinanaukajazdy.pl\/nasze-kursy\/","url":"https:\/\/skawinanaukajazdy.pl\/nasze-kursy\/","name":"Oferta - Prawo jazdy Skawina","isPartOf":{"@id":"https:\/\/skawinanaukajazdy.pl\/#website"},"primaryImageOfPage":{"@id":"https:\/\/skawinanaukajazdy.pl\/nasze-kursy\/#primaryimage"},"image":{"@id":"https:\/\/skawinanaukajazdy.pl\/nasze-kursy\/#primaryimage"},"thumbnailUrl":"https:\/\/ml4evcqfigri.i.optimole.com\/w:auto\/h:auto\/q:mauto\/g:sm\/f:best\/http:\/\/skawinanaukajazdy.pl\/wp-content\/uploads\/2020\/04\/Ala-i-As-Logo-Red_copy.png","datePublished":"2022-03-17T22:00:22+00:00","dateModified":"2026-05-01T12:27:21+00:00","breadcrumb":{"@id":"https:\/\/skawinanaukajazdy.pl\/nasze-kursy\/#breadcrumb"},"inLanguage":"pl-PL","potentialAction":[{"@type":"ReadAction","target":["https:\/\/skawinanaukajazdy.pl\/nasze-kursy\/"]}]},{"@type":"ImageObject","inLanguage":"pl-PL","@id":"https:\/\/skawinanaukajazdy.pl\/nasze-kursy\/#primaryimage","url":"https:\/\/ml4evcqfigri.i.optimole.com\/w:auto\/h:auto\/q:mauto\/g:sm\/f:best\/http:\/\/skawinanaukajazdy.pl\/wp-content\/uploads\/2020\/04\/Ala-i-As-Logo-Red_copy.png","contentUrl":"https:\/\/ml4evcqfigri.i.optimole.com\/w:auto\/h:auto\/q:mauto\/g:sm\/f:best\/http:\/\/skawinanaukajazdy.pl\/wp-content\/uploads\/2020\/04\/Ala-i-As-Logo-Red_copy.png"},{"@type":"BreadcrumbList","@id":"https:\/\/skawinanaukajazdy.pl\/nasze-kursy\/#breadcrumb","itemListElement":[{"@type":"ListItem","position":1,"name":"strona g\u0142\u00f3wna","item":"https:\/\/skawinanaukajazdy.pl\/"},{"@type":"ListItem","position":2,"name":"Oferta"}]},{"@type":"WebSite","@id":"https:\/\/skawinanaukajazdy.pl\/#website","url":"https:\/\/skawinanaukajazdy.pl\/","name":"O\u015brodek Szkolenia Kierowc\u00f3w Ala i As","description":"OSK Ala i As to jedna z najlepszych szk\u00f3\u0142 nauki jazdy w Skawinie","publisher":{"@id":"https:\/\/skawinanaukajazdy.pl\/#organization"},"potentialAction":[{"@type":"SearchAction","target":{"@type":"EntryPoint","urlTemplate":"https:\/\/skawinanaukajazdy.pl\/?s={search_term_string}"},"query-input":{"@type":"PropertyValueSpecification","valueRequired":true,"valueName":"search_term_string"}}],"inLanguage":"pl-PL"},{"@type":"Organization","@id":"https:\/\/skawinanaukajazdy.pl\/#organization","name":"OSK Ala i As Zbigniew Knapik","url":"https:\/\/skawinanaukajazdy.pl\/","logo":{"@type":"ImageObject","inLanguage":"pl-PL","@id":"https:\/\/skawinanaukajazdy.pl\/#\/schema\/logo\/image\/","url":"https:\/\/ml4evcqfigri.i.optimole.com\/w:auto\/h:auto\/q:mauto\/g:sm\/f:best\/https:\/\/skawinanaukajazdy.pl\/wp-content\/uploads\/2021\/04\/Ala-i-As-Logo-Nowe_3.png","contentUrl":"https:\/\/ml4evcqfigri.i.optimole.com\/w:auto\/h:auto\/q:mauto\/g:sm\/f:best\/https:\/\/skawinanaukajazdy.pl\/wp-content\/uploads\/2021\/04\/Ala-i-As-Logo-Nowe_3.png","width":1078,"height":298,"caption":"OSK Ala i As Zbigniew Knapik"},"image":{"@id":"https:\/\/skawinanaukajazdy.pl\/#\/schema\/logo\/image\/"},"sameAs":["http:\/\/facebook.com\/zibiknapik\/","http:\/\/instagram.com\/osk_alaias\/","https:\/\/www.youtube.com\/channel\/UC42znC6Fn_295PBwQPnHctg"]}]}},"jetpack_shortlink":"https:\/\/wp.me\/P9aRuO-Fp","jetpack_sharing_enabled":true,"jetpack-related-posts":[{"id":20,"url":"https:\/\/skawinanaukajazdy.pl\/pl\/cennik-osk-ala-i-as\/","url_meta":{"origin":2567,"position":0},"title":"CENNIK","author":"admin","date":"3 sierpnia 2022","format":false,"excerpt":"FORMY P\u0141ATNO\u015aCI p\u0142atno\u015b\u0107 GOT\u00d3WK\u0104 p\u0142atno\u015b\u0107 PRZELEWEM (przelew na poni\u017csze konto) p\u0142atno\u015b\u0107 BLIKIEM na telefon NR KONTA: mBank: 63 1140 2004 0000 3102 8068 7207 (OSK Ala i As Zbigniew Knapik, ul. Torowa 8 32-050 SKAWINA) RATY 0% op\u0142aty za kurs mo\u017cna dokona\u0107 w nieoprocentowanych ratach roz\u0142o\u017conych na czas trwania kursu,\u2026","rel":"","context":"W \u201eOferta&quot;","block_context":{"text":"Oferta","link":"https:\/\/skawinanaukajazdy.pl\/pl\/oferta\/"},"img":{"alt_text":"","src":"https:\/\/ml4evcqfigri.i.optimole.com\/w:1024\/h:96\/q:mauto\/g:sm\/f:best\/https:\/\/i0.wp.com\/skawinanaukajazdy.pl\/wp-content\/uploads\/2020\/04\/Ala-i-As-Logo-Nowe_3-long.png?resize=350%2C200","width":350,"height":200,"srcset":"https:\/\/ml4evcqfigri.i.optimole.com\/w:1024\/h:96\/q:mauto\/g:sm\/f:best\/https:\/\/i0.wp.com\/skawinanaukajazdy.pl\/wp-content\/uploads\/2020\/04\/Ala-i-As-Logo-Nowe_3-long.png?resize=350%2C200 1x, https:\/\/ml4evcqfigri.i.optimole.com\/w:1024\/h:96\/q:mauto\/g:sm\/f:best\/https:\/\/i0.wp.com\/skawinanaukajazdy.pl\/wp-content\/uploads\/2020\/04\/Ala-i-As-Logo-Nowe_3-long.png?resize=525%2C300 1.5x, https:\/\/ml4evcqfigri.i.optimole.com\/w:1024\/h:96\/q:mauto\/g:sm\/f:best\/https:\/\/i0.wp.com\/skawinanaukajazdy.pl\/wp-content\/uploads\/2020\/04\/Ala-i-As-Logo-Nowe_3-long.png?resize=700%2C400 2x"},"classes":[]},{"id":3267,"url":"https:\/\/skawinanaukajazdy.pl\/pl\/kurs-podstawowy\/","url_meta":{"origin":2567,"position":1},"title":"Kurs podstawowy","author":"admin","date":"16 pa\u017adziernika 2024","format":false,"excerpt":"Kurs podstawowy kat. B 3700 z\u0142 30 godzin lekcyjnych teorii 30 + 3 godziny zegarowych jazd egzamin wewn\u0119trzny \u2013 gratis materia\u0142y szkoleniowe \u2013 gratis wpisowe 200 z\u0142otych (przed rozpocz\u0119ciem zaj\u0119\u0107 teoretycznych) pozosta\u0142a kwota \u2013 raty 0% \u2013 do momentu uko\u0144czenia kursu Kurs podstawowy jest to tradycyjny kurs sk\u0142adaj\u0105cy si\u0119 z\u2026","rel":"","context":"Podobny wpis","block_context":{"text":"Podobny wpis","link":""},"img":{"alt_text":"","src":"https:\/\/ml4evcqfigri.i.optimole.com\/w:auto\/h:auto\/q:mauto\/g:sm\/f:best\/https:\/\/i0.wp.com\/skawinanaukajazdy.pl\/wp-content\/uploads\/2020\/03\/000945.jpg?resize=350%2C200&ssl=1","width":350,"height":200,"srcset":"https:\/\/ml4evcqfigri.i.optimole.com\/w:auto\/h:auto\/q:mauto\/g:sm\/f:best\/https:\/\/i0.wp.com\/skawinanaukajazdy.pl\/wp-content\/uploads\/2020\/03\/000945.jpg?resize=350%2C200&ssl=1 1x, https:\/\/ml4evcqfigri.i.optimole.com\/w:auto\/h:auto\/q:mauto\/g:sm\/f:best\/https:\/\/i0.wp.com\/skawinanaukajazdy.pl\/wp-content\/uploads\/2020\/03\/000945.jpg?resize=525%2C300&ssl=1 1.5x, https:\/\/ml4evcqfigri.i.optimole.com\/w:auto\/h:auto\/q:mauto\/g:sm\/f:best\/https:\/\/i0.wp.com\/skawinanaukajazdy.pl\/wp-content\/uploads\/2020\/03\/000945.jpg?resize=700%2C400&ssl=1 2x"},"classes":[]},{"id":3272,"url":"https:\/\/skawinanaukajazdy.pl\/pl\/kurs-optymalny\/","url_meta":{"origin":2567,"position":2},"title":"Kurs optymalny kat. B","author":"admin","date":"16 pa\u017adziernika 2024","format":false,"excerpt":"Kurs optymalny kat. B 3900 z\u0142 Kurs optymalny kat. B jest to tradycyjny kurs sk\u0142adaj\u0105cy si\u0119 z wyk\u0142ad\u00f3w i nauki jazdy praktycznej. 30 godzin lekcyjnych teorii 30 + 6 godzin zegarowych jazd egzamin wewn\u0119trzny \u2013 gratis materia\u0142y szkoleniowe \u2013 gratis wpisowe 200 z\u0142otych (przed rozpocz\u0119ciem zaj\u0119\u0107 teoretycznych) pozosta\u0142a kwota \u2013\u2026","rel":"","context":"Podobny wpis","block_context":{"text":"Podobny wpis","link":""},"img":{"alt_text":"Kurs optymalny","src":"https:\/\/ml4evcqfigri.i.optimole.com\/w:auto\/h:auto\/q:mauto\/g:sm\/f:best\/https:\/\/i0.wp.com\/skawinanaukajazdy.pl\/wp-content\/uploads\/2023\/05\/pexels-photo-2203535-edited-1.jpeg?resize=350%2C200&ssl=1","width":350,"height":200,"srcset":"https:\/\/ml4evcqfigri.i.optimole.com\/w:auto\/h:auto\/q:mauto\/g:sm\/f:best\/https:\/\/i0.wp.com\/skawinanaukajazdy.pl\/wp-content\/uploads\/2023\/05\/pexels-photo-2203535-edited-1.jpeg?resize=350%2C200&ssl=1 1x, https:\/\/ml4evcqfigri.i.optimole.com\/w:auto\/h:auto\/q:mauto\/g:sm\/f:best\/https:\/\/i0.wp.com\/skawinanaukajazdy.pl\/wp-content\/uploads\/2023\/05\/pexels-photo-2203535-edited-1.jpeg?resize=525%2C300&ssl=1 1.5x, https:\/\/ml4evcqfigri.i.optimole.com\/w:auto\/h:auto\/q:mauto\/g:sm\/f:best\/https:\/\/i0.wp.com\/skawinanaukajazdy.pl\/wp-content\/uploads\/2023\/05\/pexels-photo-2203535-edited-1.jpeg?resize=700%2C400&ssl=1 2x"},"classes":[]},{"id":3260,"url":"https:\/\/skawinanaukajazdy.pl\/pl\/kurs-automat\/","url_meta":{"origin":2567,"position":3},"title":"Kurs kat. B78 AUTOMAT","author":"admin","date":"15 pa\u017adziernika 2024","format":false,"excerpt":"Kurs kat. B78 AUTOMAT 3900 z\u0142 ZDAJESZ NA TYM CO SI\u0118 UCZYSZ Zapraszam do zapis\u00f3w na kurs prawa jazdy kat. B78 na samochodzie z AUTOMATYCZN\u0104 SKRZYNI\u0104 BIEG\u00d3W Peugeot 308 1,6 Blue HDi Zalety takiego kursu: to przede wszystkim: SZYBKIE I BEZSTRESOWE PROWADZENIE AUTA (brak sprz\u0119g\u0142a) BRAK PROBLEM\u00d3W ZE ZGASZONYM SILNIKIEM\u2026","rel":"","context":"Podobny wpis","block_context":{"text":"Podobny wpis","link":""},"img":{"alt_text":"","src":"https:\/\/ml4evcqfigri.i.optimole.com\/w:150\/h:150\/q:mauto\/rt:fill\/g:sm\/f:best\/https:\/\/i0.wp.com\/skawinanaukajazdy.pl\/wp-content\/uploads\/2022\/04\/Peugeot_2.jpg?resize=350%2C200&ssl=1","width":350,"height":200,"srcset":"https:\/\/ml4evcqfigri.i.optimole.com\/w:150\/h:150\/q:mauto\/rt:fill\/g:sm\/f:best\/https:\/\/i0.wp.com\/skawinanaukajazdy.pl\/wp-content\/uploads\/2022\/04\/Peugeot_2.jpg?resize=350%2C200&ssl=1 1x, https:\/\/ml4evcqfigri.i.optimole.com\/w:150\/h:150\/q:mauto\/rt:fill\/g:sm\/f:best\/https:\/\/i0.wp.com\/skawinanaukajazdy.pl\/wp-content\/uploads\/2022\/04\/Peugeot_2.jpg?resize=525%2C300&ssl=1 1.5x, https:\/\/ml4evcqfigri.i.optimole.com\/w:150\/h:150\/q:mauto\/rt:fill\/g:sm\/f:best\/https:\/\/i0.wp.com\/skawinanaukajazdy.pl\/wp-content\/uploads\/2022\/04\/Peugeot_2.jpg?resize=700%2C400&ssl=1 2x, https:\/\/ml4evcqfigri.i.optimole.com\/w:150\/h:150\/q:mauto\/rt:fill\/g:sm\/f:best\/https:\/\/i0.wp.com\/skawinanaukajazdy.pl\/wp-content\/uploads\/2022\/04\/Peugeot_2.jpg?resize=1050%2C600&ssl=1 3x, https:\/\/ml4evcqfigri.i.optimole.com\/w:150\/h:150\/q:mauto\/rt:fill\/g:sm\/f:best\/https:\/\/i0.wp.com\/skawinanaukajazdy.pl\/wp-content\/uploads\/2022\/04\/Peugeot_2.jpg?resize=1400%2C800&ssl=1 4x"},"classes":[]},{"id":775,"url":"https:\/\/skawinanaukajazdy.pl\/pl\/osk-ala-i-as\/","url_meta":{"origin":2567,"position":4},"title":"Dlaczego Ala i As","author":"admin","date":"15 czerwca 2024","format":false,"excerpt":"OSK Ala i As - Skawina OSK Ala i As - szko\u0142a nauki jazdy istnieje od 2010 roku w Skawinie. Organizujemy kursy nauki jazdy kategorii B. Szkolenie prowadzone jest na samochodzie Hyundai i20, takim samym jaki jest u\u017cywany na egzaminach w O\u015brodku egzaminacyjnym w Krakowie. Gdy zastanawiacie si\u0119 nad wyborem\u2026","rel":"","context":"W \u201eOferta&quot;","block_context":{"text":"Oferta","link":"https:\/\/skawinanaukajazdy.pl\/pl\/oferta\/"},"img":{"alt_text":"OSK Ala i As - szko\u0142a nauki jazdy w Skawinie","src":"https:\/\/ml4evcqfigri.i.optimole.com\/w:150\/h:150\/q:mauto\/rt:fill\/g:sm\/f:best\/https:\/\/i0.wp.com\/skawinanaukajazdy.pl\/wp-content\/uploads\/2017\/03\/Znaki.png?resize=350%2C200","width":350,"height":200},"classes":[]},{"id":1290,"url":"https:\/\/skawinanaukajazdy.pl\/pl\/","url_meta":{"origin":2567,"position":5},"title":"Prawo jazdy Skawina","author":"admin","date":"23 marca 2020","format":false,"excerpt":"Witam na stronie OSK Ala i As, Je\u017celi chcesz nie tylko \u201emie\u0107\" prawo jazdy, ale przede wszystkim pozna\u0107 tajniki rozs\u0105dnej i bezpiecznej jazdy, to dobrze trafi\u0142e\u015b! OSK Ala i As jest o\u015brodkiem istniej\u0105cym ju\u017c od 2010 roku w Skawinie. Nauka w naszym o\u015brodku jest skuteczna, a \u015bwiadcz\u0105 o tym nast\u0119puj\u0105ce\u2026","rel":"","context":"Podobny wpis","block_context":{"text":"Podobny wpis","link":""},"img":{"alt_text":"prawo jazdy Skawina","src":"https:\/\/ml4evcqfigri.i.optimole.com\/w:1024\/h:96\/q:mauto\/g:sm\/f:best\/https:\/\/i0.wp.com\/skawinanaukajazdy.pl\/wp-content\/uploads\/2020\/04\/Ala-i-As-Logo-Nowe_3-long.png?resize=350%2C200","width":350,"height":200,"srcset":"https:\/\/ml4evcqfigri.i.optimole.com\/w:1024\/h:96\/q:mauto\/g:sm\/f:best\/https:\/\/i0.wp.com\/skawinanaukajazdy.pl\/wp-content\/uploads\/2020\/04\/Ala-i-As-Logo-Nowe_3-long.png?resize=350%2C200 1x, https:\/\/ml4evcqfigri.i.optimole.com\/w:1024\/h:96\/q:mauto\/g:sm\/f:best\/https:\/\/i0.wp.com\/skawinanaukajazdy.pl\/wp-content\/uploads\/2020\/04\/Ala-i-As-Logo-Nowe_3-long.png?resize=525%2C300 1.5x, https:\/\/ml4evcqfigri.i.optimole.com\/w:1024\/h:96\/q:mauto\/g:sm\/f:best\/https:\/\/i0.wp.com\/skawinanaukajazdy.pl\/wp-content\/uploads\/2020\/04\/Ala-i-As-Logo-Nowe_3-long.png?resize=700%2C400 2x"},"classes":[]}],"_links":{"self":[{"href":"https:\/\/skawinanaukajazdy.pl\/pl\/wp-json\/wp\/v2\/pages\/2567","targetHints":{"allow":["GET"]}}],"collection":[{"href":"https:\/\/skawinanaukajazdy.pl\/pl\/wp-json\/wp\/v2\/pages"}],"about":[{"href":"https:\/\/skawinanaukajazdy.pl\/pl\/wp-json\/wp\/v2\/types\/page"}],"author":[{"embeddable":true,"href":"https:\/\/skawinanaukajazdy.pl\/pl\/wp-json\/wp\/v2\/users\/1"}],"replies":[{"embeddable":true,"href":"https:\/\/skawinanaukajazdy.pl\/pl\/wp-json\/wp\/v2\/comments?post=2567"}],"version-history":[{"count":22,"href":"https:\/\/skawinanaukajazdy.pl\/pl\/wp-json\/wp\/v2\/pages\/2567\/revisions"}],"predecessor-version":[{"id":3417,"href":"https:\/\/skawinanaukajazdy.pl\/pl\/wp-json\/wp\/v2\/pages\/2567\/revisions\/3417"}],"wp:attachment":[{"href":"https:\/\/skawinanaukajazdy.pl\/pl\/wp-json\/wp\/v2\/media?parent=2567"}],"curies":[{"name":"wp","href":"https:\/\/api.w.org\/{rel}","templated":true}]}}