{"id":225,"date":"2017-03-19T23:52:20","date_gmt":"2017-03-19T22:52:20","guid":{"rendered":"http:\/\/skawinanaukajazdy.pl\/?page_id=225"},"modified":"2022-03-17T22:30:41","modified_gmt":"2022-03-17T21:30:41","slug":"motoinfo","status":"publish","type":"page","link":"https:\/\/skawinanaukajazdy.pl\/pl\/motoinfo\/","title":{"rendered":"Moto-Info"},"content":{"rendered":"\n<figure class=\"wp-block-image size-large is-style-default\"><a href=\"https:\/\/skawinanaukajazdy.pl\"><img data-opt-id=1082951681  fetchpriority=\"high\" decoding=\"async\" width=\"1024\" height=\"205\" data-attachment-id=\"1460\" data-permalink=\"https:\/\/skawinanaukajazdy.pl\/pl\/motoinfo\/information-2910620_1920\/\" data-orig-file=\"https:\/\/ml4evcqfigri.i.optimole.com\/w:auto\/h:auto\/q:mauto\/g:sm\/f:best\/https:\/\/skawinanaukajazdy.pl\/wp-content\/uploads\/2020\/04\/information-2910620_1920.jpg\" data-orig-size=\"1920,384\" data-comments-opened=\"0\" data-image-meta=\"{&quot;aperture&quot;:&quot;0&quot;,&quot;credit&quot;:&quot;&quot;,&quot;camera&quot;:&quot;&quot;,&quot;caption&quot;:&quot;&quot;,&quot;created_timestamp&quot;:&quot;0&quot;,&quot;copyright&quot;:&quot;&quot;,&quot;focal_length&quot;:&quot;0&quot;,&quot;iso&quot;:&quot;0&quot;,&quot;shutter_speed&quot;:&quot;0&quot;,&quot;title&quot;:&quot;&quot;,&quot;orientation&quot;:&quot;0&quot;}\" data-image-title=\"information-2910620_1920\" data-image-description=\"\" data-image-caption=\"\" data-large-file=\"https:\/\/ml4evcqfigri.i.optimole.com\/w:1024\/h:205\/q:mauto\/g:sm\/f:best\/https:\/\/skawinanaukajazdy.pl\/wp-content\/uploads\/2020\/04\/information-2910620_1920.jpg\" src=\"https:\/\/ml4evcqfigri.i.optimole.com\/w:1024\/h:205\/q:mauto\/g:sm\/f:best\/http:\/\/skawinanaukajazdy.pl\/wp-content\/uploads\/2020\/04\/information-2910620_1920.jpg\" alt=\"aktualno\u015bci informacje\" class=\"wp-image-1460\" srcset=\"https:\/\/ml4evcqfigri.i.optimole.com\/w:1024\/h:205\/q:mauto\/g:sm\/f:best\/https:\/\/skawinanaukajazdy.pl\/wp-content\/uploads\/2020\/04\/information-2910620_1920.jpg 1024w, https:\/\/ml4evcqfigri.i.optimole.com\/w:300\/h:60\/q:mauto\/g:sm\/f:best\/https:\/\/skawinanaukajazdy.pl\/wp-content\/uploads\/2020\/04\/information-2910620_1920.jpg 300w, https:\/\/ml4evcqfigri.i.optimole.com\/w:768\/h:154\/q:mauto\/g:sm\/f:best\/https:\/\/skawinanaukajazdy.pl\/wp-content\/uploads\/2020\/04\/information-2910620_1920.jpg 768w, https:\/\/ml4evcqfigri.i.optimole.com\/w:1536\/h:307\/q:mauto\/g:sm\/f:best\/https:\/\/skawinanaukajazdy.pl\/wp-content\/uploads\/2020\/04\/information-2910620_1920.jpg 1536w, https:\/\/ml4evcqfigri.i.optimole.com\/w:1920\/h:384\/q:mauto\/g:sm\/f:best\/https:\/\/skawinanaukajazdy.pl\/wp-content\/uploads\/2020\/04\/information-2910620_1920.jpg 1920w\" sizes=\"(max-width: 750px) 100vw, 750px\" \/><\/a><\/figure>\n\n\n\n<p>Aktualno\u015bci, ciekawostki oraz przydatne informacje ze \u015bwiata motoryzacji oraz nauki jazdy. Informacje dotycz\u0105ce przepis\u00f3w ruchu drogowego &#8211; <a rel=\"noreferrer noopener\" href=\"http:\/\/prawodrogowe.pl\" target=\"_blank\">Portal Prawo Drogowe<\/a><\/p>\n\n\n\n<div id=\"wp-block-themeisle-blocks-button-group-d7e56e64\" class=\"wp-block-themeisle-blocks-button-group wp-block-buttons\">\n\n<div id=\"wp-block-themeisle-blocks-button-59831f9e\" class=\"wp-block-themeisle-blocks-button wp-block-button\"><a href=\"http:\/\/prawodrogowe.pl\" target=\"_blank\" rel=\"noopener noreferrer\" class=\"wp-block-button__link\"><i class=\"fas fa-fw fa-arrow-circle-down margin-right\"><\/i><span>tutaj&#8230;<\/span><\/a><\/div>\n\n<\/div>\n\n\n\n<p>Najnowsze i archiwalne odcinki kultowego programu TVP Krak\u00f3w <a rel=\"noreferrer noopener\" href=\"http:\/\/youtube.com\/user\/TVPjb\" target=\"_blank\">Jed\u017a Bezpiecznie<\/a>. Bardzo ciekawie przedstawiaj\u0105ce problemy kierowc\u00f3w z interpretacj\u0105 przepis\u00f3w na drogach<\/p>\n\n\n\n<div id=\"wp-block-themeisle-blocks-button-group-1d2dda95\" class=\"wp-block-themeisle-blocks-button-group wp-block-buttons\">\n\n<div id=\"wp-block-themeisle-blocks-button-864d6251\" class=\"wp-block-themeisle-blocks-button wp-block-button\"><a href=\"http:\/\/youtube.com\/user\/TVPjb\" target=\"_blank\" rel=\"noopener noreferrer\" class=\"wp-block-button__link\"><i class=\"fas fa-fw fa-arrow-circle-down margin-right\"><\/i><span>tutaj&#8230;<\/span><\/a><\/div>\n\n<\/div>\n\n\n\n<p>Informacje dotycz\u0105ce egzamin\u00f3w i obowi\u0105zuj\u0105cych na nich przepis\u00f3w &#8211; na stronie oficjalnej <a rel=\"noreferrer noopener\" href=\"http:\/\/mord.krakow.pl\" target=\"_blank\">MORD Krak\u00f3w<\/a><\/p>\n\n\n\n<div id=\"wp-block-themeisle-blocks-button-group-c364d250\" class=\"wp-block-themeisle-blocks-button-group wp-block-buttons\">\n\n<div id=\"wp-block-themeisle-blocks-button-46545741\" class=\"wp-block-themeisle-blocks-button wp-block-button\"><a href=\"http:\/\/mord.krakow.pl\" target=\"_blank\" rel=\"noopener noreferrer\" class=\"wp-block-button__link\"><i class=\"fas fa-fw fa-arrow-circle-down margin-right\"><\/i><span>tutaj&#8230;<\/span><\/a><\/div>\n\n<\/div>\n\n\n\n<p>Informacje dotycz\u0105ce <a rel=\"noreferrer noopener\" href=\"https:\/\/info-car.pl\/infocar\/konto\/word\/rezerwacja.html\" target=\"_blank\">zapisywania si\u0119 na egzamin<\/a> teoretyczny i praktyczny<\/p>\n\n\n\n<div id=\"wp-block-themeisle-blocks-button-group-320cd3d0\" class=\"wp-block-themeisle-blocks-button-group wp-block-buttons\">\n\n<div id=\"wp-block-themeisle-blocks-button-f3d60ae8\" class=\"wp-block-themeisle-blocks-button wp-block-button\"><a href=\"https:\/\/info-car.pl\/infocar\/konto\/word\/rezerwacja.html\" target=\"_blank\" rel=\"noopener noreferrer\" class=\"wp-block-button__link\"><i class=\"fas fa-fw fa-arrow-circle-down margin-right\"><\/i><span>tutaj&#8230;<\/span><\/a><\/div>\n\n<\/div>\n\n\n\n<p><\/p>\n","protected":false},"excerpt":{"rendered":"<p>Aktualno\u015bci, ciekawostki oraz przydatne informacje ze \u015bwiata motoryzacji oraz nauki jazdy. Informacje dotycz\u0105ce przepis\u00f3w ruchu drogowego &#8211; Portal Prawo Drogowe Najnowsze i archiwalne odcinki kultowego programu TVP Krak\u00f3w Jed\u017a Bezpiecznie. Bardzo ciekawie przedstawiaj\u0105ce problemy kierowc\u00f3w z interpretacj\u0105 przepis\u00f3w na drogach Informacje dotycz\u0105ce egzamin\u00f3w i obowi\u0105zuj\u0105cych na nich przepis\u00f3w &#8211; na [&hellip;]<\/p>\n","protected":false},"author":1,"featured_media":0,"parent":0,"menu_order":0,"comment_status":"closed","ping_status":"closed","template":"","meta":{"_themeisle_gutenberg_block_has_review":false,"two_page_speed":[],"footnotes":""},"class_list":["post-225","page","type-page","status-publish","hentry"],"yoast_head":"<!-- This site is optimized with the Yoast SEO plugin v27.5 - https:\/\/yoast.com\/product\/yoast-seo-wordpress\/ -->\n<title>Moto-Info - Przydatne linki<\/title>\n<meta name=\"description\" content=\"Aktualno\u015bci ze \u015bwiata motoryzacji oraz informacje dotycz\u0105ce ruchu drogowego a tak\u017ce nauki jazdy i egzaminowania.\" \/>\n<meta name=\"robots\" content=\"index, follow, max-snippet:-1, max-image-preview:large, max-video-preview:-1\" \/>\n<link rel=\"canonical\" href=\"https:\/\/skawinanaukajazdy.pl\/pl\/motoinfo\/\" \/>\n<meta property=\"og:locale\" content=\"pl_PL\" \/>\n<meta property=\"og:type\" content=\"article\" \/>\n<meta property=\"og:title\" content=\"Moto-Info - Przydatne linki\" \/>\n<meta property=\"og:description\" content=\"Aktualno\u015bci ze \u015bwiata motoryzacji oraz informacje dotycz\u0105ce ruchu drogowego a tak\u017ce nauki jazdy i egzaminowania.\" \/>\n<meta property=\"og:url\" content=\"https:\/\/skawinanaukajazdy.pl\/pl\/motoinfo\/\" \/>\n<meta property=\"og:site_name\" content=\"Prawo jazdy Skawina\" \/>\n<meta property=\"article:publisher\" content=\"http:\/\/facebook.com\/zibiknapik\/\" \/>\n<meta property=\"article:modified_time\" content=\"2022-03-17T21:30:41+00:00\" \/>\n<meta property=\"og:image\" content=\"https:\/\/ml4evcqfigri.i.optimole.com\/w:1024\/h:205\/q:mauto\/g:sm\/f:best\/http:\/\/skawinanaukajazdy.pl\/wp-content\/uploads\/2020\/04\/information-2910620_1920.jpg\" \/>\n<meta name=\"twitter:label1\" content=\"Szacowany czas czytania\" \/>\n\t<meta name=\"twitter:data1\" content=\"1 minuta\" \/>\n<script type=\"application\/ld+json\" class=\"yoast-schema-graph\">{\"@context\":\"https:\\\/\\\/schema.org\",\"@graph\":[{\"@type\":\"WebPage\",\"@id\":\"https:\\\/\\\/skawinanaukajazdy.pl\\\/motoinfo\\\/\",\"url\":\"https:\\\/\\\/skawinanaukajazdy.pl\\\/motoinfo\\\/\",\"name\":\"Moto-Info - Przydatne linki\",\"isPartOf\":{\"@id\":\"https:\\\/\\\/skawinanaukajazdy.pl\\\/#website\"},\"primaryImageOfPage\":{\"@id\":\"https:\\\/\\\/skawinanaukajazdy.pl\\\/motoinfo\\\/#primaryimage\"},\"image\":{\"@id\":\"https:\\\/\\\/skawinanaukajazdy.pl\\\/motoinfo\\\/#primaryimage\"},\"thumbnailUrl\":\"http:\\/\\/skawinanaukajazdy.pl\\/wp-content\\/uploads\\/2020\\/04\\/information-2910620_1920-1024x205.jpg\",\"datePublished\":\"2017-03-19T22:52:20+00:00\",\"dateModified\":\"2022-03-17T21:30:41+00:00\",\"description\":\"Aktualno\u015bci ze \u015bwiata motoryzacji oraz informacje dotycz\u0105ce ruchu drogowego a tak\u017ce nauki jazdy i egzaminowania.\",\"breadcrumb\":{\"@id\":\"https:\\\/\\\/skawinanaukajazdy.pl\\\/motoinfo\\\/#breadcrumb\"},\"inLanguage\":\"pl-PL\",\"potentialAction\":[{\"@type\":\"ReadAction\",\"target\":[\"https:\\\/\\\/skawinanaukajazdy.pl\\\/motoinfo\\\/\"]}]},{\"@type\":\"ImageObject\",\"inLanguage\":\"pl-PL\",\"@id\":\"https:\\\/\\\/skawinanaukajazdy.pl\\\/motoinfo\\\/#primaryimage\",\"url\":\"http:\\/\\/skawinanaukajazdy.pl\\/wp-content\\/uploads\\/2020\\/04\\/information-2910620_1920-1024x205.jpg\",\"contentUrl\":\"http:\\/\\/skawinanaukajazdy.pl\\/wp-content\\/uploads\\/2020\\/04\\/information-2910620_1920-1024x205.jpg\"},{\"@type\":\"BreadcrumbList\",\"@id\":\"https:\\\/\\\/skawinanaukajazdy.pl\\\/motoinfo\\\/#breadcrumb\",\"itemListElement\":[{\"@type\":\"ListItem\",\"position\":1,\"name\":\"strona g\u0142\u00f3wna\",\"item\":\"https:\\\/\\\/skawinanaukajazdy.pl\\\/\"},{\"@type\":\"ListItem\",\"position\":2,\"name\":\"Moto-Info\"}]},{\"@type\":\"WebSite\",\"@id\":\"https:\\\/\\\/skawinanaukajazdy.pl\\\/#website\",\"url\":\"https:\\\/\\\/skawinanaukajazdy.pl\\\/\",\"name\":\"O\u015brodek Szkolenia Kierowc\u00f3w Ala i As\",\"description\":\"OSK Ala i As to jedna z najlepszych szk\u00f3\u0142 nauki jazdy w Skawinie\",\"publisher\":{\"@id\":\"https:\\\/\\\/skawinanaukajazdy.pl\\\/#organization\"},\"potentialAction\":[{\"@type\":\"SearchAction\",\"target\":{\"@type\":\"EntryPoint\",\"urlTemplate\":\"https:\\\/\\\/skawinanaukajazdy.pl\\\/?s={search_term_string}\"},\"query-input\":{\"@type\":\"PropertyValueSpecification\",\"valueRequired\":true,\"valueName\":\"search_term_string\"}}],\"inLanguage\":\"pl-PL\"},{\"@type\":\"Organization\",\"@id\":\"https:\\\/\\\/skawinanaukajazdy.pl\\\/#organization\",\"name\":\"OSK Ala i As Zbigniew Knapik\",\"url\":\"https:\\\/\\\/skawinanaukajazdy.pl\\\/\",\"logo\":{\"@type\":\"ImageObject\",\"inLanguage\":\"pl-PL\",\"@id\":\"https:\\\/\\\/skawinanaukajazdy.pl\\\/#\\\/schema\\\/logo\\\/image\\\/\",\"url\":\"https:\\/\\/skawinanaukajazdy.pl\\/wp-content\\/uploads\\/2021\\/04\\/Ala-i-As-Logo-Nowe_3.png\",\"contentUrl\":\"https:\\/\\/skawinanaukajazdy.pl\\/wp-content\\/uploads\\/2021\\/04\\/Ala-i-As-Logo-Nowe_3.png\",\"width\":1078,\"height\":298,\"caption\":\"OSK Ala i As Zbigniew Knapik\"},\"image\":{\"@id\":\"https:\\\/\\\/skawinanaukajazdy.pl\\\/#\\\/schema\\\/logo\\\/image\\\/\"},\"sameAs\":[\"http:\\\/\\\/facebook.com\\\/zibiknapik\\\/\",\"http:\\\/\\\/instagram.com\\\/osk_alaias\\\/\",\"https:\\\/\\\/www.youtube.com\\\/channel\\\/UC42znC6Fn_295PBwQPnHctg\"]}]}<\/script>\n<!-- \/ Yoast SEO plugin. -->","yoast_head_json":{"title":"Moto-Info - Przydatne linki","description":"Aktualno\u015bci ze \u015bwiata motoryzacji oraz informacje dotycz\u0105ce ruchu drogowego a tak\u017ce nauki jazdy i egzaminowania.","robots":{"index":"index","follow":"follow","max-snippet":"max-snippet:-1","max-image-preview":"max-image-preview:large","max-video-preview":"max-video-preview:-1"},"canonical":"https:\/\/skawinanaukajazdy.pl\/pl\/motoinfo\/","og_locale":"pl_PL","og_type":"article","og_title":"Moto-Info - Przydatne linki","og_description":"Aktualno\u015bci ze \u015bwiata motoryzacji oraz informacje dotycz\u0105ce ruchu drogowego a tak\u017ce nauki jazdy i egzaminowania.","og_url":"https:\/\/skawinanaukajazdy.pl\/pl\/motoinfo\/","og_site_name":"Prawo jazdy Skawina","article_publisher":"http:\/\/facebook.com\/zibiknapik\/","article_modified_time":"2022-03-17T21:30:41+00:00","og_image":[{"url":"https:\/\/ml4evcqfigri.i.optimole.com\/w:1024\/h:205\/q:mauto\/g:sm\/f:best\/http:\/\/skawinanaukajazdy.pl\/wp-content\/uploads\/2020\/04\/information-2910620_1920.jpg","type":"","width":"","height":""}],"twitter_misc":{"Szacowany czas czytania":"1 minuta"},"schema":{"@context":"https:\/\/schema.org","@graph":[{"@type":"WebPage","@id":"https:\/\/skawinanaukajazdy.pl\/motoinfo\/","url":"https:\/\/skawinanaukajazdy.pl\/motoinfo\/","name":"Moto-Info - Przydatne linki","isPartOf":{"@id":"https:\/\/skawinanaukajazdy.pl\/#website"},"primaryImageOfPage":{"@id":"https:\/\/skawinanaukajazdy.pl\/motoinfo\/#primaryimage"},"image":{"@id":"https:\/\/skawinanaukajazdy.pl\/motoinfo\/#primaryimage"},"thumbnailUrl":"https:\/\/ml4evcqfigri.i.optimole.com\/w:1024\/h:205\/q:mauto\/g:sm\/f:best\/http:\/\/skawinanaukajazdy.pl\/wp-content\/uploads\/2020\/04\/information-2910620_1920.jpg","datePublished":"2017-03-19T22:52:20+00:00","dateModified":"2022-03-17T21:30:41+00:00","description":"Aktualno\u015bci ze \u015bwiata motoryzacji oraz informacje dotycz\u0105ce ruchu drogowego a tak\u017ce nauki jazdy i egzaminowania.","breadcrumb":{"@id":"https:\/\/skawinanaukajazdy.pl\/motoinfo\/#breadcrumb"},"inLanguage":"pl-PL","potentialAction":[{"@type":"ReadAction","target":["https:\/\/skawinanaukajazdy.pl\/motoinfo\/"]}]},{"@type":"ImageObject","inLanguage":"pl-PL","@id":"https:\/\/skawinanaukajazdy.pl\/motoinfo\/#primaryimage","url":"https:\/\/ml4evcqfigri.i.optimole.com\/w:1024\/h:205\/q:mauto\/g:sm\/f:best\/http:\/\/skawinanaukajazdy.pl\/wp-content\/uploads\/2020\/04\/information-2910620_1920.jpg","contentUrl":"https:\/\/ml4evcqfigri.i.optimole.com\/w:1024\/h:205\/q:mauto\/g:sm\/f:best\/http:\/\/skawinanaukajazdy.pl\/wp-content\/uploads\/2020\/04\/information-2910620_1920.jpg"},{"@type":"BreadcrumbList","@id":"https:\/\/skawinanaukajazdy.pl\/motoinfo\/#breadcrumb","itemListElement":[{"@type":"ListItem","position":1,"name":"strona g\u0142\u00f3wna","item":"https:\/\/skawinanaukajazdy.pl\/"},{"@type":"ListItem","position":2,"name":"Moto-Info"}]},{"@type":"WebSite","@id":"https:\/\/skawinanaukajazdy.pl\/#website","url":"https:\/\/skawinanaukajazdy.pl\/","name":"O\u015brodek Szkolenia Kierowc\u00f3w Ala i As","description":"OSK Ala i As to jedna z najlepszych szk\u00f3\u0142 nauki jazdy w Skawinie","publisher":{"@id":"https:\/\/skawinanaukajazdy.pl\/#organization"},"potentialAction":[{"@type":"SearchAction","target":{"@type":"EntryPoint","urlTemplate":"https:\/\/skawinanaukajazdy.pl\/?s={search_term_string}"},"query-input":{"@type":"PropertyValueSpecification","valueRequired":true,"valueName":"search_term_string"}}],"inLanguage":"pl-PL"},{"@type":"Organization","@id":"https:\/\/skawinanaukajazdy.pl\/#organization","name":"OSK Ala i As Zbigniew Knapik","url":"https:\/\/skawinanaukajazdy.pl\/","logo":{"@type":"ImageObject","inLanguage":"pl-PL","@id":"https:\/\/skawinanaukajazdy.pl\/#\/schema\/logo\/image\/","url":"https:\/\/ml4evcqfigri.i.optimole.com\/w:auto\/h:auto\/q:mauto\/g:sm\/f:best\/https:\/\/skawinanaukajazdy.pl\/wp-content\/uploads\/2021\/04\/Ala-i-As-Logo-Nowe_3.png","contentUrl":"https:\/\/ml4evcqfigri.i.optimole.com\/w:auto\/h:auto\/q:mauto\/g:sm\/f:best\/https:\/\/skawinanaukajazdy.pl\/wp-content\/uploads\/2021\/04\/Ala-i-As-Logo-Nowe_3.png","width":1078,"height":298,"caption":"OSK Ala i As Zbigniew Knapik"},"image":{"@id":"https:\/\/skawinanaukajazdy.pl\/#\/schema\/logo\/image\/"},"sameAs":["http:\/\/facebook.com\/zibiknapik\/","http:\/\/instagram.com\/osk_alaias\/","https:\/\/www.youtube.com\/channel\/UC42znC6Fn_295PBwQPnHctg"]}]}},"jetpack_shortlink":"https:\/\/wp.me\/P9aRuO-3D","jetpack_sharing_enabled":true,"jetpack-related-posts":[{"id":3325,"url":"https:\/\/skawinanaukajazdy.pl\/pl\/standardy-ochrony-maloletnich\/","url_meta":{"origin":225,"position":0},"title":"STANDARDY OCHRONY MA\u0141OLETNICH","author":"admin","date":"26 czerwca 2025","format":false,"excerpt":"Standardy ochrony ma\u0142oletnich w O\u015aRODEK SZKOLENIA KIEROWC\u00d3W \u201eALA I AS\" ZBIGNIEW KNAPIK Preambu\u0142a W celu realizacji obowi\u0105zku ustanowionego na mocy ustawy o przeciwdzia\u0142aniu zagro\u017ceniom przest\u0119pczo\u015bci\u0105 na tle seksualnym i ochronie ma\u0142oletnich (Dz. U. z 2024 r. poz. 560 ze\u00a0zm.) O\u015aRODEK SZKOLENIA KIEROWC\u00d3W \u201eALA I AS\u201d ZBIGNIEW KNAPIK wprowadza standardy ochrony\u2026","rel":"","context":"Podobny wpis","block_context":{"text":"Podobny wpis","link":""},"img":{"alt_text":"","src":"","width":0,"height":0},"classes":[]},{"id":22,"url":"https:\/\/skawinanaukajazdy.pl\/pl\/kontakt\/","url_meta":{"origin":225,"position":1},"title":"Kontakt &#8211; informacje kontaktowe","author":"admin","date":"15 marca 2017","format":false,"excerpt":"KONTAKT OSK Ala i As Zbigniew Knapik biuro: czynne w ka\u017cd\u0105 \u015brod\u0119 od 16.00 do 18.00 32-050 Skawinaul. Torowa 8 tel: +48 668 94 83 83 osk.biuro@gmail.com Formularz kontaktowy","rel":"","context":"Podobny wpis","block_context":{"text":"Podobny wpis","link":""},"img":{"alt_text":"Kontakt do OSK Ala i As","src":"https:\/\/ml4evcqfigri.i.optimole.com\/w:auto\/h:auto\/q:mauto\/g:sm\/f:best\/https:\/\/i0.wp.com\/skawinanaukajazdy.pl\/wp-content\/uploads\/2017\/04\/Kontakt.jpg?resize=350%2C200","width":350,"height":200},"classes":[]},{"id":277,"url":"https:\/\/skawinanaukajazdy.pl\/pl\/zapisz-sie-na-kurs\/","url_meta":{"origin":225,"position":2},"title":"Zapisz si\u0119 na kurs prawa jazdy","author":"admin","date":"27 marca 2017","format":false,"excerpt":"Zapisz si\u0119 na kurs prawa jazdy wype\u0142nij formularz kontaktowy i wy\u015blij a my oddzwonimy. Wype\u0142nienie i wys\u0142anie formularza oznacza, \u017ce podane w nim dane osobowe b\u0119d\u0105 przetwarzane w celu nawi\u0105zania kontaktu i przedstawienia oferty przez OSK ALA i AS Zbigniew Knapik. Zasady przetwarzania i informacje o administratorze znajdziesz tutaj.","rel":"","context":"Podobny wpis","block_context":{"text":"Podobny wpis","link":""},"img":{"alt_text":"Zapisz si\u0119 na kurs nauki jazdy","src":"https:\/\/ml4evcqfigri.i.optimole.com\/w:auto\/h:auto\/q:mauto\/g:sm\/f:best\/https:\/\/i0.wp.com\/skawinanaukajazdy.pl\/wp-content\/uploads\/2017\/04\/Zapisz-si%C4%99.jpg?resize=350%2C200","width":350,"height":200},"classes":[]},{"id":3274,"url":"https:\/\/skawinanaukajazdy.pl\/pl\/e-learning\/","url_meta":{"origin":225,"position":3},"title":"e-learning czyli teoria w domu","author":"admin","date":"16 pa\u017adziernika 2024","format":false,"excerpt":"Kurs na prawo jazdy przez e-learning 3700 z\u0142 30 + 3 godziny zegarowych jazd egzamin wewn\u0119trzny praktyczny \u2013 gratis pe\u0142en dost\u0119p do platformy edukacyjnej \u2013 gratis wpisowe 200 z\u0142otych (przed rozpocz\u0119ciem nauki) pozosta\u0142a kwota \u2013 raty 0% \u2013 do momentu uko\u0144czenia kursu Zapraszam do skorzystania z u\u0142atwienia jakim jest nauka\u2026","rel":"","context":"Podobny wpis","block_context":{"text":"Podobny wpis","link":""},"img":{"alt_text":"OSK Ala i As e-learning","src":"https:\/\/ml4evcqfigri.i.optimole.com\/w:auto\/h:auto\/q:mauto\/g:sm\/f:best\/https:\/\/i0.wp.com\/skawinanaukajazdy.pl\/wp-content\/uploads\/2021\/03\/e-learning-2-rodzaje-teorii-edited.jpg?resize=350%2C200","width":350,"height":200},"classes":[]},{"id":374,"url":"https:\/\/skawinanaukajazdy.pl\/pl\/moja-zdawalnosc\/","url_meta":{"origin":225,"position":4},"title":"Moja zdawalno\u015b\u0107","author":"admin","date":"5 kwietnia 2017","format":false,"excerpt":"Zdawalno\u015b\u0107 praktyki za pierwszym razem - 57,60% Od 2010 roku prowadz\u0119 O\u015brodek Szkolenia Kierowc\u00f3w Ala i As. Zdawalno\u015b\u0107 praktyki za pierwszym razem w\u015br\u00f3d kursant\u00f3w wynios\u0142a 57,60%na podstawie oficjalnej ANALIZY STATYSTYCZNEJ w zakresie \u015bredniej zdawalno\u015bci os\u00f3b szkolonych w O\u015brodkach Szkolenia Kierowc\u00f3w dzia\u0142aj\u0105cych na terenie powiatu krakowskiego za 2013, 2014, 2015, 2017,\u2026","rel":"","context":"Podobny wpis","block_context":{"text":"Podobny wpis","link":""},"img":{"alt_text":"Nauka Jazdy Skawina zdawalno\u015b\u0107 OSK Ala i As","src":"https:\/\/ml4evcqfigri.i.optimole.com\/w:150\/h:58\/q:mauto\/g:sm\/f:best\/https:\/\/i0.wp.com\/skawinanaukajazdy.pl\/wp-content\/uploads\/2017\/04\/Zdawalnosc_200x58.jpg?resize=350%2C200","width":350,"height":200},"classes":[]},{"id":775,"url":"https:\/\/skawinanaukajazdy.pl\/pl\/osk-ala-i-as\/","url_meta":{"origin":225,"position":5},"title":"Dlaczego Ala i As","author":"admin","date":"15 czerwca 2024","format":false,"excerpt":"OSK Ala i As - Skawina OSK Ala i As - szko\u0142a nauki jazdy istnieje od 2010 roku w Skawinie. Organizujemy kursy nauki jazdy kategorii B. Szkolenie prowadzone jest na samochodzie Hyundai i20, takim samym jaki jest u\u017cywany na egzaminach w O\u015brodku egzaminacyjnym w Krakowie. Gdy zastanawiacie si\u0119 nad wyborem\u2026","rel":"","context":"W \u201eOferta&quot;","block_context":{"text":"Oferta","link":"https:\/\/skawinanaukajazdy.pl\/pl\/oferta\/"},"img":{"alt_text":"OSK Ala i As - szko\u0142a nauki jazdy w Skawinie","src":"https:\/\/ml4evcqfigri.i.optimole.com\/w:150\/h:150\/q:mauto\/rt:fill\/g:sm\/f:best\/https:\/\/i0.wp.com\/skawinanaukajazdy.pl\/wp-content\/uploads\/2017\/03\/Znaki.png?resize=350%2C200","width":350,"height":200},"classes":[]}],"_links":{"self":[{"href":"https:\/\/skawinanaukajazdy.pl\/pl\/wp-json\/wp\/v2\/pages\/225","targetHints":{"allow":["GET"]}}],"collection":[{"href":"https:\/\/skawinanaukajazdy.pl\/pl\/wp-json\/wp\/v2\/pages"}],"about":[{"href":"https:\/\/skawinanaukajazdy.pl\/pl\/wp-json\/wp\/v2\/types\/page"}],"author":[{"embeddable":true,"href":"https:\/\/skawinanaukajazdy.pl\/pl\/wp-json\/wp\/v2\/users\/1"}],"replies":[{"embeddable":true,"href":"https:\/\/skawinanaukajazdy.pl\/pl\/wp-json\/wp\/v2\/comments?post=225"}],"version-history":[{"count":17,"href":"https:\/\/skawinanaukajazdy.pl\/pl\/wp-json\/wp\/v2\/pages\/225\/revisions"}],"predecessor-version":[{"id":2551,"href":"https:\/\/skawinanaukajazdy.pl\/pl\/wp-json\/wp\/v2\/pages\/225\/revisions\/2551"}],"wp:attachment":[{"href":"https:\/\/skawinanaukajazdy.pl\/pl\/wp-json\/wp\/v2\/media?parent=225"}],"curies":[{"name":"wp","href":"https:\/\/api.w.org\/{rel}","templated":true}]}}