{"id":19,"date":"2024-11-21T18:36:32","date_gmt":"2024-11-21T17:36:32","guid":{"rendered":"http:\/\/skawinanaukajazdy.pl\/?page_id=19"},"modified":"2024-11-21T18:44:34","modified_gmt":"2024-11-21T17:44:34","slug":"doswiadczenie-i-profesjonalizm","status":"publish","type":"page","link":"https:\/\/skawinanaukajazdy.pl\/pl\/doswiadczenie-i-profesjonalizm\/","title":{"rendered":"Do\u015bwiadczenie i profesjonalizm"},"content":{"rendered":"\n<div class=\"Section1\">\n<h2><span style=\"font-family: helvetica,arial,sans-serif;\">Do\u015bwiadczenie i profesjonalizm<\/span><\/h2>\n<figure><a href=\"https:\/\/ml4evcqfigri.i.optimole.com\/w:auto\/h:auto\/q:mauto\/g:sm\/f:best\/http:\/\/skawinanaukajazdy.pl\/wp-content\/uploads\/2017\/03\/awatar-e1489709289971.jpg\"><img data-opt-id=1945731101  fetchpriority=\"high\" decoding=\"async\" data-attachment-id=\"139\" data-permalink=\"https:\/\/skawinanaukajazdy.pl\/pl\/doswiadczenie-i-profesjonalizm\/awatar\/\" data-orig-file=\"https:\/\/ml4evcqfigri.i.optimole.com\/w:auto\/h:auto\/q:mauto\/g:sm\/f:best\/https:\/\/skawinanaukajazdy.pl\/wp-content\/uploads\/2017\/03\/awatar-e1489709289971.jpg\" data-orig-size=\"100,103\" data-comments-opened=\"1\" data-image-meta=\"{&quot;aperture&quot;:&quot;14&quot;,&quot;credit&quot;:&quot;&quot;,&quot;camera&quot;:&quot;NIKON D60&quot;,&quot;caption&quot;:&quot;&quot;,&quot;created_timestamp&quot;:&quot;1219569179&quot;,&quot;copyright&quot;:&quot;&quot;,&quot;focal_length&quot;:&quot;44&quot;,&quot;iso&quot;:&quot;200&quot;,&quot;shutter_speed&quot;:&quot;0.005&quot;,&quot;title&quot;:&quot;&quot;,&quot;orientation&quot;:&quot;1&quot;}\" data-image-title=\"awatar\" data-image-description=\"\" data-image-caption=\"\" data-large-file=\"https:\/\/ml4evcqfigri.i.optimole.com\/w:auto\/h:auto\/q:mauto\/g:sm\/f:best\/https:\/\/skawinanaukajazdy.pl\/wp-content\/uploads\/2017\/03\/awatar-e1489709289971.jpg\" src=\"https:\/\/ml4evcqfigri.i.optimole.com\/w:150\/h:150\/q:mauto\/rt:fill\/g:sm\/f:best\/http:\/\/skawinanaukajazdy.pl\/wp-content\/uploads\/2017\/03\/awatar.jpg\" alt=\"Zbyszek Knapik Instruktor i wyk\u0142adowca OSK Ala i As\" class=\"alignleft wp-image-139 size-thumbnail\" width=\"150\" height=\"150\"><\/a><\/figure><p><span style=\"font-family: helvetica,arial,sans-serif;\"><\/span><\/p>\n<p>Do\u015bwiadczenie i profesjonalizm to cechy, kt\u00f3re charakteryzuj\u0105 prowadzony przeze mnie o\u015brodek.<\/p>\n<p><span style=\"font-family: helvetica,arial,sans-serif;\">Uwa\u017cam, \u017ce aby uczy\u0107 innych, nie wystarczy tylko by\u0107 instruktorem, nauczycielem, czy wyk\u0142adowc\u0105.<\/span><\/p>\n<p><span style=\"font-family: helvetica,arial,sans-serif;\">Trzeba posiada\u0107 wiedz\u0119 i umiej\u0119tno\u015bci. Instruktor nauki jazdy musi by\u0107 praktykiem, aby nauczy\u0107 przysz\u0142ego kierowc\u0119 je\u017adzi\u0107 samochodem a nie tylko zda\u0107 egzamin.<\/span><\/p>\n<p><span style=\"font-family: helvetica,arial,sans-serif;\">Jako instruktor musz\u0119 by\u0107 dla ucznia autorytetem.<\/span><\/p>\n<p><span style=\"font-family: helvetica,arial,sans-serif;\">Ka\u017cdy instruktor powinien posiada\u0107 wysokie umiej\u0119tno\u015bci, kt\u00f3re w tej bran\u017cy zdobywa si\u0119 przez wiele lat do\u015bwiadcze\u0144.<\/span><\/p>\n<\/div>\n\n\n\n<div class=\"Section1\">\n<h2><span style=\"font-family: helvetica,arial,sans-serif;\">O mnie<\/span><\/h2>\n<p><span style=\"font-family: helvetica,arial,sans-serif;\">Jestem instruktorem nauki jazdy i wyk\u0142adowc\u0105 od 2009 roku \u2013 kierowc\u0105 od 1987 roku. Prowadz\u0119 Szko\u0142\u0119 Kierowc\u00f3w od 2010 roku.<\/span><\/p>\n<p><span style=\"font-family: helvetica,arial,sans-serif;\">Przejecha\u0142em ok. 1 milion kilometr\u00f3w po drogach Polski i Europy, w tym tak\u017ce ok 200 tys. kilometr\u00f3w w ruchu lewostronnym. Prze\u017cy\u0142em wiele sytuacji na drodze, kt\u00f3re by\u0142y dla mnie sporym do\u015bwiadczeniem. Ca\u0142y czas, kt\u00f3ry nie sp\u0119dzam jako instruktor staram si\u0119 sp\u0119dza\u0107 jako kierowca.<\/span><\/p>\n<p><span style=\"font-family: helvetica,arial,sans-serif;\">Kierowanie samochodem zawsze sprawia\u0142o mi wielk\u0105 przyjemno\u015b\u0107. Po oko\u0142o 10 latach posiadania prawa jazdy i przejechaniu ok. 400 000 kilometr\u00f3w, pierwszy raz pomy\u015bla\u0142em, \u017ce zostan\u0119 instruktorem. Lecz kierowanie samochodem sprawia\u0142o mi tak\u0105 przyjemno\u015b\u0107, \u017ce postanowi\u0142em jeszcze poczeka\u0107. To wysz\u0142o na dobre i mnie i moim kursantom. Po\u0142\u0105czenie mojego do\u015bwiadczenia jako kierowcy i przygotowania pedagogicznego zdobytego na krakowskiej AWF, pozwoli\u0142o mi na komfort przekazywania rzetelnie swojej wiedzy przysz\u0142ym kierowcom.<\/span><\/p>\n<p><span style=\"font-family: helvetica,arial,sans-serif;\">Po wielu latach je\u017cd\u017cenia samochodem i wykorzystywania go w celach prywatnych postanowi\u0142em zosta\u0107 kierowc\u0105 zawodowym. Nie interesowa\u0142a mnie praca jako kierowca ci\u0119\u017car\u00f3wki ze wzgl\u0119du na moje \u00f3wczesne priorytety zawodowe. Wykorzysta\u0142em wi\u0119c swoje umiej\u0119tno\u015bci i do\u015bwiadczenie w pracy jako przedstawiciel a potem jako dostawca ale prowadz\u0105c samochody do 3,5 t. Sp\u0119dzi\u0142em tak\u017ce prawie 3 lata w Irlandii, gdzie pracowa\u0142em ca\u0142y czas jako kierowca samochodu dostawczego.<\/span><\/p>\n<p><span style=\"font-family: helvetica,arial,sans-serif;\">Po powrocie z zagranicy postanowi\u0142em, \u017ce teraz zdobyte do\u015bwiadczenie i umiej\u0119tno\u015bci trzeba przekaza\u0107 m\u0142odemu pokoleniu. By\u0142em przekonany, \u017ce w\u0142a\u015bnie przyszed\u0142 TEN czas. Kurs instruktorski odby\u0142em w jednej z najlepszych szk\u00f3\u0142 w Krakowie a egzamin zda\u0142em za pierwszym podej\u015bciem. Dodatkowo drobnym impulsem do zapisania si\u0119 na kurs instruktorski by\u0142o to, \u017ce z powodzeniem pomog\u0142em mojej c\u00f3rce w przygotowaniu si\u0119 do egzaminu na prawo jazdy na placu i parkingach.<\/span><\/p>\n<h3><span style=\"font-family: helvetica,arial,sans-serif;\">Zapraszam<\/span><\/h3>\n<p><span style=\"font-family: helvetica,arial,sans-serif;\">Chcia\u0142bym zaprosi\u0107 wszystkich ch\u0119tnych i tych zdecydowanych i tych jeszcze nie zdecydowanych do skorzystania z naszej oferty.<\/span><\/p>\n<p><span style=\"font-family: helvetica,arial,sans-serif;\">Do\u015bwiadczenie i profesjonalizm a tak\u017ce bezstresowe prowadzenie szkolenia gwarantuje satysfakcj\u0119 u szkolonych.<\/span><\/p>\n<p><span style=\"font-family: helvetica,arial,sans-serif;\">Kto si\u0119 boi lub stresuje przed kursem przekona si\u0119, \u017ce &#8222;nie taki diabe\u0142 straszny&#8221; co mo\u017cna sprawdzi\u0107 r\u00f3wnie\u017c czytaj\u0105c <span style=\"color: #333333;\"><a style=\"color: #333333;\" href=\"https:\/\/www.superprawojazdy.pl\/osrodek-szkolenia-kierowcow-ala-i-as-zbigniew-knapik,10003.htm#opinionlist\">opinie o mnie<\/a> lub odwiedzaj\u0105c <a style=\"color: #333333;\" href=\"https:\/\/web.facebook.com\/zibiknapik\/\">m\u00f3j profil na Facebook.<\/a><\/span><\/span><\/p>\n<p><span style=\"font-family: helvetica,arial,sans-serif;\">Pozdrawiam i zapraszam<\/span><br><span style=\"font-family: helvetica,arial,sans-serif;\">Zbyszek Knapik<\/span><\/p>\n<\/div>\n","protected":false},"excerpt":{"rendered":"<p>Do\u015bwiadczenie i profesjonalizm Do\u015bwiadczenie i profesjonalizm to cechy, kt\u00f3re charakteryzuj\u0105 prowadzony przeze mnie o\u015brodek. Uwa\u017cam, \u017ce aby uczy\u0107 innych, nie wystarczy tylko by\u0107 instruktorem, nauczycielem, czy wyk\u0142adowc\u0105. Trzeba posiada\u0107 wiedz\u0119 i umiej\u0119tno\u015bci. Instruktor nauki jazdy musi by\u0107 praktykiem, aby nauczy\u0107 przysz\u0142ego kierowc\u0119 je\u017adzi\u0107 samochodem a nie tylko zda\u0107 egzamin. Jako [&hellip;]<\/p>\n","protected":false},"author":1,"featured_media":0,"parent":0,"menu_order":0,"comment_status":"closed","ping_status":"closed","template":"","meta":{"_themeisle_gutenberg_block_has_review":false,"two_page_speed":{"previous_score":{"desktop_score":97,"desktop_tti":"1.0\u00a0","mobile_score":72,"mobile_tti":"5.1\u00a0","date":"21.11.2024 06:38:17 pm","status":"completed"}},"footnotes":""},"class_list":["post-19","page","type-page","status-publish","hentry"],"yoast_head":"<!-- This site is optimized with the Yoast SEO plugin v27.5 - https:\/\/yoast.com\/product\/yoast-seo-wordpress\/ -->\n<title>Do\u015bwiadczenie i profesjonalizm - Prawo jazdy Skawina<\/title>\n<meta name=\"description\" content=\"Do\u015bwiadczenie i profesjonalizm. Jestem instruktorem nauki jazdy i wyk\u0142adowc\u0105 od 2009 r a kierowc\u0105 od 1987 r. Za mn\u0105 ju\u017c ok 1 miliona km.\" \/>\n<meta name=\"robots\" content=\"index, follow, max-snippet:-1, max-image-preview:large, max-video-preview:-1\" \/>\n<link rel=\"canonical\" href=\"https:\/\/skawinanaukajazdy.pl\/pl\/doswiadczenie-i-profesjonalizm\/\" \/>\n<meta property=\"og:locale\" content=\"pl_PL\" \/>\n<meta property=\"og:type\" content=\"article\" \/>\n<meta property=\"og:title\" content=\"Do\u015bwiadczenie i profesjonalizm - Prawo jazdy Skawina\" \/>\n<meta property=\"og:description\" content=\"Do\u015bwiadczenie i profesjonalizm. Jestem instruktorem nauki jazdy i wyk\u0142adowc\u0105 od 2009 r a kierowc\u0105 od 1987 r. Za mn\u0105 ju\u017c ok 1 miliona km.\" \/>\n<meta property=\"og:url\" content=\"https:\/\/skawinanaukajazdy.pl\/pl\/doswiadczenie-i-profesjonalizm\/\" \/>\n<meta property=\"og:site_name\" content=\"Prawo jazdy Skawina\" \/>\n<meta property=\"article:publisher\" content=\"http:\/\/facebook.com\/zibiknapik\/\" \/>\n<meta property=\"article:modified_time\" content=\"2024-11-21T17:44:34+00:00\" \/>\n<meta property=\"og:image\" content=\"https:\/\/ml4evcqfigri.i.optimole.com\/w:auto\/h:auto\/q:mauto\/g:sm\/f:best\/https:\/\/skawinanaukajazdy.pl\/wp-content\/uploads\/2017\/03\/awatar-e1489709289971.jpg\" \/>\n\t<meta property=\"og:image:width\" content=\"100\" \/>\n\t<meta property=\"og:image:height\" content=\"103\" \/>\n\t<meta property=\"og:image:type\" content=\"image\/jpeg\" \/>\n<meta name=\"twitter:label1\" content=\"Szacowany czas czytania\" \/>\n\t<meta name=\"twitter:data1\" content=\"3 minuty\" \/>\n<script type=\"application\/ld+json\" class=\"yoast-schema-graph\">{\"@context\":\"https:\\\/\\\/schema.org\",\"@graph\":[{\"@type\":\"WebPage\",\"@id\":\"https:\\\/\\\/skawinanaukajazdy.pl\\\/doswiadczenie-i-profesjonalizm\\\/\",\"url\":\"https:\\\/\\\/skawinanaukajazdy.pl\\\/doswiadczenie-i-profesjonalizm\\\/\",\"name\":\"Do\u015bwiadczenie i profesjonalizm - Prawo jazdy Skawina\",\"isPartOf\":{\"@id\":\"https:\\\/\\\/skawinanaukajazdy.pl\\\/#website\"},\"primaryImageOfPage\":{\"@id\":\"https:\\\/\\\/skawinanaukajazdy.pl\\\/doswiadczenie-i-profesjonalizm\\\/#primaryimage\"},\"image\":{\"@id\":\"https:\\\/\\\/skawinanaukajazdy.pl\\\/doswiadczenie-i-profesjonalizm\\\/#primaryimage\"},\"thumbnailUrl\":\"http:\\/\\/skawinanaukajazdy.pl\\/wp-content\\/uploads\\/2017\\/03\\/awatar-150x150.jpg\",\"datePublished\":\"2024-11-21T17:36:32+00:00\",\"dateModified\":\"2024-11-21T17:44:34+00:00\",\"description\":\"Do\u015bwiadczenie i profesjonalizm. Jestem instruktorem nauki jazdy i wyk\u0142adowc\u0105 od 2009 r a kierowc\u0105 od 1987 r. Za mn\u0105 ju\u017c ok 1 miliona km.\",\"breadcrumb\":{\"@id\":\"https:\\\/\\\/skawinanaukajazdy.pl\\\/doswiadczenie-i-profesjonalizm\\\/#breadcrumb\"},\"inLanguage\":\"pl-PL\",\"potentialAction\":[{\"@type\":\"ReadAction\",\"target\":[\"https:\\\/\\\/skawinanaukajazdy.pl\\\/doswiadczenie-i-profesjonalizm\\\/\"]}]},{\"@type\":\"ImageObject\",\"inLanguage\":\"pl-PL\",\"@id\":\"https:\\\/\\\/skawinanaukajazdy.pl\\\/doswiadczenie-i-profesjonalizm\\\/#primaryimage\",\"url\":\"http:\\/\\/skawinanaukajazdy.pl\\/wp-content\\/uploads\\/2017\\/03\\/awatar-150x150.jpg\",\"contentUrl\":\"http:\\/\\/skawinanaukajazdy.pl\\/wp-content\\/uploads\\/2017\\/03\\/awatar-150x150.jpg\"},{\"@type\":\"BreadcrumbList\",\"@id\":\"https:\\\/\\\/skawinanaukajazdy.pl\\\/doswiadczenie-i-profesjonalizm\\\/#breadcrumb\",\"itemListElement\":[{\"@type\":\"ListItem\",\"position\":1,\"name\":\"strona g\u0142\u00f3wna\",\"item\":\"https:\\\/\\\/skawinanaukajazdy.pl\\\/\"},{\"@type\":\"ListItem\",\"position\":2,\"name\":\"Do\u015bwiadczenie i profesjonalizm\"}]},{\"@type\":\"WebSite\",\"@id\":\"https:\\\/\\\/skawinanaukajazdy.pl\\\/#website\",\"url\":\"https:\\\/\\\/skawinanaukajazdy.pl\\\/\",\"name\":\"O\u015brodek Szkolenia Kierowc\u00f3w Ala i As\",\"description\":\"OSK Ala i As to jedna z najlepszych szk\u00f3\u0142 nauki jazdy w Skawinie\",\"publisher\":{\"@id\":\"https:\\\/\\\/skawinanaukajazdy.pl\\\/#organization\"},\"potentialAction\":[{\"@type\":\"SearchAction\",\"target\":{\"@type\":\"EntryPoint\",\"urlTemplate\":\"https:\\\/\\\/skawinanaukajazdy.pl\\\/?s={search_term_string}\"},\"query-input\":{\"@type\":\"PropertyValueSpecification\",\"valueRequired\":true,\"valueName\":\"search_term_string\"}}],\"inLanguage\":\"pl-PL\"},{\"@type\":\"Organization\",\"@id\":\"https:\\\/\\\/skawinanaukajazdy.pl\\\/#organization\",\"name\":\"OSK Ala i As Zbigniew Knapik\",\"url\":\"https:\\\/\\\/skawinanaukajazdy.pl\\\/\",\"logo\":{\"@type\":\"ImageObject\",\"inLanguage\":\"pl-PL\",\"@id\":\"https:\\\/\\\/skawinanaukajazdy.pl\\\/#\\\/schema\\\/logo\\\/image\\\/\",\"url\":\"https:\\/\\/skawinanaukajazdy.pl\\/wp-content\\/uploads\\/2021\\/04\\/Ala-i-As-Logo-Nowe_3.png\",\"contentUrl\":\"https:\\/\\/skawinanaukajazdy.pl\\/wp-content\\/uploads\\/2021\\/04\\/Ala-i-As-Logo-Nowe_3.png\",\"width\":1078,\"height\":298,\"caption\":\"OSK Ala i As Zbigniew Knapik\"},\"image\":{\"@id\":\"https:\\\/\\\/skawinanaukajazdy.pl\\\/#\\\/schema\\\/logo\\\/image\\\/\"},\"sameAs\":[\"http:\\\/\\\/facebook.com\\\/zibiknapik\\\/\",\"http:\\\/\\\/instagram.com\\\/osk_alaias\\\/\",\"https:\\\/\\\/www.youtube.com\\\/channel\\\/UC42znC6Fn_295PBwQPnHctg\"]}]}<\/script>\n<!-- \/ Yoast SEO plugin. -->","yoast_head_json":{"title":"Do\u015bwiadczenie i profesjonalizm - Prawo jazdy Skawina","description":"Do\u015bwiadczenie i profesjonalizm. Jestem instruktorem nauki jazdy i wyk\u0142adowc\u0105 od 2009 r a kierowc\u0105 od 1987 r. Za mn\u0105 ju\u017c ok 1 miliona km.","robots":{"index":"index","follow":"follow","max-snippet":"max-snippet:-1","max-image-preview":"max-image-preview:large","max-video-preview":"max-video-preview:-1"},"canonical":"https:\/\/skawinanaukajazdy.pl\/pl\/doswiadczenie-i-profesjonalizm\/","og_locale":"pl_PL","og_type":"article","og_title":"Do\u015bwiadczenie i profesjonalizm - Prawo jazdy Skawina","og_description":"Do\u015bwiadczenie i profesjonalizm. Jestem instruktorem nauki jazdy i wyk\u0142adowc\u0105 od 2009 r a kierowc\u0105 od 1987 r. Za mn\u0105 ju\u017c ok 1 miliona km.","og_url":"https:\/\/skawinanaukajazdy.pl\/pl\/doswiadczenie-i-profesjonalizm\/","og_site_name":"Prawo jazdy Skawina","article_publisher":"http:\/\/facebook.com\/zibiknapik\/","article_modified_time":"2024-11-21T17:44:34+00:00","og_image":[{"width":100,"height":103,"url":"https:\/\/ml4evcqfigri.i.optimole.com\/w:auto\/h:auto\/q:mauto\/g:sm\/f:best\/https:\/\/skawinanaukajazdy.pl\/wp-content\/uploads\/2017\/03\/awatar-e1489709289971.jpg","type":"image\/jpeg"}],"twitter_misc":{"Szacowany czas czytania":"3 minuty"},"schema":{"@context":"https:\/\/schema.org","@graph":[{"@type":"WebPage","@id":"https:\/\/skawinanaukajazdy.pl\/doswiadczenie-i-profesjonalizm\/","url":"https:\/\/skawinanaukajazdy.pl\/doswiadczenie-i-profesjonalizm\/","name":"Do\u015bwiadczenie i profesjonalizm - Prawo jazdy Skawina","isPartOf":{"@id":"https:\/\/skawinanaukajazdy.pl\/#website"},"primaryImageOfPage":{"@id":"https:\/\/skawinanaukajazdy.pl\/doswiadczenie-i-profesjonalizm\/#primaryimage"},"image":{"@id":"https:\/\/skawinanaukajazdy.pl\/doswiadczenie-i-profesjonalizm\/#primaryimage"},"thumbnailUrl":"https:\/\/ml4evcqfigri.i.optimole.com\/w:150\/h:150\/q:mauto\/rt:fill\/g:sm\/f:best\/http:\/\/skawinanaukajazdy.pl\/wp-content\/uploads\/2017\/03\/awatar.jpg","datePublished":"2024-11-21T17:36:32+00:00","dateModified":"2024-11-21T17:44:34+00:00","description":"Do\u015bwiadczenie i profesjonalizm. Jestem instruktorem nauki jazdy i wyk\u0142adowc\u0105 od 2009 r a kierowc\u0105 od 1987 r. Za mn\u0105 ju\u017c ok 1 miliona km.","breadcrumb":{"@id":"https:\/\/skawinanaukajazdy.pl\/doswiadczenie-i-profesjonalizm\/#breadcrumb"},"inLanguage":"pl-PL","potentialAction":[{"@type":"ReadAction","target":["https:\/\/skawinanaukajazdy.pl\/doswiadczenie-i-profesjonalizm\/"]}]},{"@type":"ImageObject","inLanguage":"pl-PL","@id":"https:\/\/skawinanaukajazdy.pl\/doswiadczenie-i-profesjonalizm\/#primaryimage","url":"https:\/\/ml4evcqfigri.i.optimole.com\/w:150\/h:150\/q:mauto\/rt:fill\/g:sm\/f:best\/http:\/\/skawinanaukajazdy.pl\/wp-content\/uploads\/2017\/03\/awatar.jpg","contentUrl":"https:\/\/ml4evcqfigri.i.optimole.com\/w:150\/h:150\/q:mauto\/rt:fill\/g:sm\/f:best\/http:\/\/skawinanaukajazdy.pl\/wp-content\/uploads\/2017\/03\/awatar.jpg"},{"@type":"BreadcrumbList","@id":"https:\/\/skawinanaukajazdy.pl\/doswiadczenie-i-profesjonalizm\/#breadcrumb","itemListElement":[{"@type":"ListItem","position":1,"name":"strona g\u0142\u00f3wna","item":"https:\/\/skawinanaukajazdy.pl\/"},{"@type":"ListItem","position":2,"name":"Do\u015bwiadczenie i profesjonalizm"}]},{"@type":"WebSite","@id":"https:\/\/skawinanaukajazdy.pl\/#website","url":"https:\/\/skawinanaukajazdy.pl\/","name":"O\u015brodek Szkolenia Kierowc\u00f3w Ala i As","description":"OSK Ala i As to jedna z najlepszych szk\u00f3\u0142 nauki jazdy w Skawinie","publisher":{"@id":"https:\/\/skawinanaukajazdy.pl\/#organization"},"potentialAction":[{"@type":"SearchAction","target":{"@type":"EntryPoint","urlTemplate":"https:\/\/skawinanaukajazdy.pl\/?s={search_term_string}"},"query-input":{"@type":"PropertyValueSpecification","valueRequired":true,"valueName":"search_term_string"}}],"inLanguage":"pl-PL"},{"@type":"Organization","@id":"https:\/\/skawinanaukajazdy.pl\/#organization","name":"OSK Ala i As Zbigniew Knapik","url":"https:\/\/skawinanaukajazdy.pl\/","logo":{"@type":"ImageObject","inLanguage":"pl-PL","@id":"https:\/\/skawinanaukajazdy.pl\/#\/schema\/logo\/image\/","url":"https:\/\/ml4evcqfigri.i.optimole.com\/w:auto\/h:auto\/q:mauto\/g:sm\/f:best\/https:\/\/skawinanaukajazdy.pl\/wp-content\/uploads\/2021\/04\/Ala-i-As-Logo-Nowe_3.png","contentUrl":"https:\/\/ml4evcqfigri.i.optimole.com\/w:auto\/h:auto\/q:mauto\/g:sm\/f:best\/https:\/\/skawinanaukajazdy.pl\/wp-content\/uploads\/2021\/04\/Ala-i-As-Logo-Nowe_3.png","width":1078,"height":298,"caption":"OSK Ala i As Zbigniew Knapik"},"image":{"@id":"https:\/\/skawinanaukajazdy.pl\/#\/schema\/logo\/image\/"},"sameAs":["http:\/\/facebook.com\/zibiknapik\/","http:\/\/instagram.com\/osk_alaias\/","https:\/\/www.youtube.com\/channel\/UC42znC6Fn_295PBwQPnHctg"]}]}},"jetpack_shortlink":"https:\/\/wp.me\/P9aRuO-j","jetpack_sharing_enabled":true,"jetpack-related-posts":[{"id":2567,"url":"https:\/\/skawinanaukajazdy.pl\/pl\/nasze-kursy\/","url_meta":{"origin":19,"position":0},"title":"Oferta","author":"admin","date":"17 marca 2022","format":false,"excerpt":"Kat B PODSTAWOWY Kat B AUTOMAT Kat B OPTYMALNY e-learning Oferta skierowana do os\u00f3b poszukuj\u0105cych dobrej profesjonalnej szko\u0142y nauki jazdy, w kt\u00f3rej ka\u017cdy klient jest obs\u0142u\u017cony indywidualnie i od pocz\u0105tku do ko\u0144ca kursu jest pod opiek\u0105 instruktora prowadz\u0105cego. Ka\u017cda osoba ucz\u0105ca si\u0119 je\u017adzi\u0107 samochodem jest jak sportowiec na treningu indywidualnym.\u2026","rel":"","context":"Podobny wpis","block_context":{"text":"Podobny wpis","link":""},"img":{"alt_text":"","src":"https:\/\/ml4evcqfigri.i.optimole.com\/w:auto\/h:auto\/q:mauto\/g:sm\/f:best\/https:\/\/i0.wp.com\/skawinanaukajazdy.pl\/wp-content\/uploads\/2020\/04\/Ala-i-As-Logo-Red_copy.png?resize=350%2C200","width":350,"height":200},"classes":[]},{"id":1290,"url":"https:\/\/skawinanaukajazdy.pl\/pl\/","url_meta":{"origin":19,"position":1},"title":"Prawo jazdy Skawina","author":"admin","date":"23 marca 2020","format":false,"excerpt":"Witam na stronie OSK Ala i As, Je\u017celi chcesz nie tylko \u201emie\u0107\" prawo jazdy, ale przede wszystkim pozna\u0107 tajniki rozs\u0105dnej i bezpiecznej jazdy, to dobrze trafi\u0142e\u015b! OSK Ala i As jest o\u015brodkiem istniej\u0105cym ju\u017c od 2010 roku w Skawinie. Nauka w naszym o\u015brodku jest skuteczna, a \u015bwiadcz\u0105 o tym nast\u0119puj\u0105ce\u2026","rel":"","context":"Podobny wpis","block_context":{"text":"Podobny wpis","link":""},"img":{"alt_text":"prawo jazdy Skawina","src":"https:\/\/ml4evcqfigri.i.optimole.com\/w:1024\/h:96\/q:mauto\/g:sm\/f:best\/https:\/\/i0.wp.com\/skawinanaukajazdy.pl\/wp-content\/uploads\/2020\/04\/Ala-i-As-Logo-Nowe_3-long.png?resize=350%2C200","width":350,"height":200,"srcset":"https:\/\/ml4evcqfigri.i.optimole.com\/w:1024\/h:96\/q:mauto\/g:sm\/f:best\/https:\/\/i0.wp.com\/skawinanaukajazdy.pl\/wp-content\/uploads\/2020\/04\/Ala-i-As-Logo-Nowe_3-long.png?resize=350%2C200 1x, https:\/\/ml4evcqfigri.i.optimole.com\/w:1024\/h:96\/q:mauto\/g:sm\/f:best\/https:\/\/i0.wp.com\/skawinanaukajazdy.pl\/wp-content\/uploads\/2020\/04\/Ala-i-As-Logo-Nowe_3-long.png?resize=525%2C300 1.5x, https:\/\/ml4evcqfigri.i.optimole.com\/w:1024\/h:96\/q:mauto\/g:sm\/f:best\/https:\/\/i0.wp.com\/skawinanaukajazdy.pl\/wp-content\/uploads\/2020\/04\/Ala-i-As-Logo-Nowe_3-long.png?resize=700%2C400 2x"},"classes":[]},{"id":3260,"url":"https:\/\/skawinanaukajazdy.pl\/pl\/kurs-automat\/","url_meta":{"origin":19,"position":2},"title":"Kurs kat. B78 AUTOMAT","author":"admin","date":"15 pa\u017adziernika 2024","format":false,"excerpt":"Kurs kat. B78 AUTOMAT 3900 z\u0142 ZDAJESZ NA TYM CO SI\u0118 UCZYSZ Zapraszam do zapis\u00f3w na kurs prawa jazdy kat. B78 na samochodzie z AUTOMATYCZN\u0104 SKRZYNI\u0104 BIEG\u00d3W Peugeot 308 1,6 Blue HDi Zalety takiego kursu: to przede wszystkim: SZYBKIE I BEZSTRESOWE PROWADZENIE AUTA (brak sprz\u0119g\u0142a) BRAK PROBLEM\u00d3W ZE ZGASZONYM SILNIKIEM\u2026","rel":"","context":"Podobny wpis","block_context":{"text":"Podobny wpis","link":""},"img":{"alt_text":"","src":"https:\/\/ml4evcqfigri.i.optimole.com\/w:150\/h:150\/q:mauto\/rt:fill\/g:sm\/f:best\/https:\/\/i0.wp.com\/skawinanaukajazdy.pl\/wp-content\/uploads\/2022\/04\/Peugeot_2.jpg?resize=350%2C200&ssl=1","width":350,"height":200,"srcset":"https:\/\/ml4evcqfigri.i.optimole.com\/w:150\/h:150\/q:mauto\/rt:fill\/g:sm\/f:best\/https:\/\/i0.wp.com\/skawinanaukajazdy.pl\/wp-content\/uploads\/2022\/04\/Peugeot_2.jpg?resize=350%2C200&ssl=1 1x, https:\/\/ml4evcqfigri.i.optimole.com\/w:150\/h:150\/q:mauto\/rt:fill\/g:sm\/f:best\/https:\/\/i0.wp.com\/skawinanaukajazdy.pl\/wp-content\/uploads\/2022\/04\/Peugeot_2.jpg?resize=525%2C300&ssl=1 1.5x, https:\/\/ml4evcqfigri.i.optimole.com\/w:150\/h:150\/q:mauto\/rt:fill\/g:sm\/f:best\/https:\/\/i0.wp.com\/skawinanaukajazdy.pl\/wp-content\/uploads\/2022\/04\/Peugeot_2.jpg?resize=700%2C400&ssl=1 2x, https:\/\/ml4evcqfigri.i.optimole.com\/w:150\/h:150\/q:mauto\/rt:fill\/g:sm\/f:best\/https:\/\/i0.wp.com\/skawinanaukajazdy.pl\/wp-content\/uploads\/2022\/04\/Peugeot_2.jpg?resize=1050%2C600&ssl=1 3x, https:\/\/ml4evcqfigri.i.optimole.com\/w:150\/h:150\/q:mauto\/rt:fill\/g:sm\/f:best\/https:\/\/i0.wp.com\/skawinanaukajazdy.pl\/wp-content\/uploads\/2022\/04\/Peugeot_2.jpg?resize=1400%2C800&ssl=1 4x"},"classes":[]},{"id":374,"url":"https:\/\/skawinanaukajazdy.pl\/pl\/moja-zdawalnosc\/","url_meta":{"origin":19,"position":3},"title":"Moja zdawalno\u015b\u0107","author":"admin","date":"5 kwietnia 2017","format":false,"excerpt":"Zdawalno\u015b\u0107 praktyki za pierwszym razem - 57,60% Od 2010 roku prowadz\u0119 O\u015brodek Szkolenia Kierowc\u00f3w Ala i As. Zdawalno\u015b\u0107 praktyki za pierwszym razem w\u015br\u00f3d kursant\u00f3w wynios\u0142a 57,60%na podstawie oficjalnej ANALIZY STATYSTYCZNEJ w zakresie \u015bredniej zdawalno\u015bci os\u00f3b szkolonych w O\u015brodkach Szkolenia Kierowc\u00f3w dzia\u0142aj\u0105cych na terenie powiatu krakowskiego za 2013, 2014, 2015, 2017,\u2026","rel":"","context":"Podobny wpis","block_context":{"text":"Podobny wpis","link":""},"img":{"alt_text":"Nauka Jazdy Skawina zdawalno\u015b\u0107 OSK Ala i As","src":"https:\/\/ml4evcqfigri.i.optimole.com\/w:150\/h:58\/q:mauto\/g:sm\/f:best\/https:\/\/i0.wp.com\/skawinanaukajazdy.pl\/wp-content\/uploads\/2017\/04\/Zdawalnosc_200x58.jpg?resize=350%2C200","width":350,"height":200},"classes":[]},{"id":775,"url":"https:\/\/skawinanaukajazdy.pl\/pl\/osk-ala-i-as\/","url_meta":{"origin":19,"position":4},"title":"Dlaczego Ala i As","author":"admin","date":"15 czerwca 2024","format":false,"excerpt":"OSK Ala i As - Skawina OSK Ala i As - szko\u0142a nauki jazdy istnieje od 2010 roku w Skawinie. Organizujemy kursy nauki jazdy kategorii B. Szkolenie prowadzone jest na samochodzie Hyundai i20, takim samym jaki jest u\u017cywany na egzaminach w O\u015brodku egzaminacyjnym w Krakowie. Gdy zastanawiacie si\u0119 nad wyborem\u2026","rel":"","context":"W \u201eOferta&quot;","block_context":{"text":"Oferta","link":"https:\/\/skawinanaukajazdy.pl\/pl\/oferta\/"},"img":{"alt_text":"OSK Ala i As - szko\u0142a nauki jazdy w Skawinie","src":"https:\/\/ml4evcqfigri.i.optimole.com\/w:150\/h:150\/q:mauto\/rt:fill\/g:sm\/f:best\/https:\/\/i0.wp.com\/skawinanaukajazdy.pl\/wp-content\/uploads\/2017\/03\/Znaki.png?resize=350%2C200","width":350,"height":200},"classes":[]},{"id":3325,"url":"https:\/\/skawinanaukajazdy.pl\/pl\/standardy-ochrony-maloletnich\/","url_meta":{"origin":19,"position":5},"title":"STANDARDY OCHRONY MA\u0141OLETNICH","author":"admin","date":"26 czerwca 2025","format":false,"excerpt":"Standardy ochrony ma\u0142oletnich w O\u015aRODEK SZKOLENIA KIEROWC\u00d3W \u201eALA I AS\" ZBIGNIEW KNAPIK Preambu\u0142a W celu realizacji obowi\u0105zku ustanowionego na mocy ustawy o przeciwdzia\u0142aniu zagro\u017ceniom przest\u0119pczo\u015bci\u0105 na tle seksualnym i ochronie ma\u0142oletnich (Dz. U. z 2024 r. poz. 560 ze\u00a0zm.) O\u015aRODEK SZKOLENIA KIEROWC\u00d3W \u201eALA I AS\u201d ZBIGNIEW KNAPIK wprowadza standardy ochrony\u2026","rel":"","context":"Podobny wpis","block_context":{"text":"Podobny wpis","link":""},"img":{"alt_text":"","src":"","width":0,"height":0},"classes":[]}],"_links":{"self":[{"href":"https:\/\/skawinanaukajazdy.pl\/pl\/wp-json\/wp\/v2\/pages\/19","targetHints":{"allow":["GET"]}}],"collection":[{"href":"https:\/\/skawinanaukajazdy.pl\/pl\/wp-json\/wp\/v2\/pages"}],"about":[{"href":"https:\/\/skawinanaukajazdy.pl\/pl\/wp-json\/wp\/v2\/types\/page"}],"author":[{"embeddable":true,"href":"https:\/\/skawinanaukajazdy.pl\/pl\/wp-json\/wp\/v2\/users\/1"}],"replies":[{"embeddable":true,"href":"https:\/\/skawinanaukajazdy.pl\/pl\/wp-json\/wp\/v2\/comments?post=19"}],"version-history":[{"count":11,"href":"https:\/\/skawinanaukajazdy.pl\/pl\/wp-json\/wp\/v2\/pages\/19\/revisions"}],"predecessor-version":[{"id":3287,"href":"https:\/\/skawinanaukajazdy.pl\/pl\/wp-json\/wp\/v2\/pages\/19\/revisions\/3287"}],"wp:attachment":[{"href":"https:\/\/skawinanaukajazdy.pl\/pl\/wp-json\/wp\/v2\/media?parent=19"}],"curies":[{"name":"wp","href":"https:\/\/api.w.org\/{rel}","templated":true}]}}