{"id":1290,"date":"2020-03-23T16:15:21","date_gmt":"2020-03-23T15:15:21","guid":{"rendered":"https:\/\/skawinanaukajazdy.pl\/hestia-front\/"},"modified":"2026-05-01T13:38:26","modified_gmt":"2026-05-01T11:38:26","slug":"prawo-jazdy","status":"publish","type":"page","link":"https:\/\/skawinanaukajazdy.pl\/pl\/","title":{"rendered":"Prawo jazdy Skawina"},"content":{"rendered":"\n<figure class=\"wp-block-image size-large\"><img data-opt-id=866388165  fetchpriority=\"high\" decoding=\"async\" width=\"1024\" height=\"96\" data-attachment-id=\"1426\" data-permalink=\"https:\/\/skawinanaukajazdy.pl\/pl\/ala-i-as-logo-nowe_3-long\/\" data-orig-file=\"https:\/\/ml4evcqfigri.i.optimole.com\/w:auto\/h:auto\/q:mauto\/f:best\/https:\/\/skawinanaukajazdy.pl\/wp-content\/uploads\/2020\/04\/Ala-i-As-Logo-Nowe_3-long.png\" data-orig-size=\"1078,101\" data-comments-opened=\"0\" data-image-meta=\"{&quot;aperture&quot;:&quot;0&quot;,&quot;credit&quot;:&quot;&quot;,&quot;camera&quot;:&quot;&quot;,&quot;caption&quot;:&quot;&quot;,&quot;created_timestamp&quot;:&quot;0&quot;,&quot;copyright&quot;:&quot;&quot;,&quot;focal_length&quot;:&quot;0&quot;,&quot;iso&quot;:&quot;0&quot;,&quot;shutter_speed&quot;:&quot;0&quot;,&quot;title&quot;:&quot;&quot;,&quot;orientation&quot;:&quot;0&quot;}\" data-image-title=\"Ala i As Logo Nowe_3-long\" data-image-description=\"\" data-image-caption=\"\" data-large-file=\"https:\/\/ml4evcqfigri.i.optimole.com\/w:1024\/h:96\/q:mauto\/f:best\/https:\/\/skawinanaukajazdy.pl\/wp-content\/uploads\/2020\/04\/Ala-i-As-Logo-Nowe_3-long.png\" src=\"https:\/\/ml4evcqfigri.i.optimole.com\/w:1024\/h:96\/q:mauto\/f:best\/http:\/\/skawinanaukajazdy.pl\/wp-content\/uploads\/2020\/04\/Ala-i-As-Logo-Nowe_3-long.png\" alt=\"prawo jazdy Skawina\" class=\"wp-image-1426\" srcset=\"https:\/\/ml4evcqfigri.i.optimole.com\/w:1024\/h:96\/q:mauto\/f:best\/https:\/\/skawinanaukajazdy.pl\/wp-content\/uploads\/2020\/04\/Ala-i-As-Logo-Nowe_3-long.png 1024w, https:\/\/ml4evcqfigri.i.optimole.com\/w:300\/h:28\/q:mauto\/f:best\/https:\/\/skawinanaukajazdy.pl\/wp-content\/uploads\/2020\/04\/Ala-i-As-Logo-Nowe_3-long.png 300w, https:\/\/ml4evcqfigri.i.optimole.com\/w:768\/h:72\/q:mauto\/f:best\/https:\/\/skawinanaukajazdy.pl\/wp-content\/uploads\/2020\/04\/Ala-i-As-Logo-Nowe_3-long.png 768w, https:\/\/ml4evcqfigri.i.optimole.com\/w:1078\/h:101\/q:mauto\/f:best\/https:\/\/skawinanaukajazdy.pl\/wp-content\/uploads\/2020\/04\/Ala-i-As-Logo-Nowe_3-long.png 1078w\" sizes=\"(max-width: 750px) 100vw, 750px\" \/><\/figure>\n\n\n\n<h3 class=\"wp-block-heading\">Witam na stronie OSK Ala i As,<\/h3>\n\n\n\n<p class=\"has-text-color\" style=\"color:#2b2d2e\">Je\u017celi chcesz nie tylko \u201emie\u0107&#8221; prawo jazdy, ale przede wszystkim pozna\u0107 tajniki rozs\u0105dnej i bezpiecznej jazdy, to dobrze trafi\u0142e\u015b!<\/p>\n\n\n\n<p class=\"has-text-color\" style=\"color:#2f3335\">OSK Ala i As jest o\u015brodkiem istniej\u0105cym ju\u017c od 2010 roku w Skawinie. <\/p>\n\n\n\n<p class=\"has-text-color\" style=\"color:#2f3335\">Nauka w naszym o\u015brodku jest skuteczna, a \u015bwiadcz\u0105 o tym nast\u0119puj\u0105ce fakty:<\/p>\n\n\n\n<ul class=\"wp-block-list\">\n<li> <a href=\"https:\/\/skawinanaukajazdy.pl\/moja-zdawalnosc\/\"><strong>skuteczno\u015b\u0107 (zdawalno\u015b\u0107)<\/strong><\/a> <\/li>\n\n\n\n<li> <a href=\"https:\/\/skawinanaukajazdy.pl\/doswiadczenie-i-profesjonalizm\/\"><strong>do\u015bwiadczenie<\/strong><\/a> <\/li>\n\n\n\n<li> <a href=\"https:\/\/www.superprawojazdy.pl\/osrodek-szkolenia-kierowcow-ala-i-as-zbigniew-knapik,10003.htm#opinie\"><strong>opinie kursant\u00f3w<\/strong><\/a> <\/li>\n<\/ul>\n\n\n\n<p class=\"has-text-color\" style=\"color:#2f3335\">Zapoznaj si\u0119 prosz\u0119 zar\u00f3wno z nasz\u0105 <a href=\"https:\/\/skawinanaukajazdy.pl\/pl_pl\/cennik-osk-ala-i-as\/\"><span style=\"background-color:rgba(0, 0, 0, 0)\" class=\"has-inline-color has-accent-color\">ofert\u0105<\/span><\/a>, jak r\u00f3wnie\u017c innych szk\u00f3\u0142, warto por\u00f3wna\u0107 i przeanalizowa\u0107 kilka rozwi\u0105za\u0144.<\/p>\n\n\n\n<p class=\"has-text-color\" style=\"color:#2f3335\">Nasza szko\u0142a jest w pe\u0142ni profesjonalna i gwarantuje bardzo dobry efekt ko\u0144cowy, a nasze kursy na prawo jazdy przeprowadzane s\u0105 zgodnie z ustaw\u0105 o szkoleniu i egzaminowaniu kandydat\u00f3w na kierowc\u00f3w.<\/p>\n\n\n\n<p class=\"has-text-color\" style=\"color:#2f3335\">Zar\u00f3wno cz\u0119\u015b\u0107 teoretyczna (wyk\u0142ady), jak i cz\u0119\u015b\u0107 praktyczna (jazdy) trwaj\u0105 maksymalnie 2 miesi\u0105ce \u2013 je\u015bli potrzebujesz wi\u0119cej czasu, masz to zagwarantowane.<\/p>\n\n\n\n<p class=\"has-text-color\" style=\"color:#2f3335\">Cierpliwo\u015b\u0107 to nasza pasja \ud83d\ude42<\/p>\n\n\n\n<p class=\"has-text-color\" style=\"color:#2f3335\">W cenie kursu otrzymujesz:<\/p>\n\n\n\n<div class=\"wp-block-group has-background-color-background-color has-background\"><div class=\"wp-block-group__inner-container is-layout-flow wp-block-group-is-layout-flow\">\n<ul class=\"wp-block-list\">\n<li><strong><a href=\"https:\/\/skawinanaukajazdy.pl\/pl_pl\/nasze-kursy\/\">3 godz. DODATKOWYCH JAZD<\/a><\/strong><\/li>\n<\/ul>\n<\/div><\/div>\n\n\n\n<div class=\"wp-block-group has-background-color-background-color has-background\"><div class=\"wp-block-group__inner-container is-layout-flow wp-block-group-is-layout-flow\">\n<ul class=\"wp-block-list\">\n<li><a href=\"https:\/\/skawinanaukajazdy.pl\/pl_pl\/nasze-kursy\/\"><strong>MATERIA\u0141Y ON-LINE WRAZ Z TESTAMI EGZAMINACYJNYMI<\/strong><\/a><\/li>\n<\/ul>\n<\/div><\/div>\n\n\n\n<div class=\"wp-block-group has-background-color-background-color has-background\"><div class=\"wp-block-group__inner-container is-layout-flow wp-block-group-is-layout-flow\">\n<ul class=\"wp-block-list\">\n<li><strong><a href=\"https:\/\/skawinanaukajazdy.pl\/pl_pl\/nasze-kursy\/\">EGZAMINY WEWN\u0118TRZNE &#8211; teoria i praktyka<\/a><\/strong> &#8211; (bez wzgl\u0119du na ilo\u015b\u0107 podej\u015b\u0107)<\/li>\n<\/ul>\n<\/div><\/div>\n\n\n\n<div class=\"wp-block-group has-background-color-background-color has-background\"><div class=\"wp-block-group__inner-container is-layout-flow wp-block-group-is-layout-flow\">\n<ul class=\"wp-block-list\">\n<li><strong><a href=\"https:\/\/skawinanaukajazdy.pl\/pl_pl\/e-learning\/\">KURS INTERNETOWY &#8211; e-learning<\/a><\/strong><\/li>\n<\/ul>\n<\/div><\/div>\n\n\n\n<p><\/p>\n\n\n\n<div class=\"wp-block-buttons is-layout-flex wp-block-buttons-is-layout-flex\">\n<div class=\"wp-block-button has-custom-width wp-block-button__width-25 is-style-fill\"><a class=\"wp-block-button__link has-white-color has-accent-background-color has-text-color has-background has-link-color has-small-font-size has-custom-font-size wp-element-button\" href=\"tel:+48668948383\" style=\"border-style:none;border-width:0px;border-top-left-radius:100px;border-top-right-radius:100px;border-bottom-left-radius:100px;border-bottom-right-radius:100px;padding-top:var(--wp--preset--spacing--20);padding-right:0;padding-bottom:var(--wp--preset--spacing--20);padding-left:0\">ZADZWO\u0143<\/a><\/div>\n\n\n\n<div class=\"wp-block-button has-custom-width wp-block-button__width-25 is-style-outline is-style-outline--1\"><a class=\"wp-block-button__link has-white-color has-accent-background-color has-text-color has-background has-link-color has-small-font-size has-custom-font-size wp-element-button\" href=\"tel:+48668948383\" style=\"border-style:none;border-width:0px;border-top-left-radius:100px;border-top-right-radius:100px;border-bottom-left-radius:100px;border-bottom-right-radius:100px;padding-top:var(--wp--preset--spacing--20);padding-right:0;padding-bottom:var(--wp--preset--spacing--20);padding-left:0\">SMS &#8211; &#8222;Kurs&#8221;<\/a><\/div>\n<\/div>\n\n\n\n<p><\/p>\n","protected":false},"excerpt":{"rendered":"<p>Witam na stronie OSK Ala i As, Je\u017celi chcesz nie tylko \u201emie\u0107&#8221; prawo jazdy, ale przede wszystkim pozna\u0107 tajniki rozs\u0105dnej i bezpiecznej jazdy, to dobrze trafi\u0142e\u015b! OSK Ala i As jest o\u015brodkiem istniej\u0105cym ju\u017c od 2010 roku w Skawinie. Nauka w naszym o\u015brodku jest skuteczna, a \u015bwiadcz\u0105 o tym nast\u0119puj\u0105ce [&hellip;]<\/p>\n","protected":false},"author":1,"featured_media":0,"parent":0,"menu_order":0,"comment_status":"closed","ping_status":"closed","template":"","meta":{"_themeisle_gutenberg_block_has_review":false,"two_page_speed":[],"footnotes":""},"class_list":["post-1290","page","type-page","status-publish","hentry"],"yoast_head":"<!-- This site is optimized with the Yoast SEO plugin v27.5 - https:\/\/yoast.com\/product\/yoast-seo-wordpress\/ -->\n<title>Prawo jazdy Skawina<\/title>\n<meta name=\"description\" content=\"Prawo jazdy Skawina , ZAPRASZA NA NAJBLI\u017bSZY KURS NAUKI JAZDY, gdzie zdob\u0119dziesz upragnione prawo jazdy - zapisz si\u0119 on-line\" \/>\n<meta name=\"robots\" content=\"index, follow, max-snippet:-1, max-image-preview:large, max-video-preview:-1\" \/>\n<link rel=\"canonical\" href=\"https:\/\/skawinanaukajazdy.pl\/pl\/\" \/>\n<meta property=\"og:locale\" content=\"pl_PL\" \/>\n<meta property=\"og:type\" content=\"article\" \/>\n<meta property=\"og:title\" content=\"Prawo jazdy Skawina\" \/>\n<meta property=\"og:description\" content=\"Prawo jazdy Skawina , ZAPRASZA NA NAJBLI\u017bSZY KURS NAUKI JAZDY, gdzie zdob\u0119dziesz upragnione prawo jazdy - zapisz si\u0119 on-line\" \/>\n<meta property=\"og:url\" content=\"https:\/\/skawinanaukajazdy.pl\/pl\/\" \/>\n<meta property=\"og:site_name\" content=\"Prawo jazdy Skawina\" \/>\n<meta property=\"article:publisher\" content=\"http:\/\/facebook.com\/zibiknapik\/\" \/>\n<meta property=\"article:modified_time\" content=\"2026-05-01T11:38:26+00:00\" \/>\n<meta property=\"og:image\" content=\"https:\/\/ml4evcqfigri.i.optimole.com\/w:auto\/h:auto\/q:mauto\/f:best\/https:\/\/skawinanaukajazdy.pl\/wp-content\/uploads\/2020\/04\/Ala-i-As-Logo-Nowe_3-long.png\" \/>\n\t<meta property=\"og:image:width\" content=\"1078\" \/>\n\t<meta property=\"og:image:height\" content=\"101\" \/>\n\t<meta property=\"og:image:type\" content=\"image\/png\" \/>\n<meta name=\"twitter:label1\" content=\"Szacowany czas czytania\" \/>\n\t<meta name=\"twitter:data1\" content=\"2 minuty\" \/>\n<script type=\"application\/ld+json\" class=\"yoast-schema-graph\">{\"@context\":\"https:\\\/\\\/schema.org\",\"@graph\":[{\"@type\":\"WebPage\",\"@id\":\"https:\\\/\\\/skawinanaukajazdy.pl\\\/\",\"url\":\"https:\\\/\\\/skawinanaukajazdy.pl\\\/\",\"name\":\"Prawo jazdy Skawina\",\"isPartOf\":{\"@id\":\"https:\\\/\\\/skawinanaukajazdy.pl\\\/#website\"},\"primaryImageOfPage\":{\"@id\":\"https:\\\/\\\/skawinanaukajazdy.pl\\\/#primaryimage\"},\"image\":{\"@id\":\"https:\\\/\\\/skawinanaukajazdy.pl\\\/#primaryimage\"},\"thumbnailUrl\":\"http:\\/\\/skawinanaukajazdy.pl\\/wp-content\\/uploads\\/2020\\/04\\/Ala-i-As-Logo-Nowe_3-long-1024x96.png\",\"datePublished\":\"2020-03-23T15:15:21+00:00\",\"dateModified\":\"2026-05-01T11:38:26+00:00\",\"description\":\"Prawo jazdy Skawina , ZAPRASZA NA NAJBLI\u017bSZY KURS NAUKI JAZDY, gdzie zdob\u0119dziesz upragnione prawo jazdy - zapisz si\u0119 on-line\",\"breadcrumb\":{\"@id\":\"https:\\\/\\\/skawinanaukajazdy.pl\\\/#breadcrumb\"},\"inLanguage\":\"pl-PL\",\"potentialAction\":[{\"@type\":\"ReadAction\",\"target\":[\"https:\\\/\\\/skawinanaukajazdy.pl\\\/\"]}]},{\"@type\":\"ImageObject\",\"inLanguage\":\"pl-PL\",\"@id\":\"https:\\\/\\\/skawinanaukajazdy.pl\\\/#primaryimage\",\"url\":\"http:\\/\\/skawinanaukajazdy.pl\\/wp-content\\/uploads\\/2020\\/04\\/Ala-i-As-Logo-Nowe_3-long-1024x96.png\",\"contentUrl\":\"http:\\/\\/skawinanaukajazdy.pl\\/wp-content\\/uploads\\/2020\\/04\\/Ala-i-As-Logo-Nowe_3-long-1024x96.png\"},{\"@type\":\"BreadcrumbList\",\"@id\":\"https:\\\/\\\/skawinanaukajazdy.pl\\\/#breadcrumb\",\"itemListElement\":[{\"@type\":\"ListItem\",\"position\":1,\"name\":\"strona g\u0142\u00f3wna\",\"item\":\"https:\\\/\\\/skawinanaukajazdy.pl\\\/\"},{\"@type\":\"ListItem\",\"position\":2,\"name\":\"Prawo jazdy Skawina\"}]},{\"@type\":\"WebSite\",\"@id\":\"https:\\\/\\\/skawinanaukajazdy.pl\\\/#website\",\"url\":\"https:\\\/\\\/skawinanaukajazdy.pl\\\/\",\"name\":\"O\u015brodek Szkolenia Kierowc\u00f3w Ala i As\",\"description\":\"OSK Ala i As to jedna z najlepszych szk\u00f3\u0142 nauki jazdy w Skawinie\",\"publisher\":{\"@id\":\"https:\\\/\\\/skawinanaukajazdy.pl\\\/#organization\"},\"potentialAction\":[{\"@type\":\"SearchAction\",\"target\":{\"@type\":\"EntryPoint\",\"urlTemplate\":\"https:\\\/\\\/skawinanaukajazdy.pl\\\/?s={search_term_string}\"},\"query-input\":{\"@type\":\"PropertyValueSpecification\",\"valueRequired\":true,\"valueName\":\"search_term_string\"}}],\"inLanguage\":\"pl-PL\"},{\"@type\":\"Organization\",\"@id\":\"https:\\\/\\\/skawinanaukajazdy.pl\\\/#organization\",\"name\":\"OSK Ala i As Zbigniew Knapik\",\"url\":\"https:\\\/\\\/skawinanaukajazdy.pl\\\/\",\"logo\":{\"@type\":\"ImageObject\",\"inLanguage\":\"pl-PL\",\"@id\":\"https:\\\/\\\/skawinanaukajazdy.pl\\\/#\\\/schema\\\/logo\\\/image\\\/\",\"url\":\"https:\\/\\/skawinanaukajazdy.pl\\/wp-content\\/uploads\\/2021\\/04\\/Ala-i-As-Logo-Nowe_3.png\",\"contentUrl\":\"https:\\/\\/skawinanaukajazdy.pl\\/wp-content\\/uploads\\/2021\\/04\\/Ala-i-As-Logo-Nowe_3.png\",\"width\":1078,\"height\":298,\"caption\":\"OSK Ala i As Zbigniew Knapik\"},\"image\":{\"@id\":\"https:\\\/\\\/skawinanaukajazdy.pl\\\/#\\\/schema\\\/logo\\\/image\\\/\"},\"sameAs\":[\"http:\\\/\\\/facebook.com\\\/zibiknapik\\\/\",\"http:\\\/\\\/instagram.com\\\/osk_alaias\\\/\",\"https:\\\/\\\/www.youtube.com\\\/channel\\\/UC42znC6Fn_295PBwQPnHctg\"]}]}<\/script>\n<!-- \/ Yoast SEO plugin. -->","yoast_head_json":{"title":"Prawo jazdy Skawina","description":"Prawo jazdy Skawina , ZAPRASZA NA NAJBLI\u017bSZY KURS NAUKI JAZDY, gdzie zdob\u0119dziesz upragnione prawo jazdy - zapisz si\u0119 on-line","robots":{"index":"index","follow":"follow","max-snippet":"max-snippet:-1","max-image-preview":"max-image-preview:large","max-video-preview":"max-video-preview:-1"},"canonical":"https:\/\/skawinanaukajazdy.pl\/pl\/","og_locale":"pl_PL","og_type":"article","og_title":"Prawo jazdy Skawina","og_description":"Prawo jazdy Skawina , ZAPRASZA NA NAJBLI\u017bSZY KURS NAUKI JAZDY, gdzie zdob\u0119dziesz upragnione prawo jazdy - zapisz si\u0119 on-line","og_url":"https:\/\/skawinanaukajazdy.pl\/pl\/","og_site_name":"Prawo jazdy Skawina","article_publisher":"http:\/\/facebook.com\/zibiknapik\/","article_modified_time":"2026-05-01T11:38:26+00:00","og_image":[{"width":1078,"height":101,"url":"https:\/\/ml4evcqfigri.i.optimole.com\/w:auto\/h:auto\/q:mauto\/f:best\/https:\/\/skawinanaukajazdy.pl\/wp-content\/uploads\/2020\/04\/Ala-i-As-Logo-Nowe_3-long.png","type":"image\/png"}],"twitter_misc":{"Szacowany czas czytania":"2 minuty"},"schema":{"@context":"https:\/\/schema.org","@graph":[{"@type":"WebPage","@id":"https:\/\/skawinanaukajazdy.pl\/","url":"https:\/\/skawinanaukajazdy.pl\/","name":"Prawo jazdy Skawina","isPartOf":{"@id":"https:\/\/skawinanaukajazdy.pl\/#website"},"primaryImageOfPage":{"@id":"https:\/\/skawinanaukajazdy.pl\/#primaryimage"},"image":{"@id":"https:\/\/skawinanaukajazdy.pl\/#primaryimage"},"thumbnailUrl":"https:\/\/ml4evcqfigri.i.optimole.com\/w:1024\/h:96\/q:mauto\/f:best\/http:\/\/skawinanaukajazdy.pl\/wp-content\/uploads\/2020\/04\/Ala-i-As-Logo-Nowe_3-long.png","datePublished":"2020-03-23T15:15:21+00:00","dateModified":"2026-05-01T11:38:26+00:00","description":"Prawo jazdy Skawina , ZAPRASZA NA NAJBLI\u017bSZY KURS NAUKI JAZDY, gdzie zdob\u0119dziesz upragnione prawo jazdy - zapisz si\u0119 on-line","breadcrumb":{"@id":"https:\/\/skawinanaukajazdy.pl\/#breadcrumb"},"inLanguage":"pl-PL","potentialAction":[{"@type":"ReadAction","target":["https:\/\/skawinanaukajazdy.pl\/"]}]},{"@type":"ImageObject","inLanguage":"pl-PL","@id":"https:\/\/skawinanaukajazdy.pl\/#primaryimage","url":"https:\/\/ml4evcqfigri.i.optimole.com\/w:1024\/h:96\/q:mauto\/f:best\/http:\/\/skawinanaukajazdy.pl\/wp-content\/uploads\/2020\/04\/Ala-i-As-Logo-Nowe_3-long.png","contentUrl":"https:\/\/ml4evcqfigri.i.optimole.com\/w:1024\/h:96\/q:mauto\/f:best\/http:\/\/skawinanaukajazdy.pl\/wp-content\/uploads\/2020\/04\/Ala-i-As-Logo-Nowe_3-long.png"},{"@type":"BreadcrumbList","@id":"https:\/\/skawinanaukajazdy.pl\/#breadcrumb","itemListElement":[{"@type":"ListItem","position":1,"name":"strona g\u0142\u00f3wna","item":"https:\/\/skawinanaukajazdy.pl\/"},{"@type":"ListItem","position":2,"name":"Prawo jazdy Skawina"}]},{"@type":"WebSite","@id":"https:\/\/skawinanaukajazdy.pl\/#website","url":"https:\/\/skawinanaukajazdy.pl\/","name":"O\u015brodek Szkolenia Kierowc\u00f3w Ala i As","description":"OSK Ala i As to jedna z najlepszych szk\u00f3\u0142 nauki jazdy w Skawinie","publisher":{"@id":"https:\/\/skawinanaukajazdy.pl\/#organization"},"potentialAction":[{"@type":"SearchAction","target":{"@type":"EntryPoint","urlTemplate":"https:\/\/skawinanaukajazdy.pl\/?s={search_term_string}"},"query-input":{"@type":"PropertyValueSpecification","valueRequired":true,"valueName":"search_term_string"}}],"inLanguage":"pl-PL"},{"@type":"Organization","@id":"https:\/\/skawinanaukajazdy.pl\/#organization","name":"OSK Ala i As Zbigniew Knapik","url":"https:\/\/skawinanaukajazdy.pl\/","logo":{"@type":"ImageObject","inLanguage":"pl-PL","@id":"https:\/\/skawinanaukajazdy.pl\/#\/schema\/logo\/image\/","url":"https:\/\/ml4evcqfigri.i.optimole.com\/w:auto\/h:auto\/q:mauto\/f:best\/https:\/\/skawinanaukajazdy.pl\/wp-content\/uploads\/2021\/04\/Ala-i-As-Logo-Nowe_3.png","contentUrl":"https:\/\/ml4evcqfigri.i.optimole.com\/w:auto\/h:auto\/q:mauto\/f:best\/https:\/\/skawinanaukajazdy.pl\/wp-content\/uploads\/2021\/04\/Ala-i-As-Logo-Nowe_3.png","width":1078,"height":298,"caption":"OSK Ala i As Zbigniew Knapik"},"image":{"@id":"https:\/\/skawinanaukajazdy.pl\/#\/schema\/logo\/image\/"},"sameAs":["http:\/\/facebook.com\/zibiknapik\/","http:\/\/instagram.com\/osk_alaias\/","https:\/\/www.youtube.com\/channel\/UC42znC6Fn_295PBwQPnHctg"]}]}},"jetpack_shortlink":"https:\/\/wp.me\/P9aRuO-kO","jetpack_sharing_enabled":true,"jetpack-related-posts":[{"id":775,"url":"https:\/\/skawinanaukajazdy.pl\/pl\/osk-ala-i-as\/","url_meta":{"origin":1290,"position":0},"title":"Dlaczego Ala i As","author":"admin","date":"15 czerwca 2024","format":false,"excerpt":"OSK Ala i As - Skawina OSK Ala i As - szko\u0142a nauki jazdy istnieje od 2010 roku w Skawinie. Organizujemy kursy nauki jazdy kategorii B. Szkolenie prowadzone jest na samochodzie Hyundai i20, takim samym jaki jest u\u017cywany na egzaminach w O\u015brodku egzaminacyjnym w Krakowie. Gdy zastanawiacie si\u0119 nad wyborem\u2026","rel":"","context":"W \u201eOferta&quot;","block_context":{"text":"Oferta","link":"https:\/\/skawinanaukajazdy.pl\/pl\/oferta\/"},"img":{"alt_text":"OSK Ala i As - szko\u0142a nauki jazdy w Skawinie","src":"https:\/\/ml4evcqfigri.i.optimole.com\/w:150\/h:150\/q:mauto\/rt:fill\/g:ce\/f:best\/https:\/\/i0.wp.com\/skawinanaukajazdy.pl\/wp-content\/uploads\/2017\/03\/Znaki.png?resize=350%2C200","width":350,"height":200},"classes":[]},{"id":20,"url":"https:\/\/skawinanaukajazdy.pl\/pl\/cennik-osk-ala-i-as\/","url_meta":{"origin":1290,"position":1},"title":"CENNIK","author":"admin","date":"3 sierpnia 2022","format":false,"excerpt":"FORMY P\u0141ATNO\u015aCI p\u0142atno\u015b\u0107 GOT\u00d3WK\u0104 p\u0142atno\u015b\u0107 PRZELEWEM (przelew na poni\u017csze konto) p\u0142atno\u015b\u0107 BLIKIEM na telefon NR KONTA: mBank: 63 1140 2004 0000 3102 8068 7207 (OSK Ala i As Zbigniew Knapik, ul. Torowa 8 32-050 SKAWINA) RATY 0% op\u0142aty za kurs mo\u017cna dokona\u0107 w nieoprocentowanych ratach roz\u0142o\u017conych na czas trwania kursu,\u2026","rel":"","context":"W \u201eOferta&quot;","block_context":{"text":"Oferta","link":"https:\/\/skawinanaukajazdy.pl\/pl\/oferta\/"},"img":{"alt_text":"","src":"https:\/\/ml4evcqfigri.i.optimole.com\/w:1024\/h:96\/q:mauto\/f:best\/https:\/\/i0.wp.com\/skawinanaukajazdy.pl\/wp-content\/uploads\/2020\/04\/Ala-i-As-Logo-Nowe_3-long.png?resize=350%2C200","width":350,"height":200,"srcset":"https:\/\/ml4evcqfigri.i.optimole.com\/w:1024\/h:96\/q:mauto\/f:best\/https:\/\/i0.wp.com\/skawinanaukajazdy.pl\/wp-content\/uploads\/2020\/04\/Ala-i-As-Logo-Nowe_3-long.png?resize=350%2C200 1x, https:\/\/ml4evcqfigri.i.optimole.com\/w:1024\/h:96\/q:mauto\/f:best\/https:\/\/i0.wp.com\/skawinanaukajazdy.pl\/wp-content\/uploads\/2020\/04\/Ala-i-As-Logo-Nowe_3-long.png?resize=525%2C300 1.5x, https:\/\/ml4evcqfigri.i.optimole.com\/w:1024\/h:96\/q:mauto\/f:best\/https:\/\/i0.wp.com\/skawinanaukajazdy.pl\/wp-content\/uploads\/2020\/04\/Ala-i-As-Logo-Nowe_3-long.png?resize=700%2C400 2x"},"classes":[]},{"id":3274,"url":"https:\/\/skawinanaukajazdy.pl\/pl\/e-learning\/","url_meta":{"origin":1290,"position":2},"title":"e-learning czyli teoria w domu","author":"admin","date":"16 pa\u017adziernika 2024","format":false,"excerpt":"Kurs na prawo jazdy przez e-learning 3700 z\u0142 30 + 3 godziny zegarowych jazd egzamin wewn\u0119trzny praktyczny \u2013 gratis pe\u0142en dost\u0119p do platformy edukacyjnej \u2013 gratis wpisowe 200 z\u0142otych (przed rozpocz\u0119ciem nauki) pozosta\u0142a kwota \u2013 raty 0% \u2013 do momentu uko\u0144czenia kursu Zapraszam do skorzystania z u\u0142atwienia jakim jest nauka\u2026","rel":"","context":"Podobny wpis","block_context":{"text":"Podobny wpis","link":""},"img":{"alt_text":"OSK Ala i As e-learning","src":"https:\/\/ml4evcqfigri.i.optimole.com\/w:auto\/h:auto\/q:mauto\/f:best\/https:\/\/i0.wp.com\/skawinanaukajazdy.pl\/wp-content\/uploads\/2021\/03\/e-learning-2-rodzaje-teorii-edited.jpg?resize=350%2C200","width":350,"height":200},"classes":[]},{"id":277,"url":"https:\/\/skawinanaukajazdy.pl\/pl\/zapisz-sie-na-kurs\/","url_meta":{"origin":1290,"position":3},"title":"Zapisz si\u0119 na kurs prawa jazdy","author":"admin","date":"27 marca 2017","format":false,"excerpt":"Zapisz si\u0119 na kurs prawa jazdy wype\u0142nij formularz kontaktowy i wy\u015blij a my oddzwonimy. Wype\u0142nienie i wys\u0142anie formularza oznacza, \u017ce podane w nim dane osobowe b\u0119d\u0105 przetwarzane w celu nawi\u0105zania kontaktu i przedstawienia oferty przez OSK ALA i AS Zbigniew Knapik. Zasady przetwarzania i informacje o administratorze znajdziesz tutaj.","rel":"","context":"Podobny wpis","block_context":{"text":"Podobny wpis","link":""},"img":{"alt_text":"Zapisz si\u0119 na kurs nauki jazdy","src":"https:\/\/ml4evcqfigri.i.optimole.com\/w:auto\/h:auto\/q:mauto\/f:best\/https:\/\/i0.wp.com\/skawinanaukajazdy.pl\/wp-content\/uploads\/2017\/04\/Zapisz-si%C4%99.jpg?resize=350%2C200","width":350,"height":200},"classes":[]},{"id":22,"url":"https:\/\/skawinanaukajazdy.pl\/pl\/kontakt\/","url_meta":{"origin":1290,"position":4},"title":"Kontakt &#8211; informacje kontaktowe","author":"admin","date":"15 marca 2017","format":false,"excerpt":"KONTAKT OSK Ala i As Zbigniew Knapik biuro: czynne w ka\u017cd\u0105 \u015brod\u0119 od 16.00 do 18.00 32-050 Skawinaul. Torowa 8 tel: +48 668 94 83 83 osk.biuro@gmail.com Formularz kontaktowy","rel":"","context":"Podobny wpis","block_context":{"text":"Podobny wpis","link":""},"img":{"alt_text":"Kontakt do OSK Ala i As","src":"https:\/\/ml4evcqfigri.i.optimole.com\/w:auto\/h:auto\/q:mauto\/f:best\/https:\/\/i0.wp.com\/skawinanaukajazdy.pl\/wp-content\/uploads\/2017\/04\/Kontakt.jpg?resize=350%2C200","width":350,"height":200},"classes":[]},{"id":2567,"url":"https:\/\/skawinanaukajazdy.pl\/pl\/nasze-kursy\/","url_meta":{"origin":1290,"position":5},"title":"Oferta","author":"admin","date":"17 marca 2022","format":false,"excerpt":"Kat B PODSTAWOWY Kat B AUTOMAT Kat B OPTYMALNY e-learning Oferta skierowana do os\u00f3b poszukuj\u0105cych dobrej profesjonalnej szko\u0142y nauki jazdy, w kt\u00f3rej ka\u017cdy klient jest obs\u0142u\u017cony indywidualnie i od pocz\u0105tku do ko\u0144ca kursu jest pod opiek\u0105 instruktora prowadz\u0105cego. Ka\u017cda osoba ucz\u0105ca si\u0119 je\u017adzi\u0107 samochodem jest jak sportowiec na treningu indywidualnym.\u2026","rel":"","context":"Podobny wpis","block_context":{"text":"Podobny wpis","link":""},"img":{"alt_text":"","src":"https:\/\/ml4evcqfigri.i.optimole.com\/w:auto\/h:auto\/q:mauto\/f:best\/https:\/\/i0.wp.com\/skawinanaukajazdy.pl\/wp-content\/uploads\/2020\/04\/Ala-i-As-Logo-Red_copy.png?resize=350%2C200","width":350,"height":200},"classes":[]}],"_links":{"self":[{"href":"https:\/\/skawinanaukajazdy.pl\/pl\/wp-json\/wp\/v2\/pages\/1290","targetHints":{"allow":["GET"]}}],"collection":[{"href":"https:\/\/skawinanaukajazdy.pl\/pl\/wp-json\/wp\/v2\/pages"}],"about":[{"href":"https:\/\/skawinanaukajazdy.pl\/pl\/wp-json\/wp\/v2\/types\/page"}],"author":[{"embeddable":true,"href":"https:\/\/skawinanaukajazdy.pl\/pl\/wp-json\/wp\/v2\/users\/1"}],"replies":[{"embeddable":true,"href":"https:\/\/skawinanaukajazdy.pl\/pl\/wp-json\/wp\/v2\/comments?post=1290"}],"version-history":[{"count":115,"href":"https:\/\/skawinanaukajazdy.pl\/pl\/wp-json\/wp\/v2\/pages\/1290\/revisions"}],"predecessor-version":[{"id":3415,"href":"https:\/\/skawinanaukajazdy.pl\/pl\/wp-json\/wp\/v2\/pages\/1290\/revisions\/3415"}],"wp:attachment":[{"href":"https:\/\/skawinanaukajazdy.pl\/pl\/wp-json\/wp\/v2\/media?parent=1290"}],"curies":[{"name":"wp","href":"https:\/\/api.w.org\/{rel}","templated":true}]}}